{"id":773,"date":"2021-01-04T18:51:13","date_gmt":"2021-01-04T18:51:13","guid":{"rendered":"http:\/\/pointmedia.al\/krctdokumentimi\/?page_id=773"},"modified":"2024-12-09T22:35:13","modified_gmt":"2024-12-09T22:35:13","slug":"dokumentovanje","status":"publish","type":"page","link":"https:\/\/krct.org\/dokumentimi\/sr\/dokumentovanje\/","title":{"rendered":"DOKUMENTOVANJE"},"content":{"rendered":"<p>[vc_row miscellaneous=&#8220;true&#8220; gaps=&#8220;remove-gap&#8220; padding=&#8220;no-padding&#8220; remove_bottom=&#8220;remove-bottom&#8220; gray_section=&#8220;dark-gray&#8220; css=&#8220;.vc_custom_1610670142784{padding-top: 60px !important;padding-bottom: 30px !important;background-color: #ededed !important;}&#8220;][vc_column width=&#8220;1\/6&#8243;][\/vc_column][vc_column width=&#8220;2\/3&#8243;][vc_column_text]<\/p>\n<h2 style=\"text-align: center;\"><b>\u201cDokumentovanje zlo\u010dina seksualnog nasilja tokom rata na Kosovu\u201d<\/b><\/h2>\n<p>&nbsp;<\/p>\n<p><span style=\"font-weight: 400;\">KCRPT je prvi put na Kosovu zapo\u010deo sprovo\u0111enje projekta koji ekskluzivno dokumentuje zlo\u010dine seksualnog nasilja tokom rata na Kosovu. Od zavr\u0161etka rata nedostajala je dobro strukturisana baza podataka koja specifi\u010dno dokumentuje ove zlo\u010dine. Kako bi se prevazi\u0161ao ovaj nedostatak, KRCT je uz podr\u0161ku Ambasade \u0160vajcarske 2019. godine zapo\u010deo sprovo\u0111enje projekta \u201ePove\u0107anje anga\u017emana za tranzicionu pravdu na Kosovu kroz dokumentovanje seksualnog nasilja tokom rata\u201c. Ovaj projekat je trajao do aprila 2023. godine, a sada ga podr\u017eavaju <\/span><i><span style=\"font-weight: 400;\">medica mondiale e.V<\/span><\/i><span style=\"font-weight: 400;\">. i BMZ.<\/span><\/p>\n<p><span style=\"font-weight: 400;\">Ovaj proces ima za cilj sveobuhvatno dokumentovanje slu\u010dajeva seksualnog nasilja tokom rata na Kosovu i podizanje svesti javnosti o ovom pitanju.<\/span><\/p>\n<p><span style=\"font-weight: 400;\"><br \/>\n<\/span><span style=\"font-weight: 400;\">Projekat sprovodi KCRPT u partnerstvu sa ovla\u0161\u0107enim nevladinim organizacijama: The Centre for the Promotion of Women\u2019s Rights (CPWR), Medica Kosova i Medica Gjakova.<\/span>[\/vc_column_text][vc_separator color=&#8220;custom&#8220; border_width=&#8220;3&#8243; accent_color=&#8220;#f58434&#8243;][\/vc_column][vc_column width=&#8220;1\/6&#8243;][\/vc_column][\/vc_row][vc_row css=&#8220;.vc_custom_1610670281934{margin-top: 60px !important;margin-bottom: 60px !important;padding-top: 30px !important;padding-bottom: 30px !important;background-color: #ededed !important;}&#8220;][vc_column][vc_column_text]<\/p>\n<p style=\"text-align: center;\"><b>Broj dokumentovanih slu\u010dajeva: <\/b><strong>1300<\/strong><\/p>\n<p style=\"text-align: center;\">Prikupljanje podataka vr\u0161ili su KRCT &#8211; <span style=\"font-weight: 400;\">405<\/span>, i partnerske organizacije: Medica Kosova &#8211; <span style=\"font-weight: 400;\">238<\/span>, KPDG &#8211; <span style=\"font-weight: 400;\">267<\/span>, i <span style=\"font-weight: 400;\">Medica <\/span><span style=\"font-weight: 400;\">Gjakova<\/span> &#8211; <span style=\"font-weight: 400;\">390<\/span>.<\/p>\n<p>[\/vc_column_text][\/vc_column][\/vc_row][vc_row css=&#8220;.vc_custom_1611699045313{margin-top: 0px !important;padding-top: 30px !important;}&#8220;][vc_column width=&#8220;1\/3&#8243;][\/vc_column][vc_column width=&#8220;1\/3&#8243;][vc_column_text]<strong>Ovaj projekat je podr\u017eala:<\/strong>[\/vc_column_text][vc_single_image image=&#8220;1090&#8243; img_size=&#8220;full&#8220;][\/vc_column][vc_column width=&#8220;1\/3&#8243;][\/vc_column][\/vc_row]<\/p>\n","protected":false},"excerpt":{"rendered":"<p>[vc_row miscellaneous=&#8220;true&#8220; gaps=&#8220;remove-gap&#8220; padding=&#8220;no-padding&#8220; remove_bottom=&#8220;remove-bottom&#8220; gray_section=&#8220;dark-gray&#8220; css=&#8220;.vc_custom_1610670142784{padding-top: 60px !important;padding-bottom: 30px !important;background-color: #ededed !important;}&#8220;][vc_column width=&#8220;1\/6&#8243;][\/vc_column][vc_column width=&#8220;2\/3&#8243;][vc_column_text] \u201cDokumentovanje zlo\u010dina seksualnog nasilja tokom rata na Kosovu\u201d &nbsp; KCRPT je prvi put na Kosovu zapo\u010deo sprovo\u0111enje projekta koji ekskluzivno dokumentuje zlo\u010dine seksualnog nasilja tokom rata na Kosovu. Od zavr\u0161etka rata nedostajala je dobro strukturisana baza podataka koja specifi\u010dno dokumentuje [&hellip;]<\/p>\n","protected":false},"author":1,"featured_media":0,"parent":0,"menu_order":2,"comment_status":"closed","ping_status":"closed","template":"tpl-visual_composer.php","meta":[],"_links":{"self":[{"href":"https:\/\/krct.org\/dokumentimi\/sr\/wp-json\/wp\/v2\/pages\/773"}],"collection":[{"href":"https:\/\/krct.org\/dokumentimi\/sr\/wp-json\/wp\/v2\/pages"}],"about":[{"href":"https:\/\/krct.org\/dokumentimi\/sr\/wp-json\/wp\/v2\/types\/page"}],"author":[{"embeddable":true,"href":"https:\/\/krct.org\/dokumentimi\/sr\/wp-json\/wp\/v2\/users\/1"}],"replies":[{"embeddable":true,"href":"https:\/\/krct.org\/dokumentimi\/sr\/wp-json\/wp\/v2\/comments?post=773"}],"version-history":[{"count":22,"href":"https:\/\/krct.org\/dokumentimi\/sr\/wp-json\/wp\/v2\/pages\/773\/revisions"}],"predecessor-version":[{"id":1238,"href":"https:\/\/krct.org\/dokumentimi\/sr\/wp-json\/wp\/v2\/pages\/773\/revisions\/1238"}],"wp:attachment":[{"href":"https:\/\/krct.org\/dokumentimi\/sr\/wp-json\/wp\/v2\/media?parent=773"}],"curies":[{"name":"wp","href":"https:\/\/api.w.org\/{rel}","templated":true}]}}