{"id":837,"date":"2020-12-22T19:43:42","date_gmt":"2020-12-22T19:43:42","guid":{"rendered":"http:\/\/pointmedia.al\/krctdokumentimi\/seksioni-a\/"},"modified":"2024-12-11T00:24:24","modified_gmt":"2024-12-11T00:24:24","slug":"deo-a","status":"publish","type":"page","link":"https:\/\/krct.org\/dokumentimi\/sr\/deo-a\/","title":{"rendered":"Deo A"},"content":{"rendered":"<p>[vc_row css=&#8220;.vc_custom_1610670483321{padding-top: 60px !important;padding-bottom: 30px !important;background-color: #ededed !important;}&#8220;][vc_column el_class=&#8220;Gjinia e viktimave t\u00eb dhun\u00ebs seksuale&#8220;][vc_column_text]<\/p>\n<h2 style=\"text-align: center;\"><b>Op\u0161ti podaci<\/b><br \/>\n<strong>(Deo\u00a0A)<\/strong><\/h2>\n<p>[\/vc_column_text][vc_separator color=&#8220;custom&#8220; border_width=&#8220;3&#8243; accent_color=&#8220;#f58434&#8243;][\/vc_column][\/vc_row][vc_row css=&#8220;.vc_custom_1608070555890{background-color: #ffffff !important;}&#8220;][vc_column width=&#8220;1\/2&#8243; el_class=&#8220;Gjinia e viktimave t\u00eb dhun\u00ebs seksuale&#8220;][vc_tta_tabs][vc_tta_section title=&#8220;Pol&#8220; tab_id=&#8220;1608070512224-3451a0e0-3fcf&#8220;][vc_column_text]<\/p>\n<table dir=\"ltr\" border=\"1\" cellspacing=\"0\" cellpadding=\"0\">\n<colgroup>\n<col width=\"193\" \/>\n<col width=\"193\" \/><\/colgroup>\n<tbody>\n<tr>\n<td colspan=\"2\" rowspan=\"1\" data-sheets-value=\"{&quot;1&quot;:2,&quot;2&quot;:&quot;Gjinia e viktimave t\u00eb dhun\u00ebs seksuale&quot;}\"><strong>Pol<\/strong><\/td>\n<\/tr>\n<tr>\n<td data-sheets-value=\"{&quot;1&quot;:2,&quot;2&quot;:&quot;Fem\u00ebr &quot;}\"><span style=\"font-weight: 400;\">\u017denski<\/span><\/td>\n<td data-sheets-value=\"{&quot;1&quot;:3,&quot;3&quot;:316}\"><span style=\"font-weight: 400;\">1212<\/span><\/td>\n<\/tr>\n<tr>\n<td data-sheets-value=\"{&quot;1&quot;:2,&quot;2&quot;:&quot;Mashkull&quot;}\"><span style=\"font-weight: 400;\">Mu\u0161ki<\/span><\/td>\n<td data-sheets-value=\"{&quot;1&quot;:3,&quot;3&quot;:20}\">88<\/td>\n<\/tr>\n<\/tbody>\n<\/table>\n<p>[\/vc_column_text][\/vc_tta_section][vc_tta_section title=&#8220;Mesto boravka&#8220; tab_id=&#8220;1608070512289-ab5b9de6-f55d&#8220;][vc_column_text]<\/p>\n<table dir=\"ltr\" border=\"1\" cellspacing=\"0\" cellpadding=\"0\">\n<colgroup>\n<col width=\"193\" \/>\n<col width=\"193\" \/><\/colgroup>\n<tbody>\n<tr>\n<td colspan=\"2\" rowspan=\"1\" data-sheets-value=\"{&quot;1&quot;:2,&quot;2&quot;:&quot;Vendbanimi i viktimave t\u00eb dhun\u00ebs seksuale&quot;}\"><strong>Mesto boravka<\/strong><\/td>\n<\/tr>\n<tr>\n<td data-sheets-value=\"{&quot;1&quot;:2,&quot;2&quot;:&quot;Fshat&quot;}\"><span style=\"font-weight: 400;\">Selo<\/span><\/td>\n<td data-sheets-value=\"{&quot;1&quot;:3,&quot;3&quot;:200}\"><span style=\"font-weight: 400;\">753<\/span><\/td>\n<\/tr>\n<tr>\n<td data-sheets-value=\"{&quot;1&quot;:2,&quot;2&quot;:&quot;Qytet&quot;}\">Grad<\/td>\n<td data-sheets-value=\"{&quot;1&quot;:3,&quot;3&quot;:136}\"><span style=\"font-weight: 400;\">547<\/span><\/td>\n<\/tr>\n<\/tbody>\n<\/table>\n<p>[\/vc_column_text][\/vc_tta_section][\/vc_tta_tabs][\/vc_column][vc_column width=&#8220;1\/2&#8243;][vc_tta_tabs active_section=&#8220;1&#8243;][vc_tta_section title=&#8220;Etni\u010dka pripadnost&#8220; tab_id=&#8220;1608070512454-a1996ab4-4fa7&#8243;][vc_column_text]<\/p>\n<table dir=\"ltr\" border=\"1\" cellspacing=\"0\" cellpadding=\"0\">\n<colgroup>\n<col width=\"330\" \/>\n<col width=\"85\" \/><\/colgroup>\n<tbody>\n<tr>\n<td colspan=\"2\" rowspan=\"1\" data-sheets-value=\"{&quot;1&quot;:2,&quot;2&quot;:&quot;P\u00ebrkat\u00ebsia etnike e viktim\u00ebs&quot;}\"><b>Etni<\/b><b>\u010d<\/b><b>ka pripadnost<\/b><\/td>\n<\/tr>\n<tr>\n<td data-sheets-value=\"{&quot;1&quot;:2,&quot;2&quot;:&quot;Shqiptar\/e&quot;}\"><span style=\"font-weight: 400;\">Albanska<\/span><\/td>\n<td data-sheets-value=\"{&quot;1&quot;:3,&quot;3&quot;:317}\"><span style=\"font-weight: 400;\">1245<\/span><\/td>\n<\/tr>\n<tr>\n<td data-sheets-value=\"{&quot;1&quot;:2,&quot;2&quot;:&quot;Boshnjak\/e&quot;}\"><span style=\"font-weight: 400;\">Serb<\/span><\/td>\n<td data-sheets-value=\"{&quot;1&quot;:3,&quot;3&quot;:5}\">1<\/td>\n<\/tr>\n<tr>\n<td data-sheets-value=\"{&quot;1&quot;:2,&quot;2&quot;:&quot;Rom\/e&quot;}\"><span style=\"font-weight: 400;\">Turk<\/span><\/td>\n<td data-sheets-value=\"{&quot;1&quot;:3,&quot;3&quot;:11}\">&#8211;<\/td>\n<\/tr>\n<tr>\n<td data-sheets-value=\"{&quot;1&quot;:2,&quot;2&quot;:&quot;Ashkali\/e&quot;}\"><span style=\"font-weight: 400;\">Bosanska<\/span><\/td>\n<td data-sheets-value=\"{&quot;1&quot;:3,&quot;3&quot;:2}\">6<\/td>\n<\/tr>\n<tr>\n<td data-sheets-value=\"{&quot;1&quot;:2,&quot;2&quot;:&quot;Ashkali\/e&quot;}\"><span style=\"font-weight: 400;\">Romska<\/span><\/td>\n<td data-sheets-value=\"{&quot;1&quot;:3,&quot;3&quot;:2}\">33<\/td>\n<\/tr>\n<tr>\n<td data-sheets-value=\"{&quot;1&quot;:2,&quot;2&quot;:&quot;Ashkali\/e&quot;}\"><span style=\"font-weight: 400;\">A\u0161kalijska<\/span><\/td>\n<td data-sheets-value=\"{&quot;1&quot;:3,&quot;3&quot;:2}\">13<\/td>\n<\/tr>\n<tr>\n<td data-sheets-value=\"{&quot;1&quot;:2,&quot;2&quot;:&quot;Ashkali\/e&quot;}\"><span style=\"font-weight: 400;\">Egipatska<\/span><\/td>\n<td data-sheets-value=\"{&quot;1&quot;:3,&quot;3&quot;:2}\">2<\/td>\n<\/tr>\n<tr>\n<td data-sheets-value=\"{&quot;1&quot;:2,&quot;2&quot;:&quot;Egjiptas\/e&quot;}\"><span style=\"font-weight: 400;\">Goran<\/span><\/td>\n<td data-sheets-value=\"{&quot;1&quot;:3,&quot;3&quot;:1}\">&#8211;<\/td>\n<\/tr>\n<tr>\n<td data-sheets-value=\"{&quot;1&quot;:2,&quot;2&quot;:&quot;Egjiptas\/e&quot;}\"><span style=\"font-weight: 400;\">Drugo<\/span><\/td>\n<td data-sheets-value=\"{&quot;1&quot;:3,&quot;3&quot;:1}\">&#8211;<\/td>\n<\/tr>\n<\/tbody>\n<\/table>\n<p>[\/vc_column_text][\/vc_tta_section][vc_tta_section title=&#8220;Vjerska pripadnost&#8220; tab_id=&#8220;1608070512513-ccb58b32-caae&#8220;][vc_column_text]<\/p>\n<table dir=\"ltr\" border=\"1\" cellspacing=\"0\" cellpadding=\"0\">\n<colgroup>\n<col width=\"330\" \/>\n<col width=\"85\" \/><\/colgroup>\n<tbody>\n<tr>\n<td colspan=\"2\" rowspan=\"1\" data-sheets-value=\"{&quot;1&quot;:2,&quot;2&quot;:&quot;P\u00ebrkat\u00ebsia fetare e viktim\u00ebs&quot;}\"><strong>Vjerska pripadnost<\/strong><\/td>\n<\/tr>\n<tr>\n<td data-sheets-value=\"{&quot;1&quot;:2,&quot;2&quot;:&quot;Islam\/e&quot;}\"><span style=\"font-weight: 400;\">Islamska<\/span><\/td>\n<td data-sheets-value=\"{&quot;1&quot;:3,&quot;3&quot;:333}\"><span style=\"font-weight: 400;\">1280<\/span><\/td>\n<\/tr>\n<tr>\n<td data-sheets-value=\"{&quot;1&quot;:2,&quot;2&quot;:&quot;Katolik\/e&quot;}\"><span style=\"font-weight: 400;\">Katoli\u010dka vjera \/ katolik<\/span><\/td>\n<td data-sheets-value=\"{&quot;1&quot;:3,&quot;3&quot;:3}\">19<\/td>\n<\/tr>\n<tr>\n<td data-sheets-value=\"{&quot;1&quot;:2,&quot;2&quot;:&quot;Katolik\/e&quot;}\"><span style=\"font-weight: 400;\">Pravoslavna<\/span><\/td>\n<td data-sheets-value=\"{&quot;1&quot;:3,&quot;3&quot;:3}\">1<\/td>\n<\/tr>\n<tr>\n<td data-sheets-value=\"{&quot;1&quot;:2,&quot;2&quot;:&quot;Katolik\/e&quot;}\"><span style=\"font-weight: 400;\">Drugo<\/span><\/td>\n<td data-sheets-value=\"{&quot;1&quot;:3,&quot;3&quot;:3}\">&#8211;<\/td>\n<\/tr>\n<\/tbody>\n<\/table>\n<p>[\/vc_column_text][\/vc_tta_section][\/vc_tta_tabs][\/vc_column][\/vc_row][vc_row css=&#8220;.vc_custom_1610670611921{margin-bottom: 60px !important;padding-top: 60px !important;padding-bottom: 60px !important;background-color: #ededed !important;}&#8220;][vc_column width=&#8220;1\/6&#8243;][\/vc_column][vc_column width=&#8220;2\/3&#8243;][vc_column_text]<\/p>\n<table dir=\"ltr\" style=\"height: 54px;\" border=\"1\" width=\"388\" cellspacing=\"0\" cellpadding=\"0\">\n<colgroup>\n<col width=\"193\" \/>\n<col width=\"193\" \/><\/colgroup>\n<tbody>\n<tr>\n<td colspan=\"2\" rowspan=\"1\" data-sheets-value=\"{&quot;1&quot;:2,&quot;2&quot;:&quot;Shtet\u00ebsia e viktimave t\u00eb dhun\u00ebs seksuale&quot;}\"><strong>Dr\u017eavljanstvo<\/strong><\/td>\n<\/tr>\n<tr>\n<td data-sheets-value=\"{&quot;1&quot;:2,&quot;2&quot;:&quot;E Kosov\u00ebs&quot;}\"><span style=\"font-weight: 400;\">Kosovsko<\/span><\/td>\n<td data-sheets-value=\"{&quot;1&quot;:3,&quot;3&quot;:336}\"><span style=\"font-weight: 400;\">1285<\/span><\/td>\n<\/tr>\n<tr>\n<td data-sheets-value=\"{&quot;1&quot;:2,&quot;2&quot;:&quot;E Kosov\u00ebs&quot;}\"><span style=\"font-weight: 400;\">Albansko<\/span><\/td>\n<td data-sheets-value=\"{&quot;1&quot;:3,&quot;3&quot;:336}\"><span style=\"font-weight: 400;\">13<\/span><\/td>\n<\/tr>\n<tr>\n<td data-sheets-value=\"{&quot;1&quot;:2,&quot;2&quot;:&quot;E Kosov\u00ebs&quot;}\"><span style=\"font-weight: 400;\">Drugo<\/span><\/td>\n<td data-sheets-value=\"{&quot;1&quot;:3,&quot;3&quot;:336}\">2<\/td>\n<\/tr>\n<\/tbody>\n<\/table>\n<p>[\/vc_column_text][\/vc_column][vc_column width=&#8220;1\/6&#8243;][\/vc_column][\/vc_row][vc_row css=&#8220;.vc_custom_1608070585045{padding-top: 30px !important;background-color: #ffffff !important;}&#8220;][vc_column width=&#8220;1\/2&#8243;][vc_column_text]<\/p>\n<table dir=\"ltr\" border=\"1\" cellspacing=\"0\" cellpadding=\"0\">\n<colgroup>\n<col width=\"330\" \/>\n<col width=\"85\" \/><\/colgroup>\n<tbody>\n<tr>\n<td colspan=\"2\" rowspan=\"1\" data-sheets-value=\"{&quot;1&quot;:2,&quot;2&quot;:&quot;Statusi civil i viktim\u00ebs (aktualisht)&quot;}\"><strong>Civilni status<\/strong><\/td>\n<\/tr>\n<tr>\n<td data-sheets-value=\"{&quot;1&quot;:2,&quot;2&quot;:&quot;I\/e pamartuar&quot;}\"><span style=\"font-weight: 400;\">Neven\u010dan\/a<\/span><\/td>\n<td data-sheets-value=\"{&quot;1&quot;:3,&quot;3&quot;:17}\"><span style=\"font-weight: 400;\">86<\/span><\/td>\n<\/tr>\n<tr>\n<td data-sheets-value=\"{&quot;1&quot;:2,&quot;2&quot;:&quot;I\/e martuar&quot;}\"><span style=\"font-weight: 400;\">Ven\u010dan\/a<\/span><\/td>\n<td data-sheets-value=\"{&quot;1&quot;:3,&quot;3&quot;:251}\"><span style=\"font-weight: 400;\">979<\/span><\/td>\n<\/tr>\n<tr>\n<td data-sheets-value=\"{&quot;1&quot;:2,&quot;2&quot;:&quot;I\/e shkuror\u00ebzuar&quot;}\"><span style=\"font-weight: 400;\">Razveden\/a<\/span><\/td>\n<td data-sheets-value=\"{&quot;1&quot;:3,&quot;3&quot;:24}\"><span style=\"font-weight: 400;\">94<\/span><\/td>\n<\/tr>\n<tr>\n<td data-sheets-value=\"{&quot;1&quot;:2,&quot;2&quot;:&quot;I\/e fejuar&quot;}\"><span style=\"font-weight: 400;\">Zaru\u010den\/a<\/span><\/td>\n<td data-sheets-value=\"{&quot;1&quot;:2,&quot;2&quot;:&quot;-&quot;}\">&#8211;<\/td>\n<\/tr>\n<tr>\n<td data-sheets-value=\"{&quot;1&quot;:2,&quot;2&quot;:&quot;N\u00eb bashk\u00ebjetes\u00eb&quot;}\"><span style=\"font-weight: 400;\">\u017divim zajedno sa partnerom\/ partnericom<\/span><\/td>\n<td data-sheets-value=\"{&quot;1&quot;:3,&quot;3&quot;:1}\">5<\/td>\n<\/tr>\n<tr>\n<td data-sheets-value=\"{&quot;1&quot;:2,&quot;2&quot;:&quot;I\/e ve&quot;}\"><span style=\"font-weight: 400;\">Udovac\/ udovica<\/span><\/td>\n<td data-sheets-value=\"{&quot;1&quot;:3,&quot;3&quot;:43}\">136<\/td>\n<\/tr>\n<tr>\n<td data-sheets-value=\"{&quot;1&quot;:2,&quot;2&quot;:&quot;Tjet\u00ebr&quot;}\"><span style=\"font-weight: 400;\">Drugo<\/span><\/td>\n<td data-sheets-value=\"{&quot;1&quot;:2,&quot;2&quot;:&quot;-&quot;}\">&#8211;<\/td>\n<\/tr>\n<\/tbody>\n<\/table>\n<p>[\/vc_column_text][\/vc_column][vc_column width=&#8220;1\/2&#8243;][vc_column_text]<\/p>\n<table dir=\"ltr\" border=\"1\" cellspacing=\"0\" cellpadding=\"0\">\n<colgroup>\n<col width=\"330\" \/>\n<col width=\"85\" \/><\/colgroup>\n<tbody>\n<tr>\n<td colspan=\"2\" rowspan=\"1\" data-sheets-value=\"{&quot;1&quot;:2,&quot;2&quot;:&quot;Statusi i pun\u00ebsimit t\u00eb viktim\u00ebs&quot;}\"><strong>Status zaposlenja<\/strong><\/td>\n<\/tr>\n<tr>\n<td data-sheets-value=\"{&quot;1&quot;:2,&quot;2&quot;:&quot;I\/e pun\u00ebsuar&quot;}\"><span style=\"font-weight: 400;\">Zaposlen\/a<\/span><\/td>\n<td data-sheets-value=\"{&quot;1&quot;:3,&quot;3&quot;:44}\"><span style=\"font-weight: 400;\">214<\/span><\/td>\n<\/tr>\n<tr>\n<td data-sheets-value=\"{&quot;1&quot;:2,&quot;2&quot;:&quot;I\/e vet\u00ebpun\u00ebsuar&quot;}\"><span style=\"font-weight: 400;\">Samozaposlen\/a<\/span><\/td>\n<td data-sheets-value=\"{&quot;1&quot;:3,&quot;3&quot;:8}\"><span style=\"font-weight: 400;\">85<\/span><\/td>\n<\/tr>\n<tr>\n<td data-sheets-value=\"{&quot;1&quot;:2,&quot;2&quot;:&quot;I\/e papun\u00eb&quot;}\"><span style=\"font-weight: 400;\">Nezaposlen\/a<\/span><\/td>\n<td data-sheets-value=\"{&quot;1&quot;:3,&quot;3&quot;:276}\"><span style=\"font-weight: 400;\">979<\/span><\/td>\n<\/tr>\n<tr>\n<td data-sheets-value=\"{&quot;1&quot;:2,&quot;2&quot;:&quot;Student\/e&quot;}\"><span style=\"font-weight: 400;\">Student\/ ica<\/span><\/td>\n<td data-sheets-value=\"{&quot;1&quot;:2,&quot;2&quot;:&quot;-&quot;}\">&#8211;<\/td>\n<\/tr>\n<tr>\n<td data-sheets-value=\"{&quot;1&quot;:2,&quot;2&quot;:&quot;Pensionist\/e&quot;}\"><span style=\"font-weight: 400;\">Pensionista<\/span><\/td>\n<td data-sheets-value=\"{&quot;1&quot;:3,&quot;3&quot;:4}\">10<\/td>\n<\/tr>\n<tr>\n<td data-sheets-value=\"{&quot;1&quot;:2,&quot;2&quot;:&quot;Tjet\u00ebr&quot;}\">Drugo<\/td>\n<td data-sheets-value=\"{&quot;1&quot;:3,&quot;3&quot;:1}\">4<\/td>\n<\/tr>\n<\/tbody>\n<\/table>\n<p>[\/vc_column_text][\/vc_column][\/vc_row]<\/p>\n","protected":false},"excerpt":{"rendered":"<p>[vc_row css=&#8220;.vc_custom_1610670483321{padding-top: 60px !important;padding-bottom: 30px !important;background-color: #ededed !important;}&#8220;][vc_column el_class=&#8220;Gjinia e viktimave t\u00eb dhun\u00ebs seksuale&#8220;][vc_column_text] Op\u0161ti podaci (Deo\u00a0A) [\/vc_column_text][vc_separator color=&#8220;custom&#8220; border_width=&#8220;3&#8243; accent_color=&#8220;#f58434&#8243;][\/vc_column][\/vc_row][vc_row css=&#8220;.vc_custom_1608070555890{background-color: #ffffff !important;}&#8220;][vc_column width=&#8220;1\/2&#8243; el_class=&#8220;Gjinia e viktimave t\u00eb dhun\u00ebs seksuale&#8220;][vc_tta_tabs][vc_tta_section title=&#8220;Pol&#8220; tab_id=&#8220;1608070512224-3451a0e0-3fcf&#8220;][vc_column_text] Pol \u017denski 1212 Mu\u0161ki 88 [\/vc_column_text][\/vc_tta_section][vc_tta_section title=&#8220;Mesto boravka&#8220; tab_id=&#8220;1608070512289-ab5b9de6-f55d&#8220;][vc_column_text] Mesto boravka Selo 753 Grad 547 [\/vc_column_text][\/vc_tta_section][\/vc_tta_tabs][\/vc_column][vc_column width=&#8220;1\/2&#8243;][vc_tta_tabs active_section=&#8220;1&#8243;][vc_tta_section title=&#8220;Etni\u010dka pripadnost&#8220; tab_id=&#8220;1608070512454-a1996ab4-4fa7&#8243;][vc_column_text] Etni\u010dka [&hellip;]<\/p>\n","protected":false},"author":1,"featured_media":0,"parent":0,"menu_order":2,"comment_status":"closed","ping_status":"closed","template":"tpl-visual_composer.php","meta":[],"_links":{"self":[{"href":"https:\/\/krct.org\/dokumentimi\/sr\/wp-json\/wp\/v2\/pages\/837"}],"collection":[{"href":"https:\/\/krct.org\/dokumentimi\/sr\/wp-json\/wp\/v2\/pages"}],"about":[{"href":"https:\/\/krct.org\/dokumentimi\/sr\/wp-json\/wp\/v2\/types\/page"}],"author":[{"embeddable":true,"href":"https:\/\/krct.org\/dokumentimi\/sr\/wp-json\/wp\/v2\/users\/1"}],"replies":[{"embeddable":true,"href":"https:\/\/krct.org\/dokumentimi\/sr\/wp-json\/wp\/v2\/comments?post=837"}],"version-history":[{"count":14,"href":"https:\/\/krct.org\/dokumentimi\/sr\/wp-json\/wp\/v2\/pages\/837\/revisions"}],"predecessor-version":[{"id":1263,"href":"https:\/\/krct.org\/dokumentimi\/sr\/wp-json\/wp\/v2\/pages\/837\/revisions\/1263"}],"wp:attachment":[{"href":"https:\/\/krct.org\/dokumentimi\/sr\/wp-json\/wp\/v2\/media?parent=837"}],"curies":[{"name":"wp","href":"https:\/\/api.w.org\/{rel}","templated":true}]}}