{"id":847,"date":"2020-12-22T19:46:05","date_gmt":"2020-12-22T19:46:05","guid":{"rendered":"http:\/\/pointmedia.al\/krctdokumentimi\/seksioni-c\/"},"modified":"2024-12-15T15:04:49","modified_gmt":"2024-12-15T15:04:49","slug":"deo-c","status":"publish","type":"page","link":"https:\/\/krct.org\/dokumentimi\/sr\/deo-c\/","title":{"rendered":"Deo C"},"content":{"rendered":"<p>[vc_section][vc_row css=&#8220;.vc_custom_1610748433500{padding-top: 60px !important;padding-bottom: 30px !important;background-color: #ededed !important;}&#8220;][vc_column el_class=&#8220;Gjinia e viktimave t\u00eb dhun\u00ebs seksuale&#8220;][vc_column_text]<\/p>\n<h2 style=\"padding-left: 80px; text-align: center;\"><b>Na\u010dini i oblici\/ vrste silovanja<\/b><\/h2>\n<h2 style=\"padding-left: 80px; text-align: center;\"><strong>(Deo C)<\/strong><\/h2>\n<p>[\/vc_column_text][vc_separator color=&#8220;custom&#8220; border_width=&#8220;3&#8243; accent_color=&#8220;#f58434&#8243;][\/vc_column][\/vc_row][vc_row css=&#8220;.vc_custom_1610748536507{padding-bottom: 30px !important;}&#8220;][vc_column width=&#8220;1\/2&#8243;][vc_column_text]<\/p>\n<table dir=\"ltr\" border=\"1\" cellspacing=\"0\" cellpadding=\"0\">\n<colgroup>\n<col width=\"330\" \/>\n<col width=\"85\" \/><\/colgroup>\n<tbody>\n<tr>\n<td colspan=\"2\" rowspan=\"1\" data-sheets-value=\"{&quot;1&quot;:2,&quot;2&quot;:&quot;Lloji i dhun\u00ebs seksuale&quot;}\"><strong>Vrsta seksualnog nasilja<\/strong><\/td>\n<\/tr>\n<tr>\n<td data-sheets-value=\"{&quot;1&quot;:2,&quot;2&quot;:&quot;Dhunim&quot;}\"><span style=\"font-weight: 400;\">Silovanje<\/span><\/td>\n<td data-sheets-value=\"{&quot;1&quot;:3,&quot;3&quot;:331}\"><span style=\"font-weight: 400;\">1280<\/span><\/td>\n<\/tr>\n<tr>\n<td data-sheets-value=\"{&quot;1&quot;:2,&quot;2&quot;:&quot;Skllav\u00ebria seksuale&quot;}\"><span style=\"font-weight: 400;\">Seksualno ropstvo<\/span><\/td>\n<td data-sheets-value=\"{&quot;1&quot;:3,&quot;3&quot;:18}\"><span style=\"font-weight: 400;\">34<\/span><\/td>\n<\/tr>\n<tr>\n<td data-sheets-value=\"{&quot;1&quot;:2,&quot;2&quot;:&quot;Prostitucioni i detyruar&quot;}\"><span style=\"font-weight: 400;\">Prisiljenost na prostituciju<\/span><\/td>\n<td data-sheets-value=\"{&quot;1&quot;:2,&quot;2&quot;:&quot;--&quot;}\">&#8211;<\/td>\n<\/tr>\n<tr>\n<td data-sheets-value=\"{&quot;1&quot;:2,&quot;2&quot;:&quot;Shtat\u00ebzani me dhun\u00eb&quot;}\"><span style=\"font-weight: 400;\">Nasilna trudno\u0107a<\/span><\/td>\n<td data-sheets-value=\"{&quot;1&quot;:3,&quot;3&quot;:4}\">6<\/td>\n<\/tr>\n<tr>\n<td data-sheets-value=\"{&quot;1&quot;:2,&quot;2&quot;:&quot;Sterilizimi i detyruar&quot;}\"><span style=\"font-weight: 400;\">Prisilna sterilizacija<\/span><\/td>\n<td data-sheets-value=\"{&quot;1&quot;:2,&quot;2&quot;:&quot;--&quot;}\">&#8211;<\/td>\n<\/tr>\n<tr>\n<td data-sheets-value=\"{&quot;1&quot;:2,&quot;2&quot;:&quot;Abortimi i detyruar&quot;}\"><span style=\"font-weight: 400;\">Prisilni abort<\/span><\/td>\n<td data-sheets-value=\"{&quot;1&quot;:3,&quot;3&quot;:5}\">14<\/td>\n<\/tr>\n<tr>\n<td data-sheets-value=\"{&quot;1&quot;:2,&quot;2&quot;:&quot;Lakuriq\u00ebsi e detyruar&quot;}\"><span style=\"font-weight: 400;\">Prisilno svla\u0107enje<\/span><\/td>\n<td data-sheets-value=\"{&quot;1&quot;:3,&quot;3&quot;:97}\">167<\/td>\n<\/tr>\n<tr>\n<td data-sheets-value=\"{&quot;1&quot;:2,&quot;2&quot;:&quot;Gjymtim gjenital&quot;}\"><span style=\"font-weight: 400;\">Osaka\u0107ivanje genitalija<\/span><\/td>\n<td data-sheets-value=\"{&quot;1&quot;:3,&quot;3&quot;:69}\">92<\/td>\n<\/tr>\n<tr>\n<td data-sheets-value=\"{&quot;1&quot;:2,&quot;2&quot;:&quot;Form\u00eb tjet\u00ebr e dhun\u00ebs seksuale&quot;}\"><span style=\"font-weight: 400;\">Drugi oblik \/ vrsta seksualnog nasilja<\/span><\/td>\n<td data-sheets-value=\"{&quot;1&quot;:3,&quot;3&quot;:8}\">24<\/td>\n<\/tr>\n<\/tbody>\n<\/table>\n<p>[\/vc_column_text][\/vc_column][vc_column width=&#8220;1\/2&#8243;][vc_column_text]<\/p>\n<table dir=\"ltr\" border=\"1\" cellspacing=\"0\" cellpadding=\"0\">\n<colgroup>\n<col width=\"330\" \/>\n<col width=\"85\" \/><\/colgroup>\n<tbody>\n<tr>\n<td colspan=\"2\" rowspan=\"1\" data-sheets-value=\"{&quot;1&quot;:2,&quot;2&quot;:&quot;A ka qen\u00eb m\u00eb shum\u00eb se nj\u00eb dhunues &quot;}\"><strong>Da li je bilo vi\u0161e nasilnika\/ silovatelja <\/strong><\/td>\n<\/tr>\n<tr>\n<td data-sheets-value=\"{&quot;1&quot;:2,&quot;2&quot;:&quot;Ka qen\u00eb vet\u00ebm nj\u00eb&quot;}\"><span style=\"font-weight: 400;\">Bio je samo jedan<\/span><\/td>\n<td data-sheets-value=\"{&quot;1&quot;:3,&quot;3&quot;:102}\"><span style=\"font-weight: 400;\">388<\/span><\/td>\n<\/tr>\n<tr>\n<td data-sheets-value=\"{&quot;1&quot;:2,&quot;2&quot;:&quot;Kan\u00eb qen\u00eb m\u00eb shum\u00eb se nj\u00eb&quot;}\"><span style=\"font-weight: 400;\">Bilo ih je vi\u0161e od jednog<\/span><\/td>\n<td data-sheets-value=\"{&quot;1&quot;:3,&quot;3&quot;:227}\"><span style=\"font-weight: 400;\">880<\/span><\/td>\n<\/tr>\n<tr>\n<td data-sheets-value=\"{&quot;1&quot;:2,&quot;2&quot;:&quot;Tjet\u00ebr&quot;}\">Drugo<\/td>\n<td data-sheets-value=\"{&quot;1&quot;:3,&quot;3&quot;:7}\"><span style=\"font-weight: 400;\">32<\/span><\/td>\n<\/tr>\n<\/tbody>\n<\/table>\n<p>[\/vc_column_text][\/vc_column][\/vc_row][\/vc_section][vc_row css=&#8220;.vc_custom_1610748503225{padding-top: 30px !important;padding-bottom: 30px !important;}&#8220;][vc_column][vc_tta_tabs active_section=&#8220;1&#8243; title=&#8220;Identitet i Etni\u010dka pripadnost po\u010dinioca&#8220;][vc_tta_section title=&#8220;Identitet po\u010dinioca&#8220; tab_id=&#8220;1608641861056-9f81ece6-87ee&#8220;][vc_column_text]<\/p>\n<table dir=\"ltr\" border=\"1\" cellspacing=\"0\" cellpadding=\"0\">\n<colgroup>\n<col width=\"330\" \/>\n<col width=\"85\" \/><\/colgroup>\n<tbody>\n<tr>\n<td data-sheets-value=\"{&quot;1&quot;:2,&quot;2&quot;:&quot;I panjohur&quot;}\"><span style=\"font-weight: 400;\">Poznat<\/span><\/td>\n<td data-sheets-value=\"{&quot;1&quot;:3,&quot;3&quot;:288}\"><span style=\"font-weight: 400;\">104<\/span><\/td>\n<\/tr>\n<tr>\n<td data-sheets-value=\"{&quot;1&quot;:2,&quot;2&quot;:&quot;I panjohur&quot;}\"><span style=\"font-weight: 400;\">Nepoznat<\/span><\/td>\n<td data-sheets-value=\"{&quot;1&quot;:3,&quot;3&quot;:288}\"><span style=\"font-weight: 400;\">1110<\/span><\/td>\n<\/tr>\n<tr>\n<td data-sheets-value=\"{&quot;1&quot;:2,&quot;2&quot;:&quot;I pa identifikuesh\u00ebm&quot;}\"><span style=\"font-weight: 400;\">Neidentificiran<\/span><\/td>\n<td data-sheets-value=\"{&quot;1&quot;:3,&quot;3&quot;:18}\"><span style=\"font-weight: 400;\">86<\/span><\/td>\n<\/tr>\n<tr>\n<td data-sheets-value=\"{&quot;1&quot;:2,&quot;2&quot;:&quot;Tjet\u00ebr&quot;}\">Drugo<\/td>\n<td data-sheets-value=\"{&quot;1&quot;:2,&quot;2&quot;:&quot;-&quot;}\">&#8211;<\/td>\n<\/tr>\n<\/tbody>\n<\/table>\n<p>[\/vc_column_text][\/vc_tta_section][vc_tta_section title=&#8220;Etni\u010dka pripadnost po\u010dinioca&#8220; tab_id=&#8220;1608641861119-dc0c5f7a-3c90&#8243;][vc_column_text]<\/p>\n<table dir=\"ltr\" border=\"1\" cellspacing=\"0\" cellpadding=\"0\">\n<colgroup>\n<col width=\"330\" \/>\n<col width=\"85\" \/><\/colgroup>\n<tbody>\n<tr>\n<td data-sheets-value=\"{&quot;1&quot;:2,&quot;2&quot;:&quot;Serb\/e&quot;}\"><span style=\"font-weight: 400;\">Srbin<\/span><\/td>\n<td data-sheets-value=\"{&quot;1&quot;:3,&quot;3&quot;:329}\"><span style=\"font-weight: 400;\">1280<\/span><\/td>\n<\/tr>\n<tr>\n<td data-sheets-value=\"{&quot;1&quot;:2,&quot;2&quot;:&quot;Shqiptar\/e&quot;}\"><span style=\"font-weight: 400;\">Albanac<\/span><\/td>\n<td data-sheets-value=\"{&quot;1&quot;:3,&quot;3&quot;:7}\">17<\/td>\n<\/tr>\n<tr>\n<td data-sheets-value=\"{&quot;1&quot;:2,&quot;2&quot;:&quot;Boshnjak\/e&quot;}\">Bosnac<\/td>\n<td data-sheets-value=\"{&quot;1&quot;:3,&quot;3&quot;:1}\">1<\/td>\n<\/tr>\n<tr>\n<td data-sheets-value=\"{&quot;1&quot;:2,&quot;2&quot;:&quot;Turk\/e&quot;}\"><span style=\"font-weight: 400;\">Tur<\/span><span style=\"font-weight: 400;\">\u010d<\/span><span style=\"font-weight: 400;\">in <\/span><\/td>\n<td data-sheets-value=\"{&quot;1&quot;:2,&quot;2&quot;:&quot;-&quot;}\">&#8211;<\/td>\n<\/tr>\n<tr>\n<td data-sheets-value=\"{&quot;1&quot;:2,&quot;2&quot;:&quot;Rom\/e&quot;}\">Roma<\/td>\n<td data-sheets-value=\"{&quot;1&quot;:3,&quot;3&quot;:8}\">22<\/td>\n<\/tr>\n<tr>\n<td data-sheets-value=\"{&quot;1&quot;:2,&quot;2&quot;:&quot;Ashkali\/e&quot;}\"><span style=\"font-weight: 400;\">A\u0161kalija<\/span><\/td>\n<td data-sheets-value=\"{&quot;1&quot;:3,&quot;3&quot;:5}\">9<\/td>\n<\/tr>\n<tr>\n<td data-sheets-value=\"{&quot;1&quot;:2,&quot;2&quot;:&quot;Egjiptas\/e&quot;}\"><span style=\"font-weight: 400;\">Egip\u0107anin<\/span><\/td>\n<td data-sheets-value=\"{&quot;1&quot;:3,&quot;3&quot;:1}\">2<\/td>\n<\/tr>\n<tr>\n<td data-sheets-value=\"{&quot;1&quot;:2,&quot;2&quot;:&quot;Goran\/e&quot;}\">Goran<\/td>\n<td data-sheets-value=\"{&quot;1&quot;:2,&quot;2&quot;:&quot;-&quot;}\">&#8211;<\/td>\n<\/tr>\n<tr>\n<td data-sheets-value=\"{&quot;1&quot;:2,&quot;2&quot;:&quot;Nuk dihet&quot;}\"><span style=\"font-weight: 400;\">Nije poznato<\/span><\/td>\n<td data-sheets-value=\"{&quot;1&quot;:2,&quot;2&quot;:&quot;-&quot;}\">2<\/td>\n<\/tr>\n<tr>\n<td data-sheets-value=\"{&quot;1&quot;:2,&quot;2&quot;:&quot;Tjet\u00ebr&quot;}\">Drugo<\/td>\n<td data-sheets-value=\"{&quot;1&quot;:3,&quot;3&quot;:6}\">9<\/td>\n<\/tr>\n<\/tbody>\n<\/table>\n<p>[\/vc_column_text][\/vc_tta_section][vc_tta_section title=&#8220;Status \/ pozicija po\u010dinioca:&#8220; tab_id=&#8220;1608641927271-0a5148b3-11c7&#8243;][vc_column_text]<\/p>\n<table dir=\"ltr\" border=\"1\" cellspacing=\"0\" cellpadding=\"0\">\n<colgroup>\n<col width=\"330\" \/>\n<col width=\"85\" \/><\/colgroup>\n<tbody>\n<tr>\n<td data-sheets-value=\"{&quot;1&quot;:2,&quot;2&quot;:&quot;Civil&quot;}\">Civil<\/td>\n<td data-sheets-value=\"{&quot;1&quot;:3,&quot;3&quot;:13}\"><span style=\"font-weight: 400;\">37<\/span><\/td>\n<\/tr>\n<tr>\n<td data-sheets-value=\"{&quot;1&quot;:2,&quot;2&quot;:&quot;Zyrtar\u00eb t\u00eb shtetit&quot;}\"><span style=\"font-weight: 400;\">Dr\u017eavni zvani\u010dnici<\/span><\/td>\n<td data-sheets-value=\"{&quot;1&quot;:3,&quot;3&quot;:4}\">9<\/td>\n<\/tr>\n<tr>\n<td data-sheets-value=\"{&quot;1&quot;:2,&quot;2&quot;:&quot;Polic&quot;}\"><span style=\"font-weight: 400;\">Policajac<\/span><\/td>\n<td data-sheets-value=\"{&quot;1&quot;:3,&quot;3&quot;:79}\">386<\/td>\n<\/tr>\n<tr>\n<td data-sheets-value=\"{&quot;1&quot;:2,&quot;2&quot;:&quot;Ushtar\u00eb&quot;}\"><span style=\"font-weight: 400;\">Vojnik<\/span><\/td>\n<td data-sheets-value=\"{&quot;1&quot;:3,&quot;3&quot;:114}\"><span style=\"font-weight: 400;\">338<\/span><\/td>\n<\/tr>\n<tr>\n<td data-sheets-value=\"{&quot;1&quot;:2,&quot;2&quot;:&quot;Paramilitar\u00eb&quot;}\"><span style=\"font-weight: 400;\">Paramilitarac<\/span><\/td>\n<td data-sheets-value=\"{&quot;1&quot;:3,&quot;3&quot;:147}\"><span style=\"font-weight: 400;\">593<\/span><\/td>\n<\/tr>\n<tr>\n<td data-sheets-value=\"{&quot;1&quot;:2,&quot;2&quot;:&quot;Nuk dihet&quot;}\"><span style=\"font-weight: 400;\">Nije poznato<\/span><\/td>\n<td data-sheets-value=\"{&quot;1&quot;:3,&quot;3&quot;:16}\">84<\/td>\n<\/tr>\n<tr>\n<td data-sheets-value=\"{&quot;1&quot;:2,&quot;2&quot;:&quot;Tjet\u00ebr&quot;}\">Drugo<\/td>\n<td data-sheets-value=\"{&quot;1&quot;:3,&quot;3&quot;:6}\">16<\/td>\n<\/tr>\n<\/tbody>\n<\/table>\n<p>[\/vc_column_text][\/vc_tta_section][\/vc_tta_tabs][\/vc_column][\/vc_row]<\/p>\n","protected":false},"excerpt":{"rendered":"<p>[vc_section][vc_row css=&#8220;.vc_custom_1610748433500{padding-top: 60px !important;padding-bottom: 30px !important;background-color: #ededed !important;}&#8220;][vc_column el_class=&#8220;Gjinia e viktimave t\u00eb dhun\u00ebs seksuale&#8220;][vc_column_text] Na\u010dini i oblici\/ vrste silovanja (Deo C) [\/vc_column_text][vc_separator color=&#8220;custom&#8220; border_width=&#8220;3&#8243; accent_color=&#8220;#f58434&#8243;][\/vc_column][\/vc_row][vc_row css=&#8220;.vc_custom_1610748536507{padding-bottom: 30px !important;}&#8220;][vc_column width=&#8220;1\/2&#8243;][vc_column_text] Vrsta seksualnog nasilja Silovanje 1280 Seksualno ropstvo 34 Prisiljenost na prostituciju &#8211; Nasilna trudno\u0107a 6 Prisilna sterilizacija &#8211; Prisilni abort 14 Prisilno svla\u0107enje 167 Osaka\u0107ivanje genitalija [&hellip;]<\/p>\n","protected":false},"author":1,"featured_media":0,"parent":0,"menu_order":2,"comment_status":"closed","ping_status":"closed","template":"tpl-visual_composer.php","meta":[],"_links":{"self":[{"href":"https:\/\/krct.org\/dokumentimi\/sr\/wp-json\/wp\/v2\/pages\/847"}],"collection":[{"href":"https:\/\/krct.org\/dokumentimi\/sr\/wp-json\/wp\/v2\/pages"}],"about":[{"href":"https:\/\/krct.org\/dokumentimi\/sr\/wp-json\/wp\/v2\/types\/page"}],"author":[{"embeddable":true,"href":"https:\/\/krct.org\/dokumentimi\/sr\/wp-json\/wp\/v2\/users\/1"}],"replies":[{"embeddable":true,"href":"https:\/\/krct.org\/dokumentimi\/sr\/wp-json\/wp\/v2\/comments?post=847"}],"version-history":[{"count":12,"href":"https:\/\/krct.org\/dokumentimi\/sr\/wp-json\/wp\/v2\/pages\/847\/revisions"}],"predecessor-version":[{"id":1275,"href":"https:\/\/krct.org\/dokumentimi\/sr\/wp-json\/wp\/v2\/pages\/847\/revisions\/1275"}],"wp:attachment":[{"href":"https:\/\/krct.org\/dokumentimi\/sr\/wp-json\/wp\/v2\/media?parent=847"}],"curies":[{"name":"wp","href":"https:\/\/api.w.org\/{rel}","templated":true}]}}