{"id":851,"date":"2020-12-22T19:46:01","date_gmt":"2020-12-22T19:46:01","guid":{"rendered":"http:\/\/pointmedia.al\/krctdokumentimi\/seksioni-d\/"},"modified":"2024-12-12T00:17:20","modified_gmt":"2024-12-12T00:17:20","slug":"deo-d","status":"publish","type":"page","link":"https:\/\/krct.org\/dokumentimi\/sr\/deo-d\/","title":{"rendered":"Deo D"},"content":{"rendered":"<p>[vc_row css=&#8220;.vc_custom_1610748593488{padding-top: 60px !important;padding-bottom: 30px !important;background-color: #ededed !important;}&#8220;][vc_column el_class=&#8220;Gjinia e viktimave t\u00eb dhun\u00ebs seksuale&#8220;][vc_column_text]<\/p>\n<h2 style=\"text-align: center;\"><b>Zdravstvene posledice<\/b><\/h2>\n<h2 style=\"text-align: center;\"><strong>(Deo D)<\/strong><\/h2>\n<p>[\/vc_column_text][vc_separator color=&#8220;custom&#8220; border_width=&#8220;3&#8243; accent_color=&#8220;#f58434&#8243;][\/vc_column][\/vc_row][vc_row css=&#8220;.vc_custom_1610751236113{margin-top: 60px !important;padding-top: 60px !important;padding-bottom: 30px !important;background-color: #ffffff !important;}&#8220;][vc_column width=&#8220;1\/2&#8243;][vc_column_text]<\/p>\n<table dir=\"ltr\" border=\"1\" cellspacing=\"0\" cellpadding=\"0\">\n<colgroup>\n<col width=\"330\" \/>\n<col width=\"85\" \/><\/colgroup>\n<tbody>\n<tr>\n<td colspan=\"2\" rowspan=\"1\" data-sheets-value=\"{&quot;1&quot;:2,&quot;2&quot;:&quot;D\u00ebmet sh\u00ebndet\u00ebsore si pasoj\u00eb e dhunimit:&quot;}\"><strong><b>O\u0161tec\u0301enja zdravlja kao posledice silovanja<\/b>:<\/strong><\/td>\n<\/tr>\n<tr>\n<td data-sheets-value=\"{&quot;1&quot;:2,&quot;2&quot;:&quot;Fizike&quot;}\"><span style=\"font-weight: 400;\">Fizi\u010dke<\/span><\/td>\n<td data-sheets-value=\"{&quot;1&quot;:3,&quot;3&quot;:278}\"><span style=\"font-weight: 400;\">1057<\/span><\/td>\n<\/tr>\n<tr>\n<td data-sheets-value=\"{&quot;1&quot;:2,&quot;2&quot;:&quot;Psikologjike&quot;}\"><span style=\"font-weight: 400;\">Psiholo\u0161ke<\/span><\/td>\n<td data-sheets-value=\"{&quot;1&quot;:3,&quot;3&quot;:330}\"><span style=\"font-weight: 400;\">1278<\/span><\/td>\n<\/tr>\n<tr>\n<td data-sheets-value=\"{&quot;1&quot;:2,&quot;2&quot;:&quot;Nuk ka&quot;}\">Nema<\/td>\n<td data-sheets-value=\"{&quot;1&quot;:3,&quot;3&quot;:3}\">5<\/td>\n<\/tr>\n<tr>\n<td data-sheets-value=\"{&quot;1&quot;:2,&quot;2&quot;:&quot;Nuk dihet&quot;}\"><span style=\"font-weight: 400;\">Nije poznato<\/span><\/td>\n<td data-sheets-value=\"{&quot;1&quot;:2,&quot;2&quot;:&quot;-&quot;}\">3<\/td>\n<\/tr>\n<tr>\n<td data-sheets-value=\"{&quot;1&quot;:2,&quot;2&quot;:&quot;Tjet\u00ebr&quot;}\">Drugo<\/td>\n<td data-sheets-value=\"{&quot;1&quot;:3,&quot;3&quot;:7}\">9<\/td>\n<\/tr>\n<\/tbody>\n<\/table>\n<p>[\/vc_column_text][\/vc_column][vc_column width=&#8220;1\/2&#8243;][vc_column_text]<\/p>\n<table dir=\"ltr\" border=\"1\" cellspacing=\"0\" cellpadding=\"0\">\n<colgroup>\n<col width=\"330\" \/>\n<col width=\"85\" \/><\/colgroup>\n<tbody>\n<tr>\n<td colspan=\"2\" rowspan=\"1\" data-sheets-value=\"{&quot;1&quot;:2,&quot;2&quot;:&quot;D\u00ebmet sh\u00ebndet\u00ebsore si pasoj\u00eb e dhunimit:&quot;}\"><strong>Vrste povreda kao rezultat silovanja:<\/strong><\/td>\n<\/tr>\n<tr>\n<td data-sheets-value=\"{&quot;1&quot;:2,&quot;2&quot;:&quot;L\u00ebndime n\u00eb gjenitale&quot;}\"><span style=\"font-weight: 400;\">Povrede genitalija<\/span><\/td>\n<td data-sheets-value=\"{&quot;1&quot;:3,&quot;3&quot;:173}\"><span style=\"font-weight: 400;\">442<\/span><\/td>\n<\/tr>\n<tr>\n<td data-sheets-value=\"{&quot;1&quot;:2,&quot;2&quot;:&quot;L\u00ebndime trupore&quot;}\"><span style=\"font-weight: 400;\">Telesne povrede<\/span><\/td>\n<td data-sheets-value=\"{&quot;1&quot;:3,&quot;3&quot;:157}\"><span style=\"font-weight: 400;\">518<\/span><\/td>\n<\/tr>\n<tr>\n<td data-sheets-value=\"{&quot;1&quot;:2,&quot;2&quot;:&quot;Plag\u00eb t\u00eb hapur&quot;}\"><span style=\"font-weight: 400;\">Ovorene rane<\/span><\/td>\n<td data-sheets-value=\"{&quot;1&quot;:3,&quot;3&quot;:46}\"><span style=\"font-weight: 400;\">113<\/span><\/td>\n<\/tr>\n<tr>\n<td data-sheets-value=\"{&quot;1&quot;:2,&quot;2&quot;:&quot;Gjymtyr\u00eb t\u00eb paralizuara&quot;}\"><span style=\"font-weight: 400;\">Paralizovani udovi<\/span><\/td>\n<td data-sheets-value=\"{&quot;1&quot;:3,&quot;3&quot;:1}\">5<\/td>\n<\/tr>\n<tr>\n<td data-sheets-value=\"{&quot;1&quot;:2,&quot;2&quot;:&quot;L\u00ebndime sip\u00ebrfaq\u00ebsore t\u00eb l\u00ebkur\u00ebs dhe muskujve&quot;}\"><span style=\"font-weight: 400;\">Povr\u0161inske provrede ko\u017ee i mi\u0161i\u0107a<\/span><\/td>\n<td data-sheets-value=\"{&quot;1&quot;:3,&quot;3&quot;:117}\"><span style=\"font-weight: 400;\">360<\/span><\/td>\n<\/tr>\n<tr>\n<td data-sheets-value=\"{&quot;1&quot;:2,&quot;2&quot;:&quot;L\u00ebndime t\u00eb paspecifikuara&quot;}\"><span style=\"font-weight: 400;\">Neodredjene povrede<\/span><\/td>\n<td data-sheets-value=\"{&quot;1&quot;:2,&quot;2&quot;:&quot;-&quot;}\">&#8211;<\/td>\n<\/tr>\n<tr>\n<td data-sheets-value=\"{&quot;1&quot;:2,&quot;2&quot;:&quot;Asnj\u00eb l\u00ebndim i diagnostifikuar&quot;}\"><span style=\"font-weight: 400;\">Nijedna diagnosticirana povreda<\/span><\/td>\n<td data-sheets-value=\"{&quot;1&quot;:3,&quot;3&quot;:27}\"><span style=\"font-weight: 400;\">96<\/span><\/td>\n<\/tr>\n<tr>\n<td data-sheets-value=\"{&quot;1&quot;:2,&quot;2&quot;:&quot;L\u00ebndime t\u00eb tjera&quot;}\"><span style=\"font-weight: 400;\">Druge povrede<\/span><\/td>\n<td data-sheets-value=\"{&quot;1&quot;:3,&quot;3&quot;:44}\"><span style=\"font-weight: 400;\">143<\/span><\/td>\n<\/tr>\n<\/tbody>\n<\/table>\n<p>[\/vc_column_text][\/vc_column][\/vc_row][vc_row][vc_column][vc_tta_tabs active_section=&#8220;1&#8243;][vc_tta_section title=&#8220;Trudno\u0107e kao posljedica silovanja&#8220; tab_id=&#8220;1609250268232-d74f1fe2-e5cf&#8220;][vc_column_text]<\/p>\n<table dir=\"ltr\" border=\"1\" cellspacing=\"0\" cellpadding=\"0\">\n<colgroup>\n<col width=\"330\" \/>\n<col width=\"85\" \/><\/colgroup>\n<tbody>\n<tr>\n<td colspan=\"2\" rowspan=\"1\" data-sheets-value=\"{&quot;1&quot;:2,&quot;2&quot;:&quot;A ka pasur shtat\u00ebzani, si pasoj\u00eb e dhunimit &quot;}\"><strong>Da li je bilo trudno\u0107e kao posljedica silovanja<\/strong><\/td>\n<\/tr>\n<tr>\n<td data-sheets-value=\"{&quot;1&quot;:2,&quot;2&quot;:&quot;Po&quot;}\">Da<\/td>\n<td data-sheets-value=\"{&quot;1&quot;:3,&quot;3&quot;:13}\"><span style=\"font-weight: 400;\">49<\/span><\/td>\n<\/tr>\n<\/tbody>\n<\/table>\n<p>[\/vc_column_text][\/vc_tta_section][vc_tta_section title=&#8220;Ako da, \u0161ta se dogodilo sa detetom&#8220; tab_id=&#8220;1609250268257-7397c105-50a9&#8243;][vc_column_text]<\/p>\n<table dir=\"ltr\" border=\"1\" cellspacing=\"0\" cellpadding=\"0\">\n<colgroup>\n<col width=\"330\" \/>\n<col width=\"85\" \/><\/colgroup>\n<tbody>\n<tr>\n<td colspan=\"2\" rowspan=\"1\" data-sheets-value=\"{&quot;1&quot;:2,&quot;2&quot;:&quot;N\u00ebse po, \u00e7far\u00eb ka ndodhur me f\u00ebmij\u00ebn &quot;}\"><strong>Ako da, \u0161ta se dogodilo sa detetom<\/strong><\/td>\n<\/tr>\n<tr>\n<td data-sheets-value=\"{&quot;1&quot;:2,&quot;2&quot;:&quot;\u00cbsht\u00eb ofruar p\u00ebrkujdesje ndaj f\u00ebmiut&quot;}\"><span style=\"font-weight: 400;\">Osigurana je briga o detetu<\/span><\/td>\n<td data-sheets-value=\"{&quot;1&quot;:3,&quot;3&quot;:1}\">9<\/td>\n<\/tr>\n<tr>\n<td data-sheets-value=\"{&quot;1&quot;:2,&quot;2&quot;:&quot;\u00cbsht\u00eb braktisur&quot;}\"><span style=\"font-weight: 400;\">Napu\u0161teno je<\/span><\/td>\n<td data-sheets-value=\"{&quot;1&quot;:2,&quot;2&quot;:&quot;-&quot;}\">&#8211;<\/td>\n<\/tr>\n<tr>\n<td data-sheets-value=\"{&quot;1&quot;:2,&quot;2&quot;:&quot;\u00cbsht\u00eb abortuar&quot;}\"><span style=\"font-weight: 400;\">Poba\u010deno je<\/span><\/td>\n<td data-sheets-value=\"{&quot;1&quot;:3,&quot;3&quot;:11}\"><span style=\"font-weight: 400;\">39<\/span><\/td>\n<\/tr>\n<tr>\n<td data-sheets-value=\"{&quot;1&quot;:2,&quot;2&quot;:&quot;Tjet\u00ebr&quot;}\">Drugo<\/td>\n<td data-sheets-value=\"{&quot;1&quot;:3,&quot;3&quot;:1}\">1<\/td>\n<\/tr>\n<\/tbody>\n<\/table>\n<p>[\/vc_column_text][\/vc_tta_section][\/vc_tta_tabs][\/vc_column][\/vc_row]<\/p>\n","protected":false},"excerpt":{"rendered":"<p>[vc_row css=&#8220;.vc_custom_1610748593488{padding-top: 60px !important;padding-bottom: 30px !important;background-color: #ededed !important;}&#8220;][vc_column el_class=&#8220;Gjinia e viktimave t\u00eb dhun\u00ebs seksuale&#8220;][vc_column_text] Zdravstvene posledice (Deo D) [\/vc_column_text][vc_separator color=&#8220;custom&#8220; border_width=&#8220;3&#8243; accent_color=&#8220;#f58434&#8243;][\/vc_column][\/vc_row][vc_row css=&#8220;.vc_custom_1610751236113{margin-top: 60px !important;padding-top: 60px !important;padding-bottom: 30px !important;background-color: #ffffff !important;}&#8220;][vc_column width=&#8220;1\/2&#8243;][vc_column_text] O\u0161tec\u0301enja zdravlja kao posledice silovanja: Fizi\u010dke 1057 Psiholo\u0161ke 1278 Nema 5 Nije poznato 3 Drugo 9 [\/vc_column_text][\/vc_column][vc_column width=&#8220;1\/2&#8243;][vc_column_text] Vrste povreda kao rezultat silovanja: [&hellip;]<\/p>\n","protected":false},"author":1,"featured_media":0,"parent":0,"menu_order":2,"comment_status":"closed","ping_status":"closed","template":"tpl-visual_composer.php","meta":[],"_links":{"self":[{"href":"https:\/\/krct.org\/dokumentimi\/sr\/wp-json\/wp\/v2\/pages\/851"}],"collection":[{"href":"https:\/\/krct.org\/dokumentimi\/sr\/wp-json\/wp\/v2\/pages"}],"about":[{"href":"https:\/\/krct.org\/dokumentimi\/sr\/wp-json\/wp\/v2\/types\/page"}],"author":[{"embeddable":true,"href":"https:\/\/krct.org\/dokumentimi\/sr\/wp-json\/wp\/v2\/users\/1"}],"replies":[{"embeddable":true,"href":"https:\/\/krct.org\/dokumentimi\/sr\/wp-json\/wp\/v2\/comments?post=851"}],"version-history":[{"count":14,"href":"https:\/\/krct.org\/dokumentimi\/sr\/wp-json\/wp\/v2\/pages\/851\/revisions"}],"predecessor-version":[{"id":1266,"href":"https:\/\/krct.org\/dokumentimi\/sr\/wp-json\/wp\/v2\/pages\/851\/revisions\/1266"}],"wp:attachment":[{"href":"https:\/\/krct.org\/dokumentimi\/sr\/wp-json\/wp\/v2\/media?parent=851"}],"curies":[{"name":"wp","href":"https:\/\/api.w.org\/{rel}","templated":true}]}}