{"id":857,"date":"2020-12-22T20:09:21","date_gmt":"2020-12-22T20:09:21","guid":{"rendered":"http:\/\/pointmedia.al\/krctdokumentimi\/seksioni-e\/"},"modified":"2024-12-15T15:06:01","modified_gmt":"2024-12-15T15:06:01","slug":"deo-e","status":"publish","type":"page","link":"https:\/\/krct.org\/dokumentimi\/sr\/deo-e\/","title":{"rendered":"Deo E"},"content":{"rendered":"<p>[vc_row css=&#8220;.vc_custom_1610748746335{padding-top: 60px !important;padding-bottom: 30px !important;background-color: #ededed !important;}&#8220;][vc_column el_class=&#8220;Gjinia e viktimave t\u00eb dhun\u00ebs seksuale&#8220;][vc_column_text]<\/p>\n<h2 style=\"text-align: center;\"><b>Pru\u017eanje profesionalnih usluga<\/b><br \/>\n<strong>(Deo E)<\/strong><\/h2>\n<p>[\/vc_column_text][vc_separator color=&#8220;custom&#8220; border_width=&#8220;3&#8243; accent_color=&#8220;#f58434&#8243;][\/vc_column][\/vc_row][vc_row css=&#8220;.vc_custom_1610748775798{padding-top: 60px !important;padding-bottom: 30px !important;background-color: #ffffff !important;}&#8220;][vc_column width=&#8220;1\/2&#8243;][vc_column_text]<\/p>\n<table dir=\"ltr\" border=\"1\" cellspacing=\"0\" cellpadding=\"0\">\n<colgroup>\n<col width=\"330\" \/>\n<col width=\"85\" \/><\/colgroup>\n<tbody>\n<tr>\n<td colspan=\"2\" rowspan=\"1\" data-sheets-value=\"{&quot;1&quot;:2,&quot;2&quot;:&quot;A keni k\u00ebrkuar ndihm\u00eb mjek\u00ebsore\/psikologjike lidhur me ngjarjen e p\u00ebrjetuar&quot;}\"><strong>Da li ste potra\u017eili medicinsku\/ psiholo\u0161ku pomo\u0107 u vezi sa do\u017eivljenim dogadjajem:<\/strong><\/td>\n<\/tr>\n<tr>\n<td data-sheets-value=\"{&quot;1&quot;:2,&quot;2&quot;:&quot;Po, menj\u00ebher\u00eb pas ngjarjes&quot;}\"><span style=\"font-weight: 400;\">Da, odmah nakon dogadjaja<\/span><\/td>\n<td data-sheets-value=\"{&quot;1&quot;:3,&quot;3&quot;:68}\"><span style=\"font-weight: 400;\">230<\/span><\/td>\n<\/tr>\n<tr>\n<td data-sheets-value=\"{&quot;1&quot;:2,&quot;2&quot;:&quot;Po, disa muaj\/vite pas ngjarjes&quot;}\"><span style=\"font-weight: 400;\">Da, nekoliko meseci\/ godina nakon dogadjaja<\/span><\/td>\n<td data-sheets-value=\"{&quot;1&quot;:3,&quot;3&quot;:223}\"><span style=\"font-weight: 400;\">835<\/span><\/td>\n<\/tr>\n<tr>\n<td data-sheets-value=\"{&quot;1&quot;:2,&quot;2&quot;:&quot;Jo&quot;}\">Ne<\/td>\n<td data-sheets-value=\"{&quot;1&quot;:3,&quot;3&quot;:44}\"><span style=\"font-weight: 400;\">232<\/span><\/td>\n<\/tr>\n<tr>\n<td data-sheets-value=\"{&quot;1&quot;:2,&quot;2&quot;:&quot;Tjet\u00ebr&quot;}\"><span style=\"font-weight: 400;\">Drugo<\/span><\/td>\n<td data-sheets-value=\"{&quot;1&quot;:3,&quot;3&quot;:1}\">3<\/td>\n<\/tr>\n<\/tbody>\n<\/table>\n<p>[\/vc_column_text][\/vc_column][vc_column width=&#8220;1\/2&#8243;][vc_column_text]<\/p>\n<table dir=\"ltr\" border=\"1\" cellspacing=\"0\" cellpadding=\"0\">\n<colgroup>\n<col width=\"330\" \/>\n<col width=\"85\" \/><\/colgroup>\n<tbody>\n<tr>\n<td colspan=\"2\" rowspan=\"1\" data-sheets-value=\"{&quot;1&quot;:2,&quot;2&quot;:&quot;Ndihma mjek\u00ebsore \/ psikologjike \u00ebsht\u00eb ofruar nga&quot;}\"><strong>Medicinska\/ psiholo\u0161ka pomo\u0107 se dobila od:<\/strong><\/td>\n<\/tr>\n<tr>\n<td data-sheets-value=\"{&quot;1&quot;:2,&quot;2&quot;:&quot;Institucionet publike sh\u00ebndet\u00ebsore&quot;}\"><span style=\"font-weight: 400;\">Javne zdravstvene <\/span><span style=\"font-weight: 400;\">ustanove<\/span><\/td>\n<td data-sheets-value=\"{&quot;1&quot;:3,&quot;3&quot;:139}\"><span style=\"font-weight: 400;\">562<\/span><\/td>\n<\/tr>\n<tr>\n<td data-sheets-value=\"{&quot;1&quot;:2,&quot;2&quot;:&quot;Institucionet private sh\u00ebndet\u00ebsore&quot;}\"><span style=\"font-weight: 400;\">Privatne zdravstvene <\/span><span style=\"font-weight: 400;\">ustanove <\/span><\/td>\n<td data-sheets-value=\"{&quot;1&quot;:3,&quot;3&quot;:100}\"><span style=\"font-weight: 400;\">390<\/span><\/td>\n<\/tr>\n<tr>\n<td data-sheets-value=\"{&quot;1&quot;:2,&quot;2&quot;:&quot;N\u00eb kamp ushtarak&quot;}\"><span style=\"font-weight: 400;\">U vojnom kampu<\/span><\/td>\n<td data-sheets-value=\"{&quot;1&quot;:3,&quot;3&quot;:2}\">8<\/td>\n<\/tr>\n<tr>\n<td data-sheets-value=\"{&quot;1&quot;:2,&quot;2&quot;:&quot;N\u00eb kamp refugjat\u00ebsh&quot;}\"><span style=\"font-weight: 400;\">U kampu izbeglica <\/span><\/td>\n<td data-sheets-value=\"{&quot;1&quot;:3,&quot;3&quot;:11}\"><span style=\"font-weight: 400;\">32<\/span><\/td>\n<\/tr>\n<tr>\n<td data-sheets-value=\"{&quot;1&quot;:2,&quot;2&quot;:&quot;Organizatat nd\u00ebrkomb\u00ebtare&quot;}\"><span style=\"font-weight: 400;\">Medjunarodne organizacije<\/span><\/td>\n<td data-sheets-value=\"{&quot;1&quot;:3,&quot;3&quot;:5}\">14<\/td>\n<\/tr>\n<tr>\n<td data-sheets-value=\"{&quot;1&quot;:2,&quot;2&quot;:&quot;Organizatat joqeveritare vendore&quot;}\"><span style=\"font-weight: 400;\">Lokalne nevladine organizacije<\/span><\/td>\n<td data-sheets-value=\"{&quot;1&quot;:3,&quot;3&quot;:227}\">677<\/td>\n<\/tr>\n<tr>\n<td data-sheets-value=\"{&quot;1&quot;:2,&quot;2&quot;:&quot;Nuk ka marr\u00eb asnj\u00ebher\u00eb ndihm\u00eb mjek\u00ebsore \/ psikologjike&quot;}\"><span style=\"font-weight: 400;\">Nije nikad dobio\/la medicinsku\/ psiholo\u0161ku pomo\u0107<\/span><\/td>\n<td data-sheets-value=\"{&quot;1&quot;:3,&quot;3&quot;:5}\">10<\/td>\n<\/tr>\n<tr>\n<td data-sheets-value=\"{&quot;1&quot;:2,&quot;2&quot;:&quot;Tjet\u00ebr&quot;}\">Drugo<\/td>\n<td data-sheets-value=\"{&quot;1&quot;:3,&quot;3&quot;:3}\">28<\/td>\n<\/tr>\n<\/tbody>\n<\/table>\n<p>[\/vc_column_text][\/vc_column][\/vc_row][vc_row css=&#8220;.vc_custom_1610748846977{margin-top: 30px !important;padding-top: 30px !important;background-color: #eaeaea !important;}&#8220;][vc_column width=&#8220;1\/6&#8243;][\/vc_column][vc_column width=&#8220;2\/3&#8243;][vc_column_text]<\/p>\n<table dir=\"ltr\" border=\"1\" cellspacing=\"0\" cellpadding=\"0\">\n<colgroup>\n<col width=\"330\" \/>\n<col width=\"85\" \/><\/colgroup>\n<tbody>\n<tr>\n<td colspan=\"2\" rowspan=\"1\" data-sheets-value=\"{&quot;1&quot;:2,&quot;2&quot;:&quot;Diagnoza&quot;}\"><strong>Dijagnoza:<\/strong><\/td>\n<\/tr>\n<tr>\n<td data-sheets-value=\"{&quot;1&quot;:2,&quot;2&quot;:&quot;PTSD&quot;}\">PTSD<\/td>\n<td data-sheets-value=\"{&quot;1&quot;:3,&quot;3&quot;:116}\"><span style=\"font-weight: 400;\">474<\/span><\/td>\n<\/tr>\n<tr>\n<td data-sheets-value=\"{&quot;1&quot;:2,&quot;2&quot;:&quot;Depresion&quot;}\"><span style=\"font-weight: 400;\">Depresija<\/span><\/td>\n<td data-sheets-value=\"{&quot;1&quot;:3,&quot;3&quot;:133}\"><span style=\"font-weight: 400;\">538<\/span><\/td>\n<\/tr>\n<tr>\n<td data-sheets-value=\"{&quot;1&quot;:2,&quot;2&quot;:&quot;\u00c7rregullim akut i stresit&quot;}\"><span style=\"font-weight: 400;\">Akutni stresni poreme\u0107aj<\/span><\/td>\n<td data-sheets-value=\"{&quot;1&quot;:3,&quot;3&quot;:70}\"><span style=\"font-weight: 400;\">165<\/span><\/td>\n<\/tr>\n<tr>\n<td data-sheets-value=\"{&quot;1&quot;:2,&quot;2&quot;:&quot;\u00c7rregullim i panikut&quot;}\"><span style=\"font-weight: 400;\">Poreme\u0107aj panike<\/span><\/td>\n<td data-sheets-value=\"{&quot;1&quot;:3,&quot;3&quot;:35}\"><span style=\"font-weight: 400;\">79<\/span><\/td>\n<\/tr>\n<tr>\n<td data-sheets-value=\"{&quot;1&quot;:2,&quot;2&quot;:&quot;Ankth i gjeneralizuar&quot;}\"><span style=\"font-weight: 400;\">Generalizovana anksioznost<\/span><\/td>\n<td data-sheets-value=\"{&quot;1&quot;:3,&quot;3&quot;:101}\"><span style=\"font-weight: 400;\">286<\/span><\/td>\n<\/tr>\n<tr>\n<td data-sheets-value=\"{&quot;1&quot;:2,&quot;2&quot;:&quot;Tjet\u00ebr&quot;}\">Drugo<\/td>\n<td data-sheets-value=\"{&quot;1&quot;:3,&quot;3&quot;:11}\"><span style=\"font-weight: 400;\">35<\/span><\/td>\n<\/tr>\n<\/tbody>\n<\/table>\n<p>[\/vc_column_text][\/vc_column][vc_column width=&#8220;1\/6&#8243;][\/vc_column][\/vc_row][vc_row][vc_column][vc_tta_tabs active_section=&#8220;1&#8243; title=&#8220;Medicinske \/ psiholo\u0161ke usluge&#8220;][vc_tta_section title=&#8220;Pru\u017ea se medicinska \/ psiholo\u0161ka pomoc\u0301&#8220; tab_id=&#8220;1608642896350-2f389c63-96ae&#8220;][vc_column_text]<\/p>\n<table dir=\"ltr\" border=\"1\" cellspacing=\"0\" cellpadding=\"0\">\n<colgroup>\n<col width=\"330\" \/>\n<col width=\"85\" \/><\/colgroup>\n<tbody>\n<tr>\n<td colspan=\"2\" rowspan=\"1\" data-sheets-value=\"{&quot;1&quot;:2,&quot;2&quot;:&quot;A vazhdoni t\u00eb merrni ndihm\u00eb mjek\u00ebsore\/psikologjike p\u00ebr pasojat nga dhunimi?&quot;}\"><strong>Da li nastavljate da dobivate medicinske\/ psiholo\u0161ke usluge za posljedice silovanja?<\/strong><\/td>\n<\/tr>\n<tr>\n<td data-sheets-value=\"{&quot;1&quot;:2,&quot;2&quot;:&quot;Po&quot;}\">Da<\/td>\n<td data-sheets-value=\"{&quot;1&quot;:3,&quot;3&quot;:262}\"><span style=\"font-weight: 400;\">936<\/span><\/td>\n<\/tr>\n<tr>\n<td data-sheets-value=\"{&quot;1&quot;:2,&quot;2&quot;:&quot;Jo&quot;}\">Ne<\/td>\n<td data-sheets-value=\"{&quot;1&quot;:3,&quot;3&quot;:48}\"><span style=\"font-weight: 400;\">177<\/span><\/td>\n<\/tr>\n<tr>\n<td data-sheets-value=\"{&quot;1&quot;:2,&quot;2&quot;:&quot;Tjet\u00ebr&quot;}\">Drugo<\/td>\n<td data-sheets-value=\"{&quot;1&quot;:3,&quot;3&quot;:1}\">13<\/td>\n<\/tr>\n<\/tbody>\n<\/table>\n<p>[\/vc_column_text][\/vc_tta_section][vc_tta_section title=&#8220;Medicinsku \/ psiholo\u0161ku pomoc\u0301 pru\u017ea&#8220; tab_id=&#8220;1608642896432-7cc672a5-2fcf&#8220;][vc_column_text]<\/p>\n<table dir=\"ltr\" border=\"1\" cellspacing=\"0\" cellpadding=\"0\">\n<colgroup>\n<col width=\"330\" \/>\n<col width=\"85\" \/><\/colgroup>\n<tbody>\n<tr>\n<td colspan=\"2\" rowspan=\"1\" data-sheets-value=\"{&quot;1&quot;:2,&quot;2&quot;:&quot;N\u00ebse po, nga kush?&quot;}\"><strong>Ako da, od koga?<\/strong><\/td>\n<\/tr>\n<tr>\n<td data-sheets-value=\"{&quot;1&quot;:2,&quot;2&quot;:&quot;Institucionet publike sh\u00ebndet\u00ebsore&quot;}\"><span style=\"font-weight: 400;\">Javne zdravstvene <\/span><span style=\"font-weight: 400;\">ustanove<\/span><\/td>\n<td data-sheets-value=\"{&quot;1&quot;:3,&quot;3&quot;:77}\"><span style=\"font-weight: 400;\">318<\/span><\/td>\n<\/tr>\n<tr>\n<td data-sheets-value=\"{&quot;1&quot;:2,&quot;2&quot;:&quot;Institucionet private sh\u00ebndet\u00ebsore&quot;}\"><span style=\"font-weight: 400;\">Privatne zdravstvene <\/span><span style=\"font-weight: 400;\">ustanove<\/span><\/td>\n<td data-sheets-value=\"{&quot;1&quot;:3,&quot;3&quot;:50}\"><span style=\"font-weight: 400;\">214<\/span><\/td>\n<\/tr>\n<tr>\n<td data-sheets-value=\"{&quot;1&quot;:2,&quot;2&quot;:&quot;Organizatat joqeveritare vendore&quot;}\"><span style=\"font-weight: 400;\">Lokalne nevladine organizacije<\/span><\/td>\n<td data-sheets-value=\"{&quot;1&quot;:3,&quot;3&quot;:237}\"><span style=\"font-weight: 400;\">785<\/span><\/td>\n<\/tr>\n<tr>\n<td data-sheets-value=\"{&quot;1&quot;:2,&quot;2&quot;:&quot;Tjet\u00ebr&quot;}\">Drugo<\/td>\n<td data-sheets-value=\"{&quot;1&quot;:2,&quot;2&quot;:&quot;-&quot;}\">7<\/td>\n<\/tr>\n<\/tbody>\n<\/table>\n<p>[\/vc_column_text][\/vc_tta_section][\/vc_tta_tabs][\/vc_column][\/vc_row]<\/p>\n","protected":false},"excerpt":{"rendered":"<p>[vc_row css=&#8220;.vc_custom_1610748746335{padding-top: 60px !important;padding-bottom: 30px !important;background-color: #ededed !important;}&#8220;][vc_column el_class=&#8220;Gjinia e viktimave t\u00eb dhun\u00ebs seksuale&#8220;][vc_column_text] Pru\u017eanje profesionalnih usluga (Deo E) [\/vc_column_text][vc_separator color=&#8220;custom&#8220; border_width=&#8220;3&#8243; accent_color=&#8220;#f58434&#8243;][\/vc_column][\/vc_row][vc_row css=&#8220;.vc_custom_1610748775798{padding-top: 60px !important;padding-bottom: 30px !important;background-color: #ffffff !important;}&#8220;][vc_column width=&#8220;1\/2&#8243;][vc_column_text] Da li ste potra\u017eili medicinsku\/ psiholo\u0161ku pomo\u0107 u vezi sa do\u017eivljenim dogadjajem: Da, odmah nakon dogadjaja 230 Da, nekoliko meseci\/ godina nakon dogadjaja 835 [&hellip;]<\/p>\n","protected":false},"author":1,"featured_media":0,"parent":0,"menu_order":2,"comment_status":"closed","ping_status":"closed","template":"tpl-visual_composer.php","meta":[],"_links":{"self":[{"href":"https:\/\/krct.org\/dokumentimi\/sr\/wp-json\/wp\/v2\/pages\/857"}],"collection":[{"href":"https:\/\/krct.org\/dokumentimi\/sr\/wp-json\/wp\/v2\/pages"}],"about":[{"href":"https:\/\/krct.org\/dokumentimi\/sr\/wp-json\/wp\/v2\/types\/page"}],"author":[{"embeddable":true,"href":"https:\/\/krct.org\/dokumentimi\/sr\/wp-json\/wp\/v2\/users\/1"}],"replies":[{"embeddable":true,"href":"https:\/\/krct.org\/dokumentimi\/sr\/wp-json\/wp\/v2\/comments?post=857"}],"version-history":[{"count":14,"href":"https:\/\/krct.org\/dokumentimi\/sr\/wp-json\/wp\/v2\/pages\/857\/revisions"}],"predecessor-version":[{"id":1276,"href":"https:\/\/krct.org\/dokumentimi\/sr\/wp-json\/wp\/v2\/pages\/857\/revisions\/1276"}],"wp:attachment":[{"href":"https:\/\/krct.org\/dokumentimi\/sr\/wp-json\/wp\/v2\/media?parent=857"}],"curies":[{"name":"wp","href":"https:\/\/api.w.org\/{rel}","templated":true}]}}