{"id":862,"date":"2020-12-22T20:09:36","date_gmt":"2020-12-22T20:09:36","guid":{"rendered":"http:\/\/pointmedia.al\/krctdokumentimi\/seksioni-f\/"},"modified":"2024-12-12T00:24:40","modified_gmt":"2024-12-12T00:24:40","slug":"deo-f","status":"publish","type":"page","link":"https:\/\/krct.org\/dokumentimi\/sr\/deo-f\/","title":{"rendered":"Deo F"},"content":{"rendered":"<p>[vc_row css=&#8220;.vc_custom_1610749020002{padding-top: 60px !important;padding-bottom: 30px !important;background-color: #ededed !important;}&#8220;][vc_column el_class=&#8220;Gjinia e viktimave t\u00eb dhun\u00ebs seksuale&#8220;][vc_column_text]<\/p>\n<h2 style=\"text-align: center;\"><b>Socialni aspekti<\/b><\/h2>\n<h2 style=\"text-align: center;\"><strong>(Deo F)<\/strong><\/h2>\n<p>[\/vc_column_text][vc_separator color=&#8220;custom&#8220; border_width=&#8220;3&#8243; accent_color=&#8220;#f58434&#8243;][\/vc_column][\/vc_row][vc_row][vc_column width=&#8220;1\/6&#8243;][\/vc_column][vc_column width=&#8220;2\/3&#8243;][vc_tta_tabs active_section=&#8220;1&#8243;][vc_tta_section title=&#8220;Mesto boravka:&#8220; tab_id=&#8220;1608643414671-e0c05103-1194&#8243;][vc_column_text]<\/p>\n<table dir=\"ltr\" border=\"1\" cellspacing=\"0\" cellpadding=\"0\">\n<colgroup>\n<col width=\"330\" \/>\n<col width=\"85\" \/><\/colgroup>\n<tbody>\n<tr>\n<td data-sheets-value=\"{&quot;1&quot;:2,&quot;2&quot;:&quot;Pronar\/e i\/e sht\u00ebpis\u00eb&quot;}\"><span style=\"font-weight: 400;\">Vlasnik\/ca ku\u0107e<\/span><\/td>\n<td data-sheets-value=\"{&quot;1&quot;:3,&quot;3&quot;:71}\"><span style=\"font-weight: 400;\">250<\/span><\/td>\n<\/tr>\n<tr>\n<td data-sheets-value=\"{&quot;1&quot;:2,&quot;2&quot;:&quot;I\/e pastreh\u00eb&quot;}\"><span style=\"font-weight: 400;\">Besku\u0107nik\/ca<\/span><\/td>\n<td data-sheets-value=\"{&quot;1&quot;:3,&quot;3&quot;:5}\">15<\/td>\n<\/tr>\n<tr>\n<td data-sheets-value=\"{&quot;1&quot;:2,&quot;2&quot;:&quot;Duke jetuar n\u00eb familje t\u00eb ngusht\u00eb&quot;}\"><span style=\"font-weight: 400;\">Sa u\u017eom porodicom<\/span><\/td>\n<td data-sheets-value=\"{&quot;1&quot;:3,&quot;3&quot;:190}\"><span style=\"font-weight: 400;\">769<\/span><\/td>\n<\/tr>\n<tr>\n<td data-sheets-value=\"{&quot;1&quot;:2,&quot;2&quot;:&quot;Duke jetuar me familje t\u00eb gjer\u00eb&quot;}\"><span style=\"font-weight: 400;\">Sa \u0161irom porodicom<\/span><\/td>\n<td data-sheets-value=\"{&quot;1&quot;:3,&quot;3&quot;:30}\"><span style=\"font-weight: 400;\">125<\/span><\/td>\n<\/tr>\n<tr>\n<td data-sheets-value=\"{&quot;1&quot;:2,&quot;2&quot;:&quot;Me qera&quot;}\"><span style=\"font-weight: 400;\">Unajmljeno mesto<\/span><\/td>\n<td data-sheets-value=\"{&quot;1&quot;:3,&quot;3&quot;:33}\"><span style=\"font-weight: 400;\">103<\/span><\/td>\n<\/tr>\n<tr>\n<td data-sheets-value=\"{&quot;1&quot;:2,&quot;2&quot;:&quot;Tjet\u00ebr&quot;}\"><span style=\"font-weight: 400;\">Drugo<\/span><\/td>\n<td data-sheets-value=\"{&quot;1&quot;:3,&quot;3&quot;:7}\">38<\/td>\n<\/tr>\n<\/tbody>\n<\/table>\n<p>[\/vc_column_text][\/vc_tta_section][vc_tta_section title=&#8220;Uslovi \u017eivota:&#8220; tab_id=&#8220;1608643414865-7ceb17cc-91f4&#8243;][vc_column_text]<\/p>\n<table dir=\"ltr\" border=\"1\" cellspacing=\"0\" cellpadding=\"0\">\n<colgroup>\n<col width=\"330\" \/>\n<col width=\"85\" \/><\/colgroup>\n<tbody>\n<tr>\n<td data-sheets-value=\"{&quot;1&quot;:2,&quot;2&quot;:&quot;T\u00eb mira&quot;}\"><span style=\"font-weight: 400;\">Dobri<\/span><\/td>\n<td data-sheets-value=\"{&quot;1&quot;:3,&quot;3&quot;:41}\"><span style=\"font-weight: 400;\">189<\/span><\/td>\n<\/tr>\n<tr>\n<td data-sheets-value=\"{&quot;1&quot;:2,&quot;2&quot;:&quot;Mesatare&quot;}\"><span style=\"font-weight: 400;\">Prose\u010dni<\/span><\/td>\n<td data-sheets-value=\"{&quot;1&quot;:3,&quot;3&quot;:211}\"><span style=\"font-weight: 400;\">853<\/span><\/td>\n<\/tr>\n<tr>\n<td data-sheets-value=\"{&quot;1&quot;:2,&quot;2&quot;:&quot;Jo t\u00eb mira&quot;}\"><span style=\"font-weight: 400;\">Lo\u0161i<\/span><\/td>\n<td data-sheets-value=\"{&quot;1&quot;:3,&quot;3&quot;:84}\"><span style=\"font-weight: 400;\">258<\/span><\/td>\n<\/tr>\n<\/tbody>\n<\/table>\n<p>[\/vc_column_text][\/vc_tta_section][\/vc_tta_tabs][\/vc_column][vc_column width=&#8220;1\/6&#8243;][\/vc_column][\/vc_row]<\/p>\n","protected":false},"excerpt":{"rendered":"<p>[vc_row css=&#8220;.vc_custom_1610749020002{padding-top: 60px !important;padding-bottom: 30px !important;background-color: #ededed !important;}&#8220;][vc_column el_class=&#8220;Gjinia e viktimave t\u00eb dhun\u00ebs seksuale&#8220;][vc_column_text] Socialni aspekti (Deo F) [\/vc_column_text][vc_separator color=&#8220;custom&#8220; border_width=&#8220;3&#8243; accent_color=&#8220;#f58434&#8243;][\/vc_column][\/vc_row][vc_row][vc_column width=&#8220;1\/6&#8243;][\/vc_column][vc_column width=&#8220;2\/3&#8243;][vc_tta_tabs active_section=&#8220;1&#8243;][vc_tta_section title=&#8220;Mesto boravka:&#8220; tab_id=&#8220;1608643414671-e0c05103-1194&#8243;][vc_column_text] Vlasnik\/ca ku\u0107e 250 Besku\u0107nik\/ca 15 Sa u\u017eom porodicom 769 Sa \u0161irom porodicom 125 Unajmljeno mesto 103 Drugo 38 [\/vc_column_text][\/vc_tta_section][vc_tta_section title=&#8220;Uslovi \u017eivota:&#8220; tab_id=&#8220;1608643414865-7ceb17cc-91f4&#8243;][vc_column_text] Dobri 189 Prose\u010dni 853 Lo\u0161i [&hellip;]<\/p>\n","protected":false},"author":1,"featured_media":0,"parent":0,"menu_order":2,"comment_status":"closed","ping_status":"closed","template":"tpl-visual_composer.php","meta":[],"_links":{"self":[{"href":"https:\/\/krct.org\/dokumentimi\/sr\/wp-json\/wp\/v2\/pages\/862"}],"collection":[{"href":"https:\/\/krct.org\/dokumentimi\/sr\/wp-json\/wp\/v2\/pages"}],"about":[{"href":"https:\/\/krct.org\/dokumentimi\/sr\/wp-json\/wp\/v2\/types\/page"}],"author":[{"embeddable":true,"href":"https:\/\/krct.org\/dokumentimi\/sr\/wp-json\/wp\/v2\/users\/1"}],"replies":[{"embeddable":true,"href":"https:\/\/krct.org\/dokumentimi\/sr\/wp-json\/wp\/v2\/comments?post=862"}],"version-history":[{"count":10,"href":"https:\/\/krct.org\/dokumentimi\/sr\/wp-json\/wp\/v2\/pages\/862\/revisions"}],"predecessor-version":[{"id":1269,"href":"https:\/\/krct.org\/dokumentimi\/sr\/wp-json\/wp\/v2\/pages\/862\/revisions\/1269"}],"wp:attachment":[{"href":"https:\/\/krct.org\/dokumentimi\/sr\/wp-json\/wp\/v2\/media?parent=862"}],"curies":[{"name":"wp","href":"https:\/\/api.w.org\/{rel}","templated":true}]}}