{"id":867,"date":"2020-12-22T20:09:42","date_gmt":"2020-12-22T20:09:42","guid":{"rendered":"http:\/\/pointmedia.al\/krctdokumentimi\/seksioni-g\/"},"modified":"2024-12-12T00:28:35","modified_gmt":"2024-12-12T00:28:35","slug":"deo-g","status":"publish","type":"page","link":"https:\/\/krct.org\/dokumentimi\/sr\/deo-g\/","title":{"rendered":"Deo G"},"content":{"rendered":"<p>[vc_row css=&#8220;.vc_custom_1610749115655{padding-top: 60px !important;padding-bottom: 30px !important;background-color: #ededed !important;}&#8220;][vc_column el_class=&#8220;Gjinia e viktimave t\u00eb dhun\u00ebs seksuale&#8220;][vc_column_text]<\/p>\n<h2 style=\"text-align: center;\"><b>Pristup pravdi<\/b><br \/>\n<strong>(Deo G)<\/strong><\/h2>\n<p>[\/vc_column_text][vc_separator color=&#8220;custom&#8220; border_width=&#8220;3&#8243; accent_color=&#8220;#f58434&#8243;][\/vc_column][\/vc_row][vc_row][vc_column][vc_tta_tabs active_section=&#8220;1&#8243;][vc_tta_section title=&#8220;Da li ste prijavili slu\u010daj kod istra\u017enim\/ pravosudnim institucijama:&#8220; tab_id=&#8220;1608643542694-2bd5379f-0fc5&#8243;][vc_column_text]<\/p>\n<table dir=\"ltr\" border=\"1\" cellspacing=\"0\" cellpadding=\"0\">\n<colgroup>\n<col width=\"330\" \/>\n<col width=\"85\" \/><\/colgroup>\n<tbody>\n<tr>\n<td data-sheets-value=\"{&quot;1&quot;:2,&quot;2&quot;:&quot;Po&quot;}\">Da<\/td>\n<td data-sheets-value=\"{&quot;1&quot;:3,&quot;3&quot;:13}\"><span style=\"font-weight: 400;\">49<\/span><\/td>\n<\/tr>\n<tr>\n<td data-sheets-value=\"{&quot;1&quot;:2,&quot;2&quot;:&quot;Jo&quot;}\">Ne<\/td>\n<td data-sheets-value=\"{&quot;1&quot;:3,&quot;3&quot;:323}\"><span style=\"font-weight: 400;\">1251<\/span><\/td>\n<\/tr>\n<tr>\n<td data-sheets-value=\"{&quot;1&quot;:2,&quot;2&quot;:&quot;Tjet\u00ebr&quot;}\">Drugo<\/td>\n<td data-sheets-value=\"{&quot;1&quot;:2,&quot;2&quot;:&quot;-&quot;}\">&#8211;<\/td>\n<\/tr>\n<\/tbody>\n<\/table>\n<p>[\/vc_column_text][\/vc_tta_section][vc_tta_section title=&#8220;Ako da, navedite rezultate:&#8220; tab_id=&#8220;1608643542786-f55b8dff-c38c&#8220;][vc_column_text]<\/p>\n<table dir=\"ltr\" border=\"1\" cellspacing=\"0\" cellpadding=\"0\">\n<colgroup>\n<col width=\"330\" \/>\n<col width=\"85\" \/><\/colgroup>\n<tbody>\n<tr>\n<td data-sheets-value=\"{&quot;1&quot;:2,&quot;2&quot;:&quot;\u00cbsht\u00eb n\u00eb pritje p\u00ebr t\u00eb filluar hetimet&quot;}\"><span style=\"font-weight: 400;\">\u010ceka <\/span><span style=\"font-weight: 400;\">se<\/span><span style=\"font-weight: 400;\"> da po\u010dn<\/span><span style=\"font-weight: 400;\">e<\/span><span style=\"font-weight: 400;\"> istrag<\/span><span style=\"font-weight: 400;\">a<\/span><\/td>\n<td data-sheets-value=\"{&quot;1&quot;:3,&quot;3&quot;:3}\">4<\/td>\n<\/tr>\n<tr>\n<td data-sheets-value=\"{&quot;1&quot;:2,&quot;2&quot;:&quot;Kan\u00eb filluar hetimet&quot;}\"><span style=\"font-weight: 400;\">Istrage su po\u010dele<\/span><\/td>\n<td data-sheets-value=\"{&quot;1&quot;:2,&quot;2&quot;:&quot;-&quot;}\">8<\/td>\n<\/tr>\n<tr>\n<td data-sheets-value=\"{&quot;1&quot;:2,&quot;2&quot;:&quot;\u00cbsht\u00eb ngritur aktakuza&quot;}\"><span style=\"font-weight: 400;\">Optu\u017enica je podignuta<\/span><\/td>\n<td data-sheets-value=\"{&quot;1&quot;:3,&quot;3&quot;:2}\">2<\/td>\n<\/tr>\n<tr>\n<td data-sheets-value=\"{&quot;1&quot;:2,&quot;2&quot;:&quot;\u00cbsht\u00eb mbyllur rasti pa rezultat&quot;}\"><span style=\"font-weight: 400;\">Slu\u010daj zatvoren bez rezultata<\/span><\/td>\n<td data-sheets-value=\"{&quot;1&quot;:2,&quot;2&quot;:&quot;-&quot;}\">&#8211;<\/td>\n<\/tr>\n<tr>\n<td data-sheets-value=\"{&quot;1&quot;:2,&quot;2&quot;:&quot;Kryer\u00ebsi \u00ebsht\u00eb liruar nga akuza&quot;}\"><span style=\"font-weight: 400;\">Po\u010dinilac je oslobodjen<\/span><\/td>\n<td data-sheets-value=\"{&quot;1&quot;:2,&quot;2&quot;:&quot;-&quot;}\">1<\/td>\n<\/tr>\n<tr>\n<td data-sheets-value=\"{&quot;1&quot;:2,&quot;2&quot;:&quot;\u00cbsht\u00eb d\u00ebnuar kryer\u00ebsi&quot;}\"><span style=\"font-weight: 400;\">Po\u010dinilac je osudjen<\/span><\/td>\n<td data-sheets-value=\"{&quot;1&quot;:2,&quot;2&quot;:&quot;-&quot;}\">1<\/td>\n<\/tr>\n<tr>\n<td data-sheets-value=\"{&quot;1&quot;:2,&quot;2&quot;:&quot;Nuk \u00ebsht\u00eb n\u00eb dijeni se \u00e7ka ka ndodhur me rastin&quot;}\"><span style=\"font-weight: 400;\">Nema informacija o tome \u0161ta se dogodilo sa slu\u010dajem<\/span><\/td>\n<td data-sheets-value=\"{&quot;1&quot;:3,&quot;3&quot;:8}\">28<\/td>\n<\/tr>\n<tr>\n<td data-sheets-value=\"{&quot;1&quot;:2,&quot;2&quot;:&quot;Tjet\u00ebr&quot;}\">Drugo<\/td>\n<td data-sheets-value=\"{&quot;1&quot;:2,&quot;2&quot;:&quot;-&quot;}\">3<\/td>\n<\/tr>\n<\/tbody>\n<\/table>\n<p>[\/vc_column_text][\/vc_tta_section][vc_tta_section title=&#8220;Ako ne, razlog:&#8220; tab_id=&#8220;1610641013210-96ab0e11-9910&#8243;][vc_column_text]<\/p>\n<table dir=\"ltr\" border=\"1\" cellspacing=\"0\" cellpadding=\"0\">\n<colgroup>\n<col width=\"330\" \/>\n<col width=\"85\" \/><\/colgroup>\n<tbody>\n<tr>\n<td data-sheets-value=\"{&quot;1&quot;:2,&quot;2&quot;:&quot;Mungesa e informimit&quot;}\"><span style=\"font-weight: 400;\">Nedostatak informacije<\/span><\/td>\n<td data-sheets-value=\"{&quot;1&quot;:3,&quot;3&quot;:40}\"><span style=\"font-weight: 400;\">142<\/span><\/td>\n<\/tr>\n<tr>\n<td data-sheets-value=\"{&quot;1&quot;:2,&quot;2&quot;:&quot;Frik\u00eb nga nd\u00ebshkimi apo k\u00ebrc\u00ebnimi&quot;}\"><span style=\"font-weight: 400;\">Strah od ka\u017enjavanja i prijetnji<\/span><\/td>\n<td data-sheets-value=\"{&quot;1&quot;:3,&quot;3&quot;:33}\"><span style=\"font-weight: 400;\">130<\/span><\/td>\n<\/tr>\n<tr>\n<td data-sheets-value=\"{&quot;1&quot;:2,&quot;2&quot;:&quot;Frik\u00eb nga paragjykimi&quot;}\"><span style=\"font-weight: 400;\">Strah od predrasuda<\/span><\/td>\n<td data-sheets-value=\"{&quot;1&quot;:3,&quot;3&quot;:228}\"><span style=\"font-weight: 400;\">724<\/span><\/td>\n<\/tr>\n<tr>\n<td data-sheets-value=\"{&quot;1&quot;:2,&quot;2&quot;:&quot;V\u00ebshtir\u00ebsi ekonomike&quot;}\"><span style=\"font-weight: 400;\">Ekonomske pote\u0161ko\u010de<\/span><\/td>\n<td data-sheets-value=\"{&quot;1&quot;:3,&quot;3&quot;:32}\"><span style=\"font-weight: 400;\">67<\/span><\/td>\n<\/tr>\n<tr>\n<td data-sheets-value=\"{&quot;1&quot;:2,&quot;2&quot;:&quot;Munges\u00eb e ndihm\u00ebs ligjore&quot;}\"><span style=\"font-weight: 400;\">Nedostatak pravne pomo<\/span><span style=\"font-weight: 400;\">\u0107<\/span><span style=\"font-weight: 400;\">i<\/span><\/td>\n<td data-sheets-value=\"{&quot;1&quot;:3,&quot;3&quot;:21}\"><span style=\"font-weight: 400;\">50<\/span><\/td>\n<\/tr>\n<tr>\n<td data-sheets-value=\"{&quot;1&quot;:2,&quot;2&quot;:&quot;Tjet\u00ebr&quot;}\">Drugo<\/td>\n<td data-sheets-value=\"{&quot;1&quot;:3,&quot;3&quot;:53}\"><span style=\"font-weight: 400;\">314<\/span><\/td>\n<\/tr>\n<\/tbody>\n<\/table>\n<p>[\/vc_column_text][\/vc_tta_section][\/vc_tta_tabs][\/vc_column][\/vc_row][vc_row css=&#8220;.vc_custom_1610749181183{padding-top: 0px !important;padding-bottom: 30px !important;}&#8220;][vc_column width=&#8220;1\/6&#8243;][\/vc_column][vc_column width=&#8220;2\/3&#8243;][vc_tta_tabs active_section=&#8220;1&#8243;][vc_tta_section title=&#8220;Ako ste prijavili slu\u010daj, da li ste u\u010destvovali u procedurama:&#8220; tab_id=&#8220;1609277208596-0097296a-7d64&#8243;][vc_column_text]<\/p>\n<table dir=\"ltr\" border=\"1\" cellspacing=\"0\" cellpadding=\"0\">\n<colgroup>\n<col width=\"330\" \/>\n<col width=\"85\" \/><\/colgroup>\n<tbody>\n<tr>\n<td data-sheets-value=\"{&quot;1&quot;:2,&quot;2&quot;:&quot;Po, n\u00eb t\u00eb gjitha procedurat&quot;}\"><span style=\"font-weight: 400;\">Da, u svim procedurama<\/span><\/td>\n<td data-sheets-value=\"{&quot;1&quot;:2,&quot;2&quot;:&quot;-&quot;}\">7<\/td>\n<\/tr>\n<tr>\n<td data-sheets-value=\"{&quot;1&quot;:2,&quot;2&quot;:&quot;Vet\u00ebm n\u00eb disa raste&quot;}\"><span style=\"font-weight: 400;\">Samo u nekim procedurama<\/span><\/td>\n<td data-sheets-value=\"{&quot;1&quot;:3,&quot;3&quot;:3}\">14<\/td>\n<\/tr>\n<tr>\n<td data-sheets-value=\"{&quot;1&quot;:2,&quot;2&quot;:&quot;Jo, n\u00eb asnj\u00eb procedur\u00eb&quot;}\"><span style=\"font-weight: 400;\">Ne, ni u jednoj proceduri<\/span><\/td>\n<td data-sheets-value=\"{&quot;1&quot;:3,&quot;3&quot;:9}\">21<\/td>\n<\/tr>\n<tr>\n<td data-sheets-value=\"{&quot;1&quot;:2,&quot;2&quot;:&quot;Tjet\u00ebr&quot;}\">Drugo<\/td>\n<td data-sheets-value=\"{&quot;1&quot;:3,&quot;3&quot;:1}\">8<\/td>\n<\/tr>\n<\/tbody>\n<\/table>\n<p>[\/vc_column_text][\/vc_tta_section][\/vc_tta_tabs][\/vc_column][vc_column width=&#8220;1\/6&#8243;][\/vc_column][\/vc_row][vc_row][vc_column][vc_tta_tabs active_section=&#8220;1&#8243;][vc_tta_section title=&#8220;Da li ste ikada tra\u017eili pravnu pomo\u0107 za pristup pravdi?&#8220; tab_id=&#8220;1609276509764-f485fb6d-9271&#8243;][vc_column_text]<\/p>\n<table dir=\"ltr\" border=\"1\" cellspacing=\"0\" cellpadding=\"0\">\n<colgroup>\n<col width=\"330\" \/>\n<col width=\"85\" \/><\/colgroup>\n<tbody>\n<tr>\n<td data-sheets-value=\"{&quot;1&quot;:2,&quot;2&quot;:&quot;Po&quot;}\">Da<\/td>\n<td data-sheets-value=\"{&quot;1&quot;:3,&quot;3&quot;:3}\"><span style=\"font-weight: 400;\">20<\/span><\/td>\n<\/tr>\n<tr>\n<td data-sheets-value=\"{&quot;1&quot;:2,&quot;2&quot;:&quot;Jo&quot;}\">Ne<\/td>\n<td data-sheets-value=\"{&quot;1&quot;:2,&quot;2&quot;:&quot;-&quot;}\"><span style=\"font-weight: 400;\">1155<\/span><\/td>\n<\/tr>\n<tr>\n<td data-sheets-value=\"{&quot;1&quot;:2,&quot;2&quot;:&quot;Tjet\u00ebr&quot;}\">Drugo<\/td>\n<td data-sheets-value=\"{&quot;1&quot;:2,&quot;2&quot;:&quot;-&quot;}\">1<\/td>\n<\/tr>\n<\/tbody>\n<\/table>\n<p>[\/vc_column_text][\/vc_tta_section][vc_tta_section title=&#8220;Ako da, ko je pru\u017eio pravnu pomo\u0107?&#8220; tab_id=&#8220;1609276509807-2987f2f0-9c5b&#8220;][vc_column_text]<\/p>\n<table dir=\"ltr\" border=\"1\" cellspacing=\"0\" cellpadding=\"0\">\n<colgroup>\n<col width=\"330\" \/>\n<col width=\"85\" \/><\/colgroup>\n<tbody>\n<tr>\n<td data-sheets-value=\"{&quot;1&quot;:2,&quot;2&quot;:&quot;Avokat\u00eb me autorizim (me pages\u00eb personale)&quot;}\"><span style=\"font-weight: 400;\">Autorizirani advokati (uz li\u010dnu uplatu)<\/span><\/td>\n<td data-sheets-value=\"{&quot;1&quot;:2,&quot;2&quot;:&quot;-&quot;}\">&#8211;<\/td>\n<\/tr>\n<tr>\n<td data-sheets-value=\"{&quot;1&quot;:2,&quot;2&quot;:&quot;Avokat\u00eb sipas detyr\u00ebs zyrtare&quot;}\"><span style=\"font-weight: 400;\">Advokati po slu\u017ebenoj du\u017enosti<\/span><\/td>\n<td data-sheets-value=\"{&quot;1&quot;:3,&quot;3&quot;:1}\">4<\/td>\n<\/tr>\n<tr>\n<td data-sheets-value=\"{&quot;1&quot;:2,&quot;2&quot;:&quot;Agjencia p\u00ebr ndihm\u00eb juridike falas&quot;}\"><span style=\"font-weight: 400;\">Agencija za besplatnu pravnu pomo\u0107<\/span><\/td>\n<td data-sheets-value=\"{&quot;1&quot;:2,&quot;2&quot;:&quot;-&quot;}\">&#8211;<\/td>\n<\/tr>\n<tr>\n<td data-sheets-value=\"{&quot;1&quot;:2,&quot;2&quot;:&quot;Mbrojt\u00ebsit e viktimave&quot;}\"><span style=\"font-weight: 400;\">Zagovornici \u017ertava<\/span><\/td>\n<td data-sheets-value=\"{&quot;1&quot;:2,&quot;2&quot;:&quot;-&quot;}\">2<\/td>\n<\/tr>\n<tr>\n<td data-sheets-value=\"{&quot;1&quot;:2,&quot;2&quot;:&quot;Organizatat joqeveritare&quot;}\"><span style=\"font-weight: 400;\">Nevladine Organizacije<\/span><\/td>\n<td data-sheets-value=\"{&quot;1&quot;:3,&quot;3&quot;:6}\">22<\/td>\n<\/tr>\n<tr>\n<td data-sheets-value=\"{&quot;1&quot;:2,&quot;2&quot;:&quot;Nuk \u00ebsht\u00eb ofruar mb\u00ebshtetje ligjore&quot;}\"><span style=\"font-weight: 400;\">Nije pru\u017eena zakonska podr\u0161ka<\/span><\/td>\n<td data-sheets-value=\"{&quot;1&quot;:3,&quot;3&quot;:2}\">3<\/td>\n<\/tr>\n<tr>\n<td data-sheets-value=\"{&quot;1&quot;:2,&quot;2&quot;:&quot;Tjet\u00ebr&quot;}\">Drugo<\/td>\n<td data-sheets-value=\"{&quot;1&quot;:2,&quot;2&quot;:&quot;-&quot;}\">3<\/td>\n<\/tr>\n<\/tbody>\n<\/table>\n<p>[\/vc_column_text][\/vc_tta_section][\/vc_tta_tabs][\/vc_column][\/vc_row]<\/p>\n","protected":false},"excerpt":{"rendered":"<p>[vc_row css=&#8220;.vc_custom_1610749115655{padding-top: 60px !important;padding-bottom: 30px !important;background-color: #ededed !important;}&#8220;][vc_column el_class=&#8220;Gjinia e viktimave t\u00eb dhun\u00ebs seksuale&#8220;][vc_column_text] Pristup pravdi (Deo G) [\/vc_column_text][vc_separator color=&#8220;custom&#8220; border_width=&#8220;3&#8243; accent_color=&#8220;#f58434&#8243;][\/vc_column][\/vc_row][vc_row][vc_column][vc_tta_tabs active_section=&#8220;1&#8243;][vc_tta_section title=&#8220;Da li ste prijavili slu\u010daj kod istra\u017enim\/ pravosudnim institucijama:&#8220; tab_id=&#8220;1608643542694-2bd5379f-0fc5&#8243;][vc_column_text] Da 49 Ne 1251 Drugo &#8211; [\/vc_column_text][\/vc_tta_section][vc_tta_section title=&#8220;Ako da, navedite rezultate:&#8220; tab_id=&#8220;1608643542786-f55b8dff-c38c&#8220;][vc_column_text] \u010ceka se da po\u010dne istraga 4 Istrage su po\u010dele 8 [&hellip;]<\/p>\n","protected":false},"author":1,"featured_media":0,"parent":0,"menu_order":2,"comment_status":"closed","ping_status":"closed","template":"tpl-visual_composer.php","meta":[],"_links":{"self":[{"href":"https:\/\/krct.org\/dokumentimi\/sr\/wp-json\/wp\/v2\/pages\/867"}],"collection":[{"href":"https:\/\/krct.org\/dokumentimi\/sr\/wp-json\/wp\/v2\/pages"}],"about":[{"href":"https:\/\/krct.org\/dokumentimi\/sr\/wp-json\/wp\/v2\/types\/page"}],"author":[{"embeddable":true,"href":"https:\/\/krct.org\/dokumentimi\/sr\/wp-json\/wp\/v2\/users\/1"}],"replies":[{"embeddable":true,"href":"https:\/\/krct.org\/dokumentimi\/sr\/wp-json\/wp\/v2\/comments?post=867"}],"version-history":[{"count":13,"href":"https:\/\/krct.org\/dokumentimi\/sr\/wp-json\/wp\/v2\/pages\/867\/revisions"}],"predecessor-version":[{"id":1270,"href":"https:\/\/krct.org\/dokumentimi\/sr\/wp-json\/wp\/v2\/pages\/867\/revisions\/1270"}],"wp:attachment":[{"href":"https:\/\/krct.org\/dokumentimi\/sr\/wp-json\/wp\/v2\/media?parent=867"}],"curies":[{"name":"wp","href":"https:\/\/api.w.org\/{rel}","templated":true}]}}