{"id":872,"date":"2020-12-22T20:09:29","date_gmt":"2020-12-22T20:09:29","guid":{"rendered":"http:\/\/pointmedia.al\/krctdokumentimi\/seksioni-h\/"},"modified":"2024-12-12T00:31:46","modified_gmt":"2024-12-12T00:31:46","slug":"deo-h","status":"publish","type":"page","link":"https:\/\/krct.org\/dokumentimi\/sr\/deo-h\/","title":{"rendered":"Deo H"},"content":{"rendered":"<p>[vc_row css=&#8220;.vc_custom_1610749237223{padding-top: 60px !important;padding-bottom: 30px !important;background-color: #ededed !important;}&#8220;][vc_column el_class=&#8220;Gjinia e viktimave t\u00eb dhun\u00ebs seksuale&#8220;][vc_column_text]<\/p>\n<h2 style=\"text-align: center;\"><b>Administrativna reparacija<\/b><\/h2>\n<h2 style=\"text-align: center;\"><strong>(Deo H)<\/strong><\/h2>\n<p>[\/vc_column_text][vc_separator color=&#8220;custom&#8220; border_width=&#8220;3&#8243; accent_color=&#8220;#f58434&#8243;][\/vc_column][\/vc_row][vc_row][vc_column][vc_tta_tabs active_section=&#8220;1&#8243;][vc_tta_section title=&#8220;Slu\u010dajevi koji su podneli zahtev za priznavanje statusa \u201e\u017ertve seksualnog nasilja\u201c&#8220; tab_id=&#8220;1608643805182-b0053e87-46c5&#8243;][vc_column_text]<\/p>\n<table dir=\"ltr\" border=\"1\" cellspacing=\"0\" cellpadding=\"0\">\n<colgroup>\n<col width=\"330\" \/>\n<col width=\"85\" \/><\/colgroup>\n<tbody>\n<tr>\n<td data-sheets-value=\"{&quot;1&quot;:2,&quot;2&quot;:&quot;Po&quot;}\">Da<\/td>\n<td data-sheets-value=\"{&quot;1&quot;:3,&quot;3&quot;:283}\"><span style=\"font-weight: 400;\">1198<\/span><\/td>\n<\/tr>\n<tr>\n<td data-sheets-value=\"{&quot;1&quot;:2,&quot;2&quot;:&quot;Jo&quot;}\">Ne<\/td>\n<td data-sheets-value=\"{&quot;1&quot;:3,&quot;3&quot;:53}\"><span style=\"font-weight: 400;\">102<\/span><\/td>\n<\/tr>\n<tr>\n<td data-sheets-value=\"{&quot;1&quot;:2,&quot;2&quot;:&quot;Tjet\u00ebr&quot;}\">Drugo<\/td>\n<td data-sheets-value=\"{&quot;1&quot;:2,&quot;2&quot;:&quot;-&quot;}\">1<\/td>\n<\/tr>\n<\/tbody>\n<\/table>\n<p>[\/vc_column_text][\/vc_tta_section][vc_tta_section title=&#8220;Ako da:&#8220; tab_id=&#8220;1608643805388-525a8f28-843f&#8220;][vc_column_text]<\/p>\n<table dir=\"ltr\" border=\"1\" cellspacing=\"0\" cellpadding=\"0\">\n<colgroup>\n<col width=\"330\" \/>\n<col width=\"85\" \/><\/colgroup>\n<tbody>\n<tr>\n<td data-sheets-value=\"{&quot;1&quot;:2,&quot;2&quot;:&quot;N\u00eb pritje t\u00eb p\u00ebrgjigjes&quot;}\"><span style=\"font-weight: 400;\">\u010cekaju\u010di odgovor <\/span><\/td>\n<td data-sheets-value=\"{&quot;1&quot;:3,&quot;3&quot;:60}\"><span style=\"font-weight: 400;\">57<\/span><\/td>\n<\/tr>\n<tr>\n<td data-sheets-value=\"{&quot;1&quot;:2,&quot;2&quot;:&quot;\u00cbsht\u00eb njohur statusi&quot;}\"><span style=\"font-weight: 400;\">Status prepoznat<\/span><\/td>\n<td data-sheets-value=\"{&quot;1&quot;:3,&quot;3&quot;:188}\"><span style=\"font-weight: 400;\">1033<\/span><\/td>\n<\/tr>\n<tr>\n<td data-sheets-value=\"{&quot;1&quot;:2,&quot;2&quot;:&quot;\u00cbsht\u00eb refuzuar statusi&quot;}\"><span style=\"font-weight: 400;\">Status odbijen<\/span><\/td>\n<td data-sheets-value=\"{&quot;1&quot;:3,&quot;3&quot;:27}\"><span style=\"font-weight: 400;\">105<\/span><\/td>\n<\/tr>\n<\/tbody>\n<\/table>\n<p>[\/vc_column_text][\/vc_tta_section][vc_tta_section title=&#8220;Ako ne:&#8220; tab_id=&#8220;1608643805583-b8b1bfca-a219&#8243;][vc_column_text]<\/p>\n<table dir=\"ltr\" border=\"1\" cellspacing=\"0\" cellpadding=\"0\">\n<colgroup>\n<col width=\"330\" \/>\n<col width=\"85\" \/><\/colgroup>\n<tbody>\n<tr>\n<td data-sheets-value=\"{&quot;1&quot;:2,&quot;2&quot;:&quot;Nuk \u00ebsht\u00eb n\u00eb dijeni p\u00ebr procesin&quot;}\"><span style=\"font-weight: 400;\">Nema informacije o procesu<\/span><\/td>\n<td data-sheets-value=\"{&quot;1&quot;:2,&quot;2&quot;:&quot;-&quot;}\">1<\/td>\n<\/tr>\n<tr>\n<td data-sheets-value=\"{&quot;1&quot;:2,&quot;2&quot;:&quot;Frik\u00eb mos po zbulohet identiteti&quot;}\"><span style=\"font-weight: 400;\">Strah da se ne otkrije identitet<\/span><\/td>\n<td data-sheets-value=\"{&quot;1&quot;:3,&quot;3&quot;:2}\">34<\/td>\n<\/tr>\n<tr>\n<td data-sheets-value=\"{&quot;1&quot;:2,&quot;2&quot;:&quot;Munges\u00eb e asistenc\u00ebs&quot;}\"><span style=\"font-weight: 400;\">Nedostatak pomo\u0107i<\/span><\/td>\n<td data-sheets-value=\"{&quot;1&quot;:2,&quot;2&quot;:&quot;-&quot;}\">1<\/td>\n<\/tr>\n<tr>\n<td data-sheets-value=\"{&quot;1&quot;:2,&quot;2&quot;:&quot;Munges\u00eb e kapaciteteve fizike dhe mendore&quot;}\"><span style=\"font-weight: 400;\">Nedostatak fizi\u010dke i mentalne sposobnosti<\/span><\/td>\n<td data-sheets-value=\"{&quot;1&quot;:2,&quot;2&quot;:&quot;-&quot;}\">&#8211;<\/td>\n<\/tr>\n<tr>\n<td data-sheets-value=\"{&quot;1&quot;:2,&quot;2&quot;:&quot;Tjera&quot;}\">Drugo<\/td>\n<td data-sheets-value=\"{&quot;1&quot;:3,&quot;3&quot;:53}\">66<\/td>\n<\/tr>\n<\/tbody>\n<\/table>\n<p>[\/vc_column_text][\/vc_tta_section][\/vc_tta_tabs][\/vc_column][\/vc_row][vc_row css=&#8220;.vc_custom_1610749269749{padding-top: 0px !important;padding-bottom: 0px !important;}&#8220;][vc_column width=&#8220;1\/2&#8243;][vc_column_text]<\/p>\n<table dir=\"ltr\" border=\"1\" cellspacing=\"0\" cellpadding=\"0\">\n<colgroup>\n<col width=\"330\" \/>\n<col width=\"85\" \/><\/colgroup>\n<tbody>\n<tr>\n<td colspan=\"2\" rowspan=\"1\" data-sheets-value=\"{&quot;1&quot;:2,&quot;2&quot;:&quot;N\u00ebse \u00ebsht\u00eb njohur statusi, sa ka zgjatur procedura nga momenti i aplikimit deri n\u00eb marrjen e Vendimit?&quot;}\"><strong>Ako je status prepoznat, koliko je trajala procedura od trenutka prijave do dono\u0161enja Odluke?<\/strong><\/td>\n<\/tr>\n<tr>\n<td data-sheets-value=\"{&quot;1&quot;:2,&quot;2&quot;:&quot;1 - 3 muaj&quot;}\">1 &#8211; 3 <span style=\"font-weight: 400;\">meseca<\/span><\/td>\n<td data-sheets-value=\"{&quot;1&quot;:3,&quot;3&quot;:23}\"><span style=\"font-weight: 400;\">49<\/span><\/td>\n<\/tr>\n<tr>\n<td data-sheets-value=\"{&quot;1&quot;:2,&quot;2&quot;:&quot;3 - 6 muaj&quot;}\">3 &#8211; 6 <span style=\"font-weight: 400;\">meseca<\/span><\/td>\n<td data-sheets-value=\"{&quot;1&quot;:3,&quot;3&quot;:28}\"><span style=\"font-weight: 400;\">79<\/span><\/td>\n<\/tr>\n<tr>\n<td data-sheets-value=\"{&quot;1&quot;:2,&quot;2&quot;:&quot;6 - 9 muaj&quot;}\">6 &#8211; 9 <span style=\"font-weight: 400;\">meseca<\/span><\/td>\n<td data-sheets-value=\"{&quot;1&quot;:3,&quot;3&quot;:19}\"><span style=\"font-weight: 400;\">144<\/span><\/td>\n<\/tr>\n<tr>\n<td data-sheets-value=\"{&quot;1&quot;:2,&quot;2&quot;:&quot;9 - 12 muaj&quot;}\">9 &#8211; 12 <span style=\"font-weight: 400;\">meseca<\/span><\/td>\n<td data-sheets-value=\"{&quot;1&quot;:3,&quot;3&quot;:48}\"><span style=\"font-weight: 400;\">328<\/span><\/td>\n<\/tr>\n<tr>\n<td data-sheets-value=\"{&quot;1&quot;:2,&quot;2&quot;:&quot;M\u00eb shum\u00eb se nj\u00eb vit&quot;}\"><span style=\"font-weight: 400;\">Vi\u0161e od godinu dana<\/span><\/td>\n<td data-sheets-value=\"{&quot;1&quot;:3,&quot;3&quot;:69}\"><span style=\"font-weight: 400;\">430<\/span><\/td>\n<\/tr>\n<\/tbody>\n<\/table>\n<p>[\/vc_column_text][\/vc_column][vc_column width=&#8220;1\/2&#8243;][vc_column_text]<\/p>\n<table dir=\"ltr\" border=\"1\" cellspacing=\"0\" cellpadding=\"0\">\n<colgroup>\n<col width=\"330\" \/>\n<col width=\"85\" \/><\/colgroup>\n<tbody>\n<tr>\n<td colspan=\"2\" rowspan=\"1\" data-sheets-value=\"{&quot;1&quot;:2,&quot;2&quot;:&quot;N\u00ebse \u00ebsht\u00eb njohur statusi, cilat t\u00eb drejta dhe benificioni i g\u00ebzoni?\\r\\n&quot;}\"><strong>Ako je status prepoznat, koja ste prava i prednosti\/ beneficije dobili?<\/strong><\/td>\n<\/tr>\n<tr>\n<td data-sheets-value=\"{&quot;1&quot;:2,&quot;2&quot;:&quot;Vet\u00ebm Pensionin personal&quot;}\"><span style=\"font-weight: 400;\">Samo li\u010dnu penziju<\/span><\/td>\n<td data-sheets-value=\"{&quot;1&quot;:3,&quot;3&quot;:183}\"><span style=\"font-weight: 400;\">1005<\/span><\/td>\n<\/tr>\n<tr>\n<td data-sheets-value=\"{&quot;1&quot;:2,&quot;2&quot;:&quot;Vet\u00ebm benificionet&quot;}\"><span style=\"font-weight: 400;\">Samo beneficije<\/span><\/td>\n<td data-sheets-value=\"{&quot;1&quot;:2,&quot;2&quot;:&quot;-&quot;}\">4<\/td>\n<\/tr>\n<tr>\n<td data-sheets-value=\"{&quot;1&quot;:2,&quot;2&quot;:&quot;Pensionin dhe benificionet e tjera&quot;}\"><span style=\"font-weight: 400;\">Penziju i druge beneficije<\/span><\/td>\n<td data-sheets-value=\"{&quot;1&quot;:3,&quot;3&quot;:3}\">7<\/td>\n<\/tr>\n<tr>\n<td data-sheets-value=\"{&quot;1&quot;:2,&quot;2&quot;:&quot;Nuk realizon as pensionin as benificionet&quot;}\"><span style=\"font-weight: 400;\">Ne dobiva ni penziju ni beneficije<\/span><\/td>\n<td data-sheets-value=\"{&quot;1&quot;:3,&quot;3&quot;:1}\">3<\/td>\n<\/tr>\n<tr>\n<td data-sheets-value=\"{&quot;1&quot;:2,&quot;2&quot;:&quot;Tjet\u00ebr&quot;}\">Drugo<\/td>\n<td data-sheets-value=\"{&quot;1&quot;:2,&quot;2&quot;:&quot;-&quot;}\">&#8211;<\/td>\n<\/tr>\n<\/tbody>\n<\/table>\n<p>[\/vc_column_text][\/vc_column][\/vc_row][vc_row css=&#8220;.vc_custom_1610749428890{margin-top: 60px !important;margin-bottom: 60px !important;padding-top: 30px !important;padding-bottom: 30px !important;background-color: #ededed !important;}&#8220;][vc_column width=&#8220;1\/6&#8243;][\/vc_column][vc_column width=&#8220;2\/3&#8243;][vc_column_text]<\/p>\n<table dir=\"ltr\" border=\"1\" cellspacing=\"0\" cellpadding=\"0\">\n<colgroup>\n<col width=\"330\" \/>\n<col width=\"85\" \/><\/colgroup>\n<tbody>\n<tr>\n<td colspan=\"2\" rowspan=\"1\" data-sheets-value=\"{&quot;1&quot;:2,&quot;2&quot;:&quot;N\u00ebse \u00ebsht\u00eb refuzuar statusi: &quot;}\"><b>Ako je status odbijen:<\/b><\/td>\n<\/tr>\n<tr>\n<td data-sheets-value=\"{&quot;1&quot;:2,&quot;2&quot;:&quot;\u00cbsht\u00eb n\u00eb pritje t\u00eb rishqyrtimit&quot;}\"><span style=\"font-weight: 400;\">\u010ceka se na ponovno razmatranje<\/span><\/td>\n<td data-sheets-value=\"{&quot;1&quot;:3,&quot;3&quot;:15}\"><span style=\"font-weight: 400;\">11<\/span><\/td>\n<\/tr>\n<tr>\n<td data-sheets-value=\"{&quot;1&quot;:2,&quot;2&quot;:&quot;\u00cbsht\u00eb b\u00ebr\u00eb padi n\u00eb gjykat\u00eb&quot;}\"><span style=\"font-weight: 400;\">Tu\u017eba je podneta na sudu<\/span><\/td>\n<td data-sheets-value=\"{&quot;1&quot;:3,&quot;3&quot;:3}\">45<\/td>\n<\/tr>\n<tr>\n<td data-sheets-value=\"{&quot;1&quot;:2,&quot;2&quot;:&quot;Ka hequr dor\u00eb&quot;}\"><span style=\"font-weight: 400;\">Odustao\/ odustala<\/span><\/td>\n<td data-sheets-value=\"{&quot;1&quot;:3,&quot;3&quot;:5}\">41<\/td>\n<\/tr>\n<tr>\n<td data-sheets-value=\"{&quot;1&quot;:2,&quot;2&quot;:&quot;Tjet\u00ebr&quot;}\">Drugo<\/td>\n<td data-sheets-value=\"{&quot;1&quot;:3,&quot;3&quot;:2}\">7<\/td>\n<\/tr>\n<\/tbody>\n<\/table>\n<p>[\/vc_column_text][\/vc_column][vc_column width=&#8220;1\/6&#8243;][\/vc_column][\/vc_row]<\/p>\n","protected":false},"excerpt":{"rendered":"<p>[vc_row css=&#8220;.vc_custom_1610749237223{padding-top: 60px !important;padding-bottom: 30px !important;background-color: #ededed !important;}&#8220;][vc_column el_class=&#8220;Gjinia e viktimave t\u00eb dhun\u00ebs seksuale&#8220;][vc_column_text] Administrativna reparacija (Deo H) [\/vc_column_text][vc_separator color=&#8220;custom&#8220; border_width=&#8220;3&#8243; accent_color=&#8220;#f58434&#8243;][\/vc_column][\/vc_row][vc_row][vc_column][vc_tta_tabs active_section=&#8220;1&#8243;][vc_tta_section title=&#8220;Slu\u010dajevi koji su podneli zahtev za priznavanje statusa \u201e\u017ertve seksualnog nasilja\u201c&#8220; tab_id=&#8220;1608643805182-b0053e87-46c5&#8243;][vc_column_text] Da 1198 Ne 102 Drugo 1 [\/vc_column_text][\/vc_tta_section][vc_tta_section title=&#8220;Ako da:&#8220; tab_id=&#8220;1608643805388-525a8f28-843f&#8220;][vc_column_text] \u010cekaju\u010di odgovor 57 Status prepoznat 1033 Status odbijen 105 [\/vc_column_text][\/vc_tta_section][vc_tta_section [&hellip;]<\/p>\n","protected":false},"author":1,"featured_media":0,"parent":0,"menu_order":2,"comment_status":"closed","ping_status":"closed","template":"tpl-visual_composer.php","meta":[],"_links":{"self":[{"href":"https:\/\/krct.org\/dokumentimi\/sr\/wp-json\/wp\/v2\/pages\/872"}],"collection":[{"href":"https:\/\/krct.org\/dokumentimi\/sr\/wp-json\/wp\/v2\/pages"}],"about":[{"href":"https:\/\/krct.org\/dokumentimi\/sr\/wp-json\/wp\/v2\/types\/page"}],"author":[{"embeddable":true,"href":"https:\/\/krct.org\/dokumentimi\/sr\/wp-json\/wp\/v2\/users\/1"}],"replies":[{"embeddable":true,"href":"https:\/\/krct.org\/dokumentimi\/sr\/wp-json\/wp\/v2\/comments?post=872"}],"version-history":[{"count":17,"href":"https:\/\/krct.org\/dokumentimi\/sr\/wp-json\/wp\/v2\/pages\/872\/revisions"}],"predecessor-version":[{"id":1271,"href":"https:\/\/krct.org\/dokumentimi\/sr\/wp-json\/wp\/v2\/pages\/872\/revisions\/1271"}],"wp:attachment":[{"href":"https:\/\/krct.org\/dokumentimi\/sr\/wp-json\/wp\/v2\/media?parent=872"}],"curies":[{"name":"wp","href":"https:\/\/api.w.org\/{rel}","templated":true}]}}