{"id":604,"date":"2020-12-11T23:27:39","date_gmt":"2020-12-11T23:27:39","guid":{"rendered":"http:\/\/pointmedia.al\/krctdokumentimi\/dokumentimi-copy\/"},"modified":"2024-12-09T22:30:09","modified_gmt":"2024-12-09T22:30:09","slug":"dokumentimi2","status":"publish","type":"page","link":"https:\/\/krct.org\/dokumentimi\/dokumentimi2\/","title":{"rendered":"DOKUMENTIMI"},"content":{"rendered":"<p>[vc_row miscellaneous=&#8221;true&#8221; gaps=&#8221;remove-gap&#8221; padding=&#8221;no-padding&#8221; remove_bottom=&#8221;remove-bottom&#8221; gray_section=&#8221;dark-gray&#8221; css=&#8221;.vc_custom_1607901243405{padding-top: 20px !important;padding-bottom: 0px !important;}&#8221;][vc_column width=&#8221;1\/6&#8243;][\/vc_column][vc_column width=&#8221;2\/3&#8243;][vc_column_text][\/vc_column_text][vc_column_text]<\/p>\n<h2 style=\"text-align: center;\"><b>\u201c<\/b><b>Dokumentimi i krimeve t\u00eb dhun\u00ebs seksuale gjat\u00eb luft\u00ebs n\u00eb Kosov\u00eb\u201d<\/b><\/h2>\n<p>&nbsp;<\/p>\n<p><span style=\"font-weight: 400;\">QKRMT p\u00ebr her\u00eb t\u00eb par\u00eb n\u00eb Kosov\u00eb ka filluar zbatimin e nj\u00eb projekti i cili eksklusivisht dokumenton krimet e dhun\u00ebs seksuale gjat\u00eb luft\u00ebs n\u00eb Kosov\u00eb.\u00a0Q\u00eb prej p\u00ebrfundimit t\u00eb luft\u00ebs, ka munguar\u00a0 nj\u00eb databaz\u00eb e mir\u00ebstrukturuar q\u00eb dokumenton specifikisht k\u00ebto krime. P\u00ebr t\u00eb adresuar k\u00ebt\u00eb boshll\u00ebk, QKRMT, me mb\u00ebshtetjen e Ambasad\u00ebs Zvicerane, n\u00eb vitin 2019 filloi zbatimin e projektit \u201cRritja e angazhimit p\u00ebr drejt\u00ebsi tranzicionale n\u00eb Kosov\u00eb p\u00ebrmes dokumentimit t\u00eb dhun\u00ebs seksuale gjat\u00eb luft\u00ebs\u201d, projekt ky q\u00eb vazhdoi deri n\u00eb prill t\u00eb vitit 2023, nd\u00ebrsa tani vazhdon t\u00eb mb\u00ebshtetet nga <\/span><i><span style=\"font-weight: 400;\">medica mondiale e.V.<\/span><\/i><span style=\"font-weight: 400;\"> dhe BMZ.<\/span><\/p>\n<p><span style=\"font-weight: 400;\">Ky process synon t\u00eb dokumentoj\u00eb n\u00eb m\u00ebnyr\u00eb gjith\u00ebp\u00ebrfshir\u00ebse rastet e dhun\u00ebs seksuale gjat\u00eb luft\u00ebs n\u00eb Kosov\u00eb dhe t\u00eb rris\u00eb nd\u00ebrgjegj\u00ebsimin publik mbi k\u00ebt\u00eb \u00e7\u00ebshtje.<\/span><\/p>\n<p><span style=\"font-weight: 400;\">\u00a0Projekti zbatohet nga QKRMT n\u00eb partneritet me organizatat joqeveritare t\u00eb autorizuara: Qendra p\u00ebr Promovimin e t\u00eb Drejtave t\u00eb Grave (QPDG), Medica Kosova, dhe Medica Gjakova. <\/span>[\/vc_column_text][vc_separator color=&#8221;custom&#8221; border_width=&#8221;3&#8243; accent_color=&#8221;#f58434&#8243;][\/vc_column][vc_column width=&#8221;1\/6&#8243;][\/vc_column][\/vc_row][vc_row css=&#8221;.vc_custom_1610666456296{margin-top: 60px !important;margin-bottom: 60px !important;padding-top: 30px !important;padding-bottom: 0px !important;background-color: #ededed !important;}&#8221;][vc_column][vc_column_text]<\/p>\n<p style=\"text-align: center;\"><b>Numri i rasteve t\u00eb dokumentuara: <span style=\"font-weight: 400;\">1300 <\/span><\/b><\/p>\n<p style=\"text-align: center;\">Mbledhja e t\u00eb dh\u00ebnave \u00ebsht\u00eb b\u00ebr\u00eb nga QKRMT &#8211; <span style=\"font-weight: 400;\">405 <\/span>Raste dhe organizatat partnere: Medica Kosova &#8211; <span style=\"font-weight: 400;\">238 <\/span>Raste, QPDG &#8211; <span style=\"font-weight: 400;\">267 <\/span>Raste dhe Medica Gjakova &#8211; <span style=\"font-weight: 400;\">390 <\/span>Raste.<\/p>\n<p>[\/vc_column_text][\/vc_column][\/vc_row][vc_row css=&#8221;.vc_custom_1611698847703{margin-top: 0px !important;padding-top: 30px !important;}&#8221;][vc_column width=&#8221;1\/3&#8243;][\/vc_column][vc_column width=&#8221;1\/3&#8243;][\/vc_column][\/vc_row]<\/p>\n","protected":false},"excerpt":{"rendered":"<p>[vc_row miscellaneous=&#8221;true&#8221; gaps=&#8221;remove-gap&#8221; padding=&#8221;no-padding&#8221; remove_bottom=&#8221;remove-bottom&#8221; gray_section=&#8221;dark-gray&#8221; css=&#8221;.vc_custom_1607901243405{padding-top: 20px !important;padding-bottom: 0px !important;}&#8221;][vc_column width=&#8221;1\/6&#8243;][\/vc_column][vc_column width=&#8221;2\/3&#8243;][vc_column_text][\/vc_column_text][vc_column_text] \u201cDokumentimi i krimeve t\u00eb dhun\u00ebs seksuale gjat\u00eb luft\u00ebs n\u00eb Kosov\u00eb\u201d &nbsp; QKRMT p\u00ebr her\u00eb t\u00eb par\u00eb n\u00eb Kosov\u00eb ka filluar zbatimin e nj\u00eb projekti i cili eksklusivisht dokumenton krimet e dhun\u00ebs seksuale gjat\u00eb luft\u00ebs n\u00eb Kosov\u00eb.\u00a0Q\u00eb prej p\u00ebrfundimit t\u00eb luft\u00ebs, ka munguar\u00a0 [&hellip;]<\/p>\n","protected":false},"author":1,"featured_media":0,"parent":0,"menu_order":2,"comment_status":"closed","ping_status":"closed","template":"tpl-visual_composer.php","meta":[],"_links":{"self":[{"href":"https:\/\/krct.org\/dokumentimi\/wp-json\/wp\/v2\/pages\/604"}],"collection":[{"href":"https:\/\/krct.org\/dokumentimi\/wp-json\/wp\/v2\/pages"}],"about":[{"href":"https:\/\/krct.org\/dokumentimi\/wp-json\/wp\/v2\/types\/page"}],"author":[{"embeddable":true,"href":"https:\/\/krct.org\/dokumentimi\/wp-json\/wp\/v2\/users\/1"}],"replies":[{"embeddable":true,"href":"https:\/\/krct.org\/dokumentimi\/wp-json\/wp\/v2\/comments?post=604"}],"version-history":[{"count":99,"href":"https:\/\/krct.org\/dokumentimi\/wp-json\/wp\/v2\/pages\/604\/revisions"}],"predecessor-version":[{"id":1236,"href":"https:\/\/krct.org\/dokumentimi\/wp-json\/wp\/v2\/pages\/604\/revisions\/1236"}],"wp:attachment":[{"href":"https:\/\/krct.org\/dokumentimi\/wp-json\/wp\/v2\/media?parent=604"}],"curies":[{"name":"wp","href":"https:\/\/api.w.org\/{rel}","templated":true}]}}