{"id":673,"date":"2020-12-22T19:43:42","date_gmt":"2020-12-22T19:43:42","guid":{"rendered":"http:\/\/pointmedia.al\/krctdokumentimi\/dokumentimi-copy-copy\/"},"modified":"2024-12-09T22:57:17","modified_gmt":"2024-12-09T22:57:17","slug":"pjesa-a","status":"publish","type":"page","link":"https:\/\/krct.org\/dokumentimi\/pjesa-a\/","title":{"rendered":"Pjesa A"},"content":{"rendered":"<p>[vc_row css=&#8221;.vc_custom_1610663363051{margin-top: 0px !important;margin-bottom: 30px !important;padding-top: 60px !important;padding-bottom: 30px !important;background-color: #ededed !important;}&#8221;][vc_column el_class=&#8221;Gjinia e viktimave t\u00eb dhun\u00ebs seksuale&#8221;][vc_column_text]<\/p>\n<h2 style=\"text-align: center;\"><strong>T\u00eb dh\u00ebnat e p\u00ebrgjithshme<\/strong><br \/>\n<strong>(Pjesa A)<\/strong><\/h2>\n<p>[\/vc_column_text][vc_separator color=&#8221;custom&#8221; border_width=&#8221;3&#8243; accent_color=&#8221;#f58434&#8243;][\/vc_column][\/vc_row][vc_row css=&#8221;.vc_custom_1610664372958{margin-top: 0px !important;margin-bottom: 0px !important;padding-top: 30px !important;padding-bottom: 0px !important;background-color: #ffffff !important;}&#8221;][vc_column width=&#8221;1\/2&#8243; el_class=&#8221;Gjinia e viktimave t\u00eb dhun\u00ebs seksuale&#8221;][vc_column_text]<strong>Gjinia dhe vendbanimi i viktimave t\u00eb dhun\u00ebs seksuale<\/strong>[\/vc_column_text][vc_tta_tabs][vc_tta_section title=&#8221;Gjinia&#8221; tab_id=&#8221;1608070512224-3451a0e0-3fcf&#8221;][vc_column_text]<\/p>\n<table dir=\"ltr\" border=\"1\" cellspacing=\"0\" cellpadding=\"0\">\n<colgroup>\n<col width=\"193\" \/>\n<col width=\"193\" \/><\/colgroup>\n<tbody>\n<tr>\n<td colspan=\"2\" rowspan=\"1\" data-sheets-value=\"{&quot;1&quot;:2,&quot;2&quot;:&quot;Gjinia e viktimave t\u00eb dhun\u00ebs seksuale&quot;}\"><strong>Gjinia e viktimave t\u00eb dhun\u00ebs seksuale<\/strong><\/td>\n<\/tr>\n<tr>\n<td data-sheets-value=\"{&quot;1&quot;:2,&quot;2&quot;:&quot;Fem\u00ebr &quot;}\">Fem\u00ebr<\/td>\n<td data-sheets-value=\"{&quot;1&quot;:3,&quot;3&quot;:316}\"><span style=\"font-weight: 400;\">1212<\/span><\/td>\n<\/tr>\n<tr>\n<td data-sheets-value=\"{&quot;1&quot;:2,&quot;2&quot;:&quot;Mashkull&quot;}\">Mashkull<\/td>\n<td data-sheets-value=\"{&quot;1&quot;:3,&quot;3&quot;:20}\"><span style=\"font-weight: 400;\">88<\/span><\/td>\n<\/tr>\n<\/tbody>\n<\/table>\n<p>[\/vc_column_text][\/vc_tta_section][vc_tta_section title=&#8221;Vendbanimi&#8221; tab_id=&#8221;1608070512289-ab5b9de6-f55d&#8221;][vc_column_text]<\/p>\n<table dir=\"ltr\" border=\"1\" cellspacing=\"0\" cellpadding=\"0\">\n<colgroup>\n<col width=\"193\" \/>\n<col width=\"193\" \/><\/colgroup>\n<tbody>\n<tr>\n<td colspan=\"2\" rowspan=\"1\" data-sheets-value=\"{&quot;1&quot;:2,&quot;2&quot;:&quot;Vendbanimi i viktimave t\u00eb dhun\u00ebs seksuale&quot;}\"><strong>Vendbanimi i viktimave t\u00eb dhun\u00ebs seksuale<\/strong><\/td>\n<\/tr>\n<tr>\n<td data-sheets-value=\"{&quot;1&quot;:2,&quot;2&quot;:&quot;Fshat&quot;}\">Fshat<\/td>\n<td data-sheets-value=\"{&quot;1&quot;:3,&quot;3&quot;:200}\"><span style=\"font-weight: 400;\">753<\/span><\/td>\n<\/tr>\n<tr>\n<td data-sheets-value=\"{&quot;1&quot;:2,&quot;2&quot;:&quot;Qytet&quot;}\">Qytet<\/td>\n<td data-sheets-value=\"{&quot;1&quot;:3,&quot;3&quot;:136}\"><span style=\"font-weight: 400;\">547<\/span><\/td>\n<\/tr>\n<\/tbody>\n<\/table>\n<p>[\/vc_column_text][\/vc_tta_section][\/vc_tta_tabs][\/vc_column][vc_column width=&#8221;1\/2&#8243;][vc_column_text]<strong>P\u00ebrkat\u00ebsia etnike dhe fetare e viktim\u00ebs<\/strong>[\/vc_column_text][vc_tta_tabs active_section=&#8221;1&#8243;][vc_tta_section title=&#8221;P\u00ebrkat\u00ebsia etnike&#8221; tab_id=&#8221;1608070512454-a1996ab4-4fa7&#8243;][vc_column_text]<\/p>\n<table dir=\"ltr\" border=\"1\" cellspacing=\"0\" cellpadding=\"0\">\n<colgroup>\n<col width=\"330\" \/>\n<col width=\"85\" \/><\/colgroup>\n<tbody>\n<tr>\n<td colspan=\"2\" rowspan=\"1\" data-sheets-value=\"{&quot;1&quot;:2,&quot;2&quot;:&quot;P\u00ebrkat\u00ebsia etnike e viktim\u00ebs&quot;}\"><strong>P\u00ebrkat\u00ebsia etnike e viktim\u00ebs<\/strong><\/td>\n<\/tr>\n<tr>\n<td data-sheets-value=\"{&quot;1&quot;:2,&quot;2&quot;:&quot;Shqiptar\/e&quot;}\">Shqiptar\/e<\/td>\n<td data-sheets-value=\"{&quot;1&quot;:3,&quot;3&quot;:317}\"><span style=\"font-weight: 400;\">1245<\/span><\/td>\n<\/tr>\n<tr>\n<td data-sheets-value=\"{&quot;1&quot;:2,&quot;2&quot;:&quot;Boshnjak\/e&quot;}\">Serb\/e<\/td>\n<td data-sheets-value=\"{&quot;1&quot;:3,&quot;3&quot;:5}\">1<\/td>\n<\/tr>\n<tr>\n<td data-sheets-value=\"{&quot;1&quot;:2,&quot;2&quot;:&quot;Rom\/e&quot;}\">Turk\/e<\/td>\n<td data-sheets-value=\"{&quot;1&quot;:3,&quot;3&quot;:11}\">&#8211;<\/td>\n<\/tr>\n<tr>\n<td data-sheets-value=\"{&quot;1&quot;:2,&quot;2&quot;:&quot;Ashkali\/e&quot;}\">Boshnjak\/e<\/td>\n<td data-sheets-value=\"{&quot;1&quot;:3,&quot;3&quot;:2}\">6<\/td>\n<\/tr>\n<tr>\n<td data-sheets-value=\"{&quot;1&quot;:2,&quot;2&quot;:&quot;Egjiptas\/e&quot;}\">Rom\/e<\/td>\n<td data-sheets-value=\"{&quot;1&quot;:3,&quot;3&quot;:1}\">33<\/td>\n<\/tr>\n<tr>\n<td data-sheets-value=\"{&quot;1&quot;:2,&quot;2&quot;:&quot;Egjiptas\/e&quot;}\">Ashkali\/e<\/td>\n<td data-sheets-value=\"{&quot;1&quot;:3,&quot;3&quot;:1}\">13<\/td>\n<\/tr>\n<tr>\n<td data-sheets-value=\"{&quot;1&quot;:2,&quot;2&quot;:&quot;Egjiptas\/e&quot;}\">Egjiptas\/e<\/td>\n<td data-sheets-value=\"{&quot;1&quot;:3,&quot;3&quot;:1}\">2<\/td>\n<\/tr>\n<tr>\n<td data-sheets-value=\"{&quot;1&quot;:2,&quot;2&quot;:&quot;Egjiptas\/e&quot;}\">Goran\/e<\/td>\n<td data-sheets-value=\"{&quot;1&quot;:3,&quot;3&quot;:1}\">&#8211;<\/td>\n<\/tr>\n<tr>\n<td data-sheets-value=\"{&quot;1&quot;:2,&quot;2&quot;:&quot;Egjiptas\/e&quot;}\">Tjeter<\/td>\n<td data-sheets-value=\"{&quot;1&quot;:3,&quot;3&quot;:1}\">&#8211;<\/td>\n<\/tr>\n<\/tbody>\n<\/table>\n<p>[\/vc_column_text][\/vc_tta_section][vc_tta_section title=&#8221;P\u00ebrkat\u00ebsia fetare&#8221; tab_id=&#8221;1608070512513-ccb58b32-caae&#8221;][vc_column_text]<\/p>\n<table dir=\"ltr\" border=\"1\" cellspacing=\"0\" cellpadding=\"0\">\n<colgroup>\n<col width=\"330\" \/>\n<col width=\"85\" \/><\/colgroup>\n<tbody>\n<tr>\n<td colspan=\"2\" rowspan=\"1\" data-sheets-value=\"{&quot;1&quot;:2,&quot;2&quot;:&quot;P\u00ebrkat\u00ebsia fetare e viktim\u00ebs&quot;}\"><strong>P\u00ebrkat\u00ebsia fetare e viktim\u00ebs<\/strong><\/td>\n<\/tr>\n<tr>\n<td data-sheets-value=\"{&quot;1&quot;:2,&quot;2&quot;:&quot;Islam\/e&quot;}\">Islam\/e<\/td>\n<td data-sheets-value=\"{&quot;1&quot;:3,&quot;3&quot;:333}\"><span style=\"font-weight: 400;\">1280<\/span><\/td>\n<\/tr>\n<tr>\n<td data-sheets-value=\"{&quot;1&quot;:2,&quot;2&quot;:&quot;Katolik\/e&quot;}\">Katolik\/e<\/td>\n<td data-sheets-value=\"{&quot;1&quot;:3,&quot;3&quot;:3}\">19<\/td>\n<\/tr>\n<tr>\n<td data-sheets-value=\"{&quot;1&quot;:2,&quot;2&quot;:&quot;Katolik\/e&quot;}\"><span style=\"font-weight: 400;\">Ortodoks\/e<\/span><\/td>\n<td data-sheets-value=\"{&quot;1&quot;:3,&quot;3&quot;:3}\">1<\/td>\n<\/tr>\n<tr>\n<td data-sheets-value=\"{&quot;1&quot;:2,&quot;2&quot;:&quot;Katolik\/e&quot;}\">Tjeter<\/td>\n<td data-sheets-value=\"{&quot;1&quot;:3,&quot;3&quot;:3}\">\/<\/td>\n<\/tr>\n<\/tbody>\n<\/table>\n<p>[\/vc_column_text][\/vc_tta_section][\/vc_tta_tabs][\/vc_column][\/vc_row][vc_row css=&#8221;.vc_custom_1610664372958{margin-top: 0px !important;margin-bottom: 0px !important;padding-top: 30px !important;padding-bottom: 0px !important;background-color: #ffffff !important;}&#8221;][vc_column el_class=&#8221;Gjinia e viktimave t\u00eb dhun\u00ebs seksuale&#8221;][vc_tta_tabs][vc_tta_section title=&#8221;Shtetesia&#8221; tab_id=&#8221;1658171243607-ff316e70-a64c&#8221;][vc_column_text]<\/p>\n<table dir=\"ltr\" style=\"height: 47px;\" border=\"1\" width=\"437\" cellspacing=\"0\" cellpadding=\"0\">\n<colgroup>\n<col width=\"193\" \/>\n<col width=\"193\" \/><\/colgroup>\n<tbody>\n<tr>\n<td data-sheets-value=\"{&quot;1&quot;:2,&quot;2&quot;:&quot;Fem\u00ebr &quot;}\">Kosoves<\/td>\n<td data-sheets-value=\"{&quot;1&quot;:3,&quot;3&quot;:316}\"><span style=\"font-weight: 400;\">1285<\/span><\/td>\n<\/tr>\n<tr>\n<td data-sheets-value=\"{&quot;1&quot;:2,&quot;2&quot;:&quot;Mashkull&quot;}\">Shqiperise<\/td>\n<td data-sheets-value=\"{&quot;1&quot;:3,&quot;3&quot;:20}\">13<\/td>\n<\/tr>\n<tr>\n<td data-sheets-value=\"{&quot;1&quot;:2,&quot;2&quot;:&quot;Mashkull&quot;}\">Tjeter<\/td>\n<td data-sheets-value=\"{&quot;1&quot;:3,&quot;3&quot;:20}\">2<\/td>\n<\/tr>\n<\/tbody>\n<\/table>\n<p>[\/vc_column_text][\/vc_tta_section][vc_tta_section title=&#8221;Statusi Civil&#8221; tab_id=&#8221;1658171243607-4517d0d8-cc32&#8243;][vc_column_text]<\/p>\n<table dir=\"ltr\" border=\"1\" cellspacing=\"0\" cellpadding=\"0\">\n<colgroup>\n<col width=\"193\" \/>\n<col width=\"193\" \/><\/colgroup>\n<tbody>\n<tr>\n<td data-sheets-value=\"{&quot;1&quot;:2,&quot;2&quot;:&quot;Fshat&quot;}\">Pamartuar<\/td>\n<td data-sheets-value=\"{&quot;1&quot;:3,&quot;3&quot;:200}\">86<\/td>\n<\/tr>\n<tr>\n<td data-sheets-value=\"{&quot;1&quot;:2,&quot;2&quot;:&quot;Qytet&quot;}\">Martuar<\/td>\n<td data-sheets-value=\"{&quot;1&quot;:3,&quot;3&quot;:136}\">979<\/td>\n<\/tr>\n<tr>\n<td data-sheets-value=\"{&quot;1&quot;:2,&quot;2&quot;:&quot;Qytet&quot;}\">Shkurorzuar<\/td>\n<td data-sheets-value=\"{&quot;1&quot;:3,&quot;3&quot;:136}\">94<\/td>\n<\/tr>\n<tr>\n<td data-sheets-value=\"{&quot;1&quot;:2,&quot;2&quot;:&quot;Qytet&quot;}\">Fejuar<\/td>\n<td data-sheets-value=\"{&quot;1&quot;:3,&quot;3&quot;:136}\">&#8211;<\/td>\n<\/tr>\n<tr>\n<td data-sheets-value=\"{&quot;1&quot;:2,&quot;2&quot;:&quot;Qytet&quot;}\">Bashkjetese<\/td>\n<td data-sheets-value=\"{&quot;1&quot;:3,&quot;3&quot;:136}\">5<\/td>\n<\/tr>\n<tr>\n<td data-sheets-value=\"{&quot;1&quot;:2,&quot;2&quot;:&quot;Qytet&quot;}\">i\/e ve<\/td>\n<td data-sheets-value=\"{&quot;1&quot;:3,&quot;3&quot;:136}\">136<\/td>\n<\/tr>\n<tr>\n<td data-sheets-value=\"{&quot;1&quot;:2,&quot;2&quot;:&quot;Qytet&quot;}\">Tjeter<\/td>\n<td data-sheets-value=\"{&quot;1&quot;:3,&quot;3&quot;:136}\">&#8211;<\/td>\n<\/tr>\n<\/tbody>\n<\/table>\n<p>[\/vc_column_text][\/vc_tta_section][vc_tta_section title=&#8221;Statusi i punesimit&#8221; tab_id=&#8221;1658171742917-53c40e16-7bb8&#8243;][vc_column_text]<\/p>\n<table dir=\"ltr\" border=\"1\" cellspacing=\"0\" cellpadding=\"0\">\n<colgroup>\n<col width=\"193\" \/>\n<col width=\"193\" \/><\/colgroup>\n<tbody>\n<tr>\n<td data-sheets-value=\"{&quot;1&quot;:2,&quot;2&quot;:&quot;Fshat&quot;}\">Punesuar<\/td>\n<td data-sheets-value=\"{&quot;1&quot;:3,&quot;3&quot;:200}\"><span style=\"font-weight: 400;\">214<\/span><\/td>\n<\/tr>\n<tr>\n<td data-sheets-value=\"{&quot;1&quot;:2,&quot;2&quot;:&quot;Qytet&quot;}\">Vetepunesuar<\/td>\n<td data-sheets-value=\"{&quot;1&quot;:3,&quot;3&quot;:136}\">85<\/td>\n<\/tr>\n<tr>\n<td data-sheets-value=\"{&quot;1&quot;:2,&quot;2&quot;:&quot;Qytet&quot;}\">Papune<\/td>\n<td data-sheets-value=\"{&quot;1&quot;:3,&quot;3&quot;:136}\"><span style=\"font-weight: 400;\">979<\/span><\/td>\n<\/tr>\n<tr>\n<td data-sheets-value=\"{&quot;1&quot;:2,&quot;2&quot;:&quot;Qytet&quot;}\">Student<\/td>\n<td data-sheets-value=\"{&quot;1&quot;:3,&quot;3&quot;:136}\">&#8211;<\/td>\n<\/tr>\n<tr>\n<td data-sheets-value=\"{&quot;1&quot;:2,&quot;2&quot;:&quot;Qytet&quot;}\">Pensionist<\/td>\n<td data-sheets-value=\"{&quot;1&quot;:3,&quot;3&quot;:136}\">10<\/td>\n<\/tr>\n<tr>\n<td data-sheets-value=\"{&quot;1&quot;:2,&quot;2&quot;:&quot;Qytet&quot;}\">Tjeter<\/td>\n<td data-sheets-value=\"{&quot;1&quot;:3,&quot;3&quot;:136}\">4<\/td>\n<\/tr>\n<\/tbody>\n<\/table>\n<p>[\/vc_column_text][\/vc_tta_section][\/vc_tta_tabs][\/vc_column][\/vc_row]<\/p>\n","protected":false},"excerpt":{"rendered":"<p>[vc_row css=&#8221;.vc_custom_1610663363051{margin-top: 0px !important;margin-bottom: 30px !important;padding-top: 60px !important;padding-bottom: 30px !important;background-color: #ededed !important;}&#8221;][vc_column el_class=&#8221;Gjinia e viktimave t\u00eb dhun\u00ebs seksuale&#8221;][vc_column_text] T\u00eb dh\u00ebnat e p\u00ebrgjithshme (Pjesa A) [\/vc_column_text][vc_separator color=&#8221;custom&#8221; border_width=&#8221;3&#8243; accent_color=&#8221;#f58434&#8243;][\/vc_column][\/vc_row][vc_row css=&#8221;.vc_custom_1610664372958{margin-top: 0px !important;margin-bottom: 0px !important;padding-top: 30px !important;padding-bottom: 0px !important;background-color: #ffffff !important;}&#8221;][vc_column width=&#8221;1\/2&#8243; el_class=&#8221;Gjinia e viktimave t\u00eb dhun\u00ebs seksuale&#8221;][vc_column_text]Gjinia dhe vendbanimi i viktimave t\u00eb dhun\u00ebs seksuale[\/vc_column_text][vc_tta_tabs][vc_tta_section title=&#8221;Gjinia&#8221; tab_id=&#8221;1608070512224-3451a0e0-3fcf&#8221;][vc_column_text] [&hellip;]<\/p>\n","protected":false},"author":1,"featured_media":0,"parent":0,"menu_order":2,"comment_status":"closed","ping_status":"closed","template":"tpl-visual_composer.php","meta":[],"_links":{"self":[{"href":"https:\/\/krct.org\/dokumentimi\/wp-json\/wp\/v2\/pages\/673"}],"collection":[{"href":"https:\/\/krct.org\/dokumentimi\/wp-json\/wp\/v2\/pages"}],"about":[{"href":"https:\/\/krct.org\/dokumentimi\/wp-json\/wp\/v2\/types\/page"}],"author":[{"embeddable":true,"href":"https:\/\/krct.org\/dokumentimi\/wp-json\/wp\/v2\/users\/1"}],"replies":[{"embeddable":true,"href":"https:\/\/krct.org\/dokumentimi\/wp-json\/wp\/v2\/comments?post=673"}],"version-history":[{"count":35,"href":"https:\/\/krct.org\/dokumentimi\/wp-json\/wp\/v2\/pages\/673\/revisions"}],"predecessor-version":[{"id":1240,"href":"https:\/\/krct.org\/dokumentimi\/wp-json\/wp\/v2\/pages\/673\/revisions\/1240"}],"wp:attachment":[{"href":"https:\/\/krct.org\/dokumentimi\/wp-json\/wp\/v2\/media?parent=673"}],"curies":[{"name":"wp","href":"https:\/\/api.w.org\/{rel}","templated":true}]}}