{"id":684,"date":"2020-12-22T19:46:01","date_gmt":"2020-12-22T19:46:01","guid":{"rendered":"http:\/\/pointmedia.al\/krctdokumentimi\/dokumentimi-copy-copy-copy-copy\/"},"modified":"2024-12-15T14:57:58","modified_gmt":"2024-12-15T14:57:58","slug":"pjesa-d","status":"publish","type":"page","link":"https:\/\/krct.org\/dokumentimi\/pjesa-d\/","title":{"rendered":"Pjesa D"},"content":{"rendered":"<p>[vc_row css=&#8221;.vc_custom_1610664462912{padding-top: 60px !important;padding-bottom: 30px !important;background-color: #ededed !important;}&#8221;][vc_column el_class=&#8221;Gjinia e viktimave t\u00eb dhun\u00ebs seksuale&#8221;][vc_column_text]<\/p>\n<h2 style=\"text-align: center;\"><strong>Pasojat sh\u00ebndet\u00ebsore<\/strong><br \/>\n<strong>(Pjesa D)<\/strong><\/h2>\n<p>[\/vc_column_text][vc_separator color=&#8221;custom&#8221; border_width=&#8221;3&#8243; accent_color=&#8221;#f58434&#8243;][\/vc_column][\/vc_row][vc_row css=&#8221;.vc_custom_1610751159017{margin-top: 60px !important;padding-top: 60px !important;padding-bottom: 0px !important;background-color: #ffffff !important;}&#8221;][vc_column width=&#8221;1\/2&#8243;][vc_column_text]<\/p>\n<table dir=\"ltr\" border=\"1\" cellspacing=\"0\" cellpadding=\"0\">\n<colgroup>\n<col width=\"330\" \/>\n<col width=\"85\" \/><\/colgroup>\n<tbody>\n<tr>\n<td colspan=\"2\" rowspan=\"1\" data-sheets-value=\"{&quot;1&quot;:2,&quot;2&quot;:&quot;D\u00ebmet sh\u00ebndet\u00ebsore si pasoj\u00eb e dhunimit:&quot;}\"><strong>D\u00ebmet sh\u00ebndet\u00ebsore si pasoj\u00eb e dhunimit:<\/strong><\/td>\n<\/tr>\n<tr>\n<td data-sheets-value=\"{&quot;1&quot;:2,&quot;2&quot;:&quot;Fizike&quot;}\">Fizike<\/td>\n<td data-sheets-value=\"{&quot;1&quot;:3,&quot;3&quot;:278}\"><span style=\"font-weight: 400;\">1057<\/span><\/td>\n<\/tr>\n<tr>\n<td data-sheets-value=\"{&quot;1&quot;:2,&quot;2&quot;:&quot;Psikologjike&quot;}\">Psikologjike<\/td>\n<td data-sheets-value=\"{&quot;1&quot;:3,&quot;3&quot;:330}\"><span style=\"font-weight: 400;\">1278<\/span><\/td>\n<\/tr>\n<tr>\n<td data-sheets-value=\"{&quot;1&quot;:2,&quot;2&quot;:&quot;Nuk ka&quot;}\">Nuk ka<\/td>\n<td data-sheets-value=\"{&quot;1&quot;:3,&quot;3&quot;:3}\">5<\/td>\n<\/tr>\n<tr>\n<td data-sheets-value=\"{&quot;1&quot;:2,&quot;2&quot;:&quot;Nuk dihet&quot;}\">Nuk dihet<\/td>\n<td data-sheets-value=\"{&quot;1&quot;:2,&quot;2&quot;:&quot;-&quot;}\">3<\/td>\n<\/tr>\n<tr>\n<td data-sheets-value=\"{&quot;1&quot;:2,&quot;2&quot;:&quot;Tjet\u00ebr&quot;}\">Tjet\u00ebr<\/td>\n<td data-sheets-value=\"{&quot;1&quot;:3,&quot;3&quot;:7}\">9<\/td>\n<\/tr>\n<\/tbody>\n<\/table>\n<p>[\/vc_column_text][\/vc_column][vc_column width=&#8221;1\/2&#8243;][vc_column_text]<\/p>\n<table dir=\"ltr\" border=\"1\" cellspacing=\"0\" cellpadding=\"0\">\n<colgroup>\n<col width=\"330\" \/>\n<col width=\"85\" \/><\/colgroup>\n<tbody>\n<tr>\n<td colspan=\"2\" rowspan=\"1\" data-sheets-value=\"{&quot;1&quot;:2,&quot;2&quot;:&quot;D\u00ebmet sh\u00ebndet\u00ebsore si pasoj\u00eb e dhunimit:&quot;}\"><strong>D\u00ebmet sh\u00ebndet\u00ebsore si pasoj\u00eb e dhunimit:<\/strong><\/td>\n<\/tr>\n<tr>\n<td data-sheets-value=\"{&quot;1&quot;:2,&quot;2&quot;:&quot;L\u00ebndime n\u00eb gjenitale&quot;}\">L\u00ebndime n\u00eb gjenitale<\/td>\n<td data-sheets-value=\"{&quot;1&quot;:3,&quot;3&quot;:173}\"><span style=\"font-weight: 400;\">442<\/span><\/td>\n<\/tr>\n<tr>\n<td data-sheets-value=\"{&quot;1&quot;:2,&quot;2&quot;:&quot;L\u00ebndime trupore&quot;}\">L\u00ebndime trupore<\/td>\n<td data-sheets-value=\"{&quot;1&quot;:3,&quot;3&quot;:157}\"><span style=\"font-weight: 400;\">518<\/span><\/td>\n<\/tr>\n<tr>\n<td data-sheets-value=\"{&quot;1&quot;:2,&quot;2&quot;:&quot;Plag\u00eb t\u00eb hapur&quot;}\">Plag\u00eb t\u00eb hapur<\/td>\n<td data-sheets-value=\"{&quot;1&quot;:3,&quot;3&quot;:46}\"><span style=\"font-weight: 400;\">113<\/span><\/td>\n<\/tr>\n<tr>\n<td data-sheets-value=\"{&quot;1&quot;:2,&quot;2&quot;:&quot;Gjymtyr\u00eb t\u00eb paralizuara&quot;}\">Gjymtyr\u00eb t\u00eb paralizuara<\/td>\n<td data-sheets-value=\"{&quot;1&quot;:3,&quot;3&quot;:1}\">5<\/td>\n<\/tr>\n<tr>\n<td data-sheets-value=\"{&quot;1&quot;:2,&quot;2&quot;:&quot;L\u00ebndime sip\u00ebrfaq\u00ebsore t\u00eb l\u00ebkur\u00ebs dhe muskujve&quot;}\">L\u00ebndime sip\u00ebrfaq\u00ebsore t\u00eb l\u00ebkur\u00ebs dhe muskujve<\/td>\n<td data-sheets-value=\"{&quot;1&quot;:3,&quot;3&quot;:117}\"><span style=\"font-weight: 400;\">360<\/span><\/td>\n<\/tr>\n<tr>\n<td data-sheets-value=\"{&quot;1&quot;:2,&quot;2&quot;:&quot;L\u00ebndime t\u00eb paspecifikuara&quot;}\">L\u00ebndime t\u00eb paspecifikuara<\/td>\n<td data-sheets-value=\"{&quot;1&quot;:2,&quot;2&quot;:&quot;-&quot;}\">&#8211;<\/td>\n<\/tr>\n<tr>\n<td data-sheets-value=\"{&quot;1&quot;:2,&quot;2&quot;:&quot;Asnj\u00eb l\u00ebndim i diagnostifikuar&quot;}\">Asnj\u00eb l\u00ebndim i diagnostifikuar<\/td>\n<td data-sheets-value=\"{&quot;1&quot;:3,&quot;3&quot;:27}\"><span style=\"font-weight: 400;\">96<\/span><\/td>\n<\/tr>\n<tr>\n<td data-sheets-value=\"{&quot;1&quot;:2,&quot;2&quot;:&quot;L\u00ebndime t\u00eb tjera&quot;}\">L\u00ebndime t\u00eb tjera<\/td>\n<td data-sheets-value=\"{&quot;1&quot;:3,&quot;3&quot;:44}\"><span style=\"font-weight: 400;\">143<\/span><\/td>\n<\/tr>\n<\/tbody>\n<\/table>\n<p>[\/vc_column_text][\/vc_column][\/vc_row][vc_row css=&#8221;.vc_custom_1610664595295{padding-top: 30px !important;padding-bottom: 0px !important;}&#8221;][vc_column][vc_tta_tabs active_section=&#8221;1&#8243; title=&#8221;Shtat\u00ebzania si pasoj\u00eb e dhunimit&#8221;][vc_tta_section title=&#8221;A ka pasur shtat\u00ebzani&#8221; tab_id=&#8221;1609250268232-d74f1fe2-e5cf&#8221;][vc_column_text]<\/p>\n<table dir=\"ltr\" border=\"1\" cellspacing=\"0\" cellpadding=\"0\">\n<colgroup>\n<col width=\"330\" \/>\n<col width=\"85\" \/><\/colgroup>\n<tbody>\n<tr>\n<td colspan=\"2\" rowspan=\"1\" data-sheets-value=\"{&quot;1&quot;:2,&quot;2&quot;:&quot;A ka pasur shtat\u00ebzani, si pasoj\u00eb e dhunimit &quot;}\"><strong>A ka pasur shtat\u00ebzani, si pasoj\u00eb e dhunimit<\/strong><\/td>\n<\/tr>\n<tr>\n<td data-sheets-value=\"{&quot;1&quot;:2,&quot;2&quot;:&quot;Po&quot;}\">Po<\/td>\n<td data-sheets-value=\"{&quot;1&quot;:3,&quot;3&quot;:13}\"><span style=\"font-weight: 400;\">49<\/span><\/td>\n<\/tr>\n<\/tbody>\n<\/table>\n<p>[\/vc_column_text][\/vc_tta_section][vc_tta_section title=&#8221;\u00c7far\u00eb ka ndodhur me f\u00ebmij\u00ebn&#8221; tab_id=&#8221;1609250268257-7397c105-50a9&#8243;][vc_column_text]<\/p>\n<table dir=\"ltr\" border=\"1\" cellspacing=\"0\" cellpadding=\"0\">\n<colgroup>\n<col width=\"330\" \/>\n<col width=\"85\" \/><\/colgroup>\n<tbody>\n<tr>\n<td colspan=\"2\" rowspan=\"1\" data-sheets-value=\"{&quot;1&quot;:2,&quot;2&quot;:&quot;N\u00ebse po, \u00e7far\u00eb ka ndodhur me f\u00ebmij\u00ebn &quot;}\"><strong>N\u00ebse po, \u00e7far\u00eb ka ndodhur me f\u00ebmij\u00ebn<\/strong><\/td>\n<\/tr>\n<tr>\n<td data-sheets-value=\"{&quot;1&quot;:2,&quot;2&quot;:&quot;\u00cbsht\u00eb ofruar p\u00ebrkujdesje ndaj f\u00ebmiut&quot;}\">\u00cbsht\u00eb ofruar p\u00ebrkujdesje ndaj f\u00ebmiut<\/td>\n<td data-sheets-value=\"{&quot;1&quot;:3,&quot;3&quot;:1}\">9<\/td>\n<\/tr>\n<tr>\n<td data-sheets-value=\"{&quot;1&quot;:2,&quot;2&quot;:&quot;\u00cbsht\u00eb braktisur&quot;}\">\u00cbsht\u00eb braktisur<\/td>\n<td data-sheets-value=\"{&quot;1&quot;:2,&quot;2&quot;:&quot;-&quot;}\">&#8211;<\/td>\n<\/tr>\n<tr>\n<td data-sheets-value=\"{&quot;1&quot;:2,&quot;2&quot;:&quot;\u00cbsht\u00eb abortuar&quot;}\">\u00cbsht\u00eb abortuar<\/td>\n<td data-sheets-value=\"{&quot;1&quot;:3,&quot;3&quot;:11}\">39<\/td>\n<\/tr>\n<tr>\n<td data-sheets-value=\"{&quot;1&quot;:2,&quot;2&quot;:&quot;Tjet\u00ebr&quot;}\">Tjet\u00ebr<\/td>\n<td data-sheets-value=\"{&quot;1&quot;:3,&quot;3&quot;:1}\">1<\/td>\n<\/tr>\n<\/tbody>\n<\/table>\n<p>[\/vc_column_text][\/vc_tta_section][\/vc_tta_tabs][\/vc_column][\/vc_row]<\/p>\n","protected":false},"excerpt":{"rendered":"<p>[vc_row css=&#8221;.vc_custom_1610664462912{padding-top: 60px !important;padding-bottom: 30px !important;background-color: #ededed !important;}&#8221;][vc_column el_class=&#8221;Gjinia e viktimave t\u00eb dhun\u00ebs seksuale&#8221;][vc_column_text] Pasojat sh\u00ebndet\u00ebsore (Pjesa D) [\/vc_column_text][vc_separator color=&#8221;custom&#8221; border_width=&#8221;3&#8243; accent_color=&#8221;#f58434&#8243;][\/vc_column][\/vc_row][vc_row css=&#8221;.vc_custom_1610751159017{margin-top: 60px !important;padding-top: 60px !important;padding-bottom: 0px !important;background-color: #ffffff !important;}&#8221;][vc_column width=&#8221;1\/2&#8243;][vc_column_text] D\u00ebmet sh\u00ebndet\u00ebsore si pasoj\u00eb e dhunimit: Fizike 1057 Psikologjike 1278 Nuk ka 5 Nuk dihet 3 Tjet\u00ebr 9 [\/vc_column_text][\/vc_column][vc_column width=&#8221;1\/2&#8243;][vc_column_text] D\u00ebmet sh\u00ebndet\u00ebsore si [&hellip;]<\/p>\n","protected":false},"author":1,"featured_media":0,"parent":0,"menu_order":2,"comment_status":"closed","ping_status":"closed","template":"tpl-visual_composer.php","meta":[],"_links":{"self":[{"href":"https:\/\/krct.org\/dokumentimi\/wp-json\/wp\/v2\/pages\/684"}],"collection":[{"href":"https:\/\/krct.org\/dokumentimi\/wp-json\/wp\/v2\/pages"}],"about":[{"href":"https:\/\/krct.org\/dokumentimi\/wp-json\/wp\/v2\/types\/page"}],"author":[{"embeddable":true,"href":"https:\/\/krct.org\/dokumentimi\/wp-json\/wp\/v2\/users\/1"}],"replies":[{"embeddable":true,"href":"https:\/\/krct.org\/dokumentimi\/wp-json\/wp\/v2\/comments?post=684"}],"version-history":[{"count":16,"href":"https:\/\/krct.org\/dokumentimi\/wp-json\/wp\/v2\/pages\/684\/revisions"}],"predecessor-version":[{"id":1273,"href":"https:\/\/krct.org\/dokumentimi\/wp-json\/wp\/v2\/pages\/684\/revisions\/1273"}],"wp:attachment":[{"href":"https:\/\/krct.org\/dokumentimi\/wp-json\/wp\/v2\/media?parent=684"}],"curies":[{"name":"wp","href":"https:\/\/api.w.org\/{rel}","templated":true}]}}