{"id":685,"date":"2020-12-22T19:46:05","date_gmt":"2020-12-22T19:46:05","guid":{"rendered":"http:\/\/pointmedia.al\/krctdokumentimi\/dokumentimi-copy-copy-copy-2\/"},"modified":"2024-12-09T23:21:46","modified_gmt":"2024-12-09T23:21:46","slug":"pjesa-c","status":"publish","type":"page","link":"https:\/\/krct.org\/dokumentimi\/pjesa-c\/","title":{"rendered":"Pjesa C"},"content":{"rendered":"<p>[vc_section][vc_row css=&#8221;.vc_custom_1610664290847{padding-top: 60px !important;padding-bottom: 30px !important;background-color: #ededed !important;}&#8221;][vc_column el_class=&#8221;Gjinia e viktimave t\u00eb dhun\u00ebs seksuale&#8221;][vc_column_text]<\/p>\n<h2 style=\"padding-left: 80px; text-align: center;\"><strong>M\u00ebnyrat dhe format e dhunimit<\/strong><\/h2>\n<h2 style=\"padding-left: 80px; text-align: center;\"><strong>(Pjesa C)<\/strong><\/h2>\n<p>[\/vc_column_text][vc_separator color=&#8221;custom&#8221; border_width=&#8221;3&#8243; accent_color=&#8221;#f58434&#8243;][\/vc_column][\/vc_row][vc_row css=&#8221;.vc_custom_1610751104812{margin-top: 60px !important;padding-top: 60px !important;padding-bottom: 0px !important;}&#8221;][vc_column width=&#8221;1\/2&#8243;][vc_column_text]<\/p>\n<table dir=\"ltr\" border=\"1\" cellspacing=\"0\" cellpadding=\"0\">\n<colgroup>\n<col width=\"330\" \/>\n<col width=\"85\" \/><\/colgroup>\n<tbody>\n<tr>\n<td colspan=\"2\" rowspan=\"1\" data-sheets-value=\"{&quot;1&quot;:2,&quot;2&quot;:&quot;Lloji i dhun\u00ebs seksuale&quot;}\"><strong>Lloji i dhun\u00ebs seksuale<\/strong><\/td>\n<\/tr>\n<tr>\n<td data-sheets-value=\"{&quot;1&quot;:2,&quot;2&quot;:&quot;Dhunim&quot;}\">Dhunim<\/td>\n<td data-sheets-value=\"{&quot;1&quot;:3,&quot;3&quot;:331}\"><span style=\"font-weight: 400;\">1280<\/span><\/td>\n<\/tr>\n<tr>\n<td data-sheets-value=\"{&quot;1&quot;:2,&quot;2&quot;:&quot;Skllav\u00ebria seksuale&quot;}\">Skllav\u00ebria seksuale<\/td>\n<td data-sheets-value=\"{&quot;1&quot;:3,&quot;3&quot;:18}\"><span style=\"font-weight: 400;\">34<\/span><\/td>\n<\/tr>\n<tr>\n<td data-sheets-value=\"{&quot;1&quot;:2,&quot;2&quot;:&quot;Prostitucioni i detyruar&quot;}\">Prostitucioni i detyruar<\/td>\n<td data-sheets-value=\"{&quot;1&quot;:2,&quot;2&quot;:&quot;--&quot;}\">&#8211;<\/td>\n<\/tr>\n<tr>\n<td data-sheets-value=\"{&quot;1&quot;:2,&quot;2&quot;:&quot;Shtat\u00ebzani me dhun\u00eb&quot;}\">Shtat\u00ebzani me dhun\u00eb<\/td>\n<td data-sheets-value=\"{&quot;1&quot;:3,&quot;3&quot;:4}\">6<\/td>\n<\/tr>\n<tr>\n<td data-sheets-value=\"{&quot;1&quot;:2,&quot;2&quot;:&quot;Sterilizimi i detyruar&quot;}\">Sterilizimi i detyruar<\/td>\n<td data-sheets-value=\"{&quot;1&quot;:2,&quot;2&quot;:&quot;--&quot;}\">&#8211;<\/td>\n<\/tr>\n<tr>\n<td data-sheets-value=\"{&quot;1&quot;:2,&quot;2&quot;:&quot;Abortimi i detyruar&quot;}\">Abortimi i detyruar<\/td>\n<td data-sheets-value=\"{&quot;1&quot;:3,&quot;3&quot;:5}\">14<\/td>\n<\/tr>\n<tr>\n<td data-sheets-value=\"{&quot;1&quot;:2,&quot;2&quot;:&quot;Lakuriq\u00ebsi e detyruar&quot;}\">Lakuriq\u00ebsi e detyruar<\/td>\n<td data-sheets-value=\"{&quot;1&quot;:3,&quot;3&quot;:97}\">167<\/td>\n<\/tr>\n<tr>\n<td data-sheets-value=\"{&quot;1&quot;:2,&quot;2&quot;:&quot;Gjymtim gjenital&quot;}\">Gjymtim gjenital<\/td>\n<td data-sheets-value=\"{&quot;1&quot;:3,&quot;3&quot;:69}\">92<\/td>\n<\/tr>\n<tr>\n<td data-sheets-value=\"{&quot;1&quot;:2,&quot;2&quot;:&quot;Form\u00eb tjet\u00ebr e dhun\u00ebs seksuale&quot;}\">Form\u00eb tjet\u00ebr e dhun\u00ebs seksuale<\/td>\n<td data-sheets-value=\"{&quot;1&quot;:3,&quot;3&quot;:8}\">24<\/td>\n<\/tr>\n<\/tbody>\n<\/table>\n<p>[\/vc_column_text][\/vc_column][vc_column width=&#8221;1\/2&#8243;][vc_column_text]<\/p>\n<table dir=\"ltr\" border=\"1\" cellspacing=\"0\" cellpadding=\"0\">\n<colgroup>\n<col width=\"330\" \/>\n<col width=\"85\" \/><\/colgroup>\n<tbody>\n<tr>\n<td colspan=\"2\" rowspan=\"1\" data-sheets-value=\"{&quot;1&quot;:2,&quot;2&quot;:&quot;A ka qen\u00eb m\u00eb shum\u00eb se nj\u00eb dhunues &quot;}\"><strong>A ka qen\u00eb m\u00eb shum\u00eb se nj\u00eb dhunues<\/strong><\/td>\n<\/tr>\n<tr>\n<td data-sheets-value=\"{&quot;1&quot;:2,&quot;2&quot;:&quot;Ka qen\u00eb vet\u00ebm nj\u00eb&quot;}\">Ka qen\u00eb vet\u00ebm nj\u00eb<\/td>\n<td data-sheets-value=\"{&quot;1&quot;:3,&quot;3&quot;:102}\"><span style=\"font-weight: 400;\">388<\/span><\/td>\n<\/tr>\n<tr>\n<td data-sheets-value=\"{&quot;1&quot;:2,&quot;2&quot;:&quot;Kan\u00eb qen\u00eb m\u00eb shum\u00eb se nj\u00eb&quot;}\">Kan\u00eb qen\u00eb m\u00eb shum\u00eb se nj\u00eb<\/td>\n<td data-sheets-value=\"{&quot;1&quot;:3,&quot;3&quot;:227}\"><span style=\"font-weight: 400;\">880<\/span><\/td>\n<\/tr>\n<tr>\n<td data-sheets-value=\"{&quot;1&quot;:2,&quot;2&quot;:&quot;Tjet\u00ebr&quot;}\">Tjet\u00ebr<\/td>\n<td data-sheets-value=\"{&quot;1&quot;:3,&quot;3&quot;:7}\"><span style=\"font-weight: 400;\">32<\/span><\/td>\n<\/tr>\n<\/tbody>\n<\/table>\n<p>[\/vc_column_text][\/vc_column][\/vc_row][\/vc_section][vc_row][vc_column][vc_tta_tabs active_section=&#8221;1&#8243; title=&#8221;Identiteti dhe p\u00ebrkat\u00ebsia etnike e kryer\u00ebsve&#8221;][vc_tta_section title=&#8221;Identiteti i kryer\u00ebsve&#8221; tab_id=&#8221;1608641861056-9f81ece6-87ee&#8221;][vc_column_text]<\/p>\n<table dir=\"ltr\" border=\"1\" cellspacing=\"0\" cellpadding=\"0\">\n<colgroup>\n<col width=\"330\" \/>\n<col width=\"85\" \/><\/colgroup>\n<tbody>\n<tr>\n<td data-sheets-value=\"{&quot;1&quot;:2,&quot;2&quot;:&quot;I njohur&quot;}\">I njohur<\/td>\n<td data-sheets-value=\"{&quot;1&quot;:3,&quot;3&quot;:30}\"><span style=\"font-weight: 400;\">104<\/span><\/td>\n<\/tr>\n<tr>\n<td data-sheets-value=\"{&quot;1&quot;:2,&quot;2&quot;:&quot;I panjohur&quot;}\">I panjohur<\/td>\n<td data-sheets-value=\"{&quot;1&quot;:3,&quot;3&quot;:288}\"><span style=\"font-weight: 400;\">1110<\/span><\/td>\n<\/tr>\n<tr>\n<td data-sheets-value=\"{&quot;1&quot;:2,&quot;2&quot;:&quot;I pa identifikuesh\u00ebm&quot;}\">I pa identifikuesh\u00ebm<\/td>\n<td data-sheets-value=\"{&quot;1&quot;:3,&quot;3&quot;:18}\"><span style=\"font-weight: 400;\">86<\/span><\/td>\n<\/tr>\n<tr>\n<td data-sheets-value=\"{&quot;1&quot;:2,&quot;2&quot;:&quot;Tjet\u00ebr&quot;}\">Tjet\u00ebr<\/td>\n<td data-sheets-value=\"{&quot;1&quot;:2,&quot;2&quot;:&quot;-&quot;}\">&#8211;<\/td>\n<\/tr>\n<\/tbody>\n<\/table>\n<p>[\/vc_column_text][\/vc_tta_section][vc_tta_section title=&#8221;P\u00ebrkat\u00ebsia etnike e kryer\u00ebsve&#8221; tab_id=&#8221;1608641861119-dc0c5f7a-3c90&#8243;][vc_column_text]<\/p>\n<table dir=\"ltr\" border=\"1\" cellspacing=\"0\" cellpadding=\"0\">\n<colgroup>\n<col width=\"330\" \/>\n<col width=\"85\" \/><\/colgroup>\n<tbody>\n<tr>\n<td data-sheets-value=\"{&quot;1&quot;:2,&quot;2&quot;:&quot;Serb\/e&quot;}\">Serb\/e<\/td>\n<td data-sheets-value=\"{&quot;1&quot;:3,&quot;3&quot;:329}\"><span style=\"font-weight: 400;\">1280<\/span><\/td>\n<\/tr>\n<tr>\n<td data-sheets-value=\"{&quot;1&quot;:2,&quot;2&quot;:&quot;Shqiptar\/e&quot;}\">Shqiptar\/e<\/td>\n<td data-sheets-value=\"{&quot;1&quot;:3,&quot;3&quot;:7}\">17<\/td>\n<\/tr>\n<tr>\n<td data-sheets-value=\"{&quot;1&quot;:2,&quot;2&quot;:&quot;Boshnjak\/e&quot;}\">Boshnjak\/e<\/td>\n<td data-sheets-value=\"{&quot;1&quot;:3,&quot;3&quot;:1}\">1<\/td>\n<\/tr>\n<tr>\n<td data-sheets-value=\"{&quot;1&quot;:2,&quot;2&quot;:&quot;Turk\/e&quot;}\">Turk\/e<\/td>\n<td data-sheets-value=\"{&quot;1&quot;:2,&quot;2&quot;:&quot;-&quot;}\">&#8211;<\/td>\n<\/tr>\n<tr>\n<td data-sheets-value=\"{&quot;1&quot;:2,&quot;2&quot;:&quot;Rom\/e&quot;}\">Rom\/e<\/td>\n<td data-sheets-value=\"{&quot;1&quot;:3,&quot;3&quot;:8}\">22<\/td>\n<\/tr>\n<tr>\n<td data-sheets-value=\"{&quot;1&quot;:2,&quot;2&quot;:&quot;Ashkali\/e&quot;}\">Ashkali\/e<\/td>\n<td data-sheets-value=\"{&quot;1&quot;:3,&quot;3&quot;:5}\">9<\/td>\n<\/tr>\n<tr>\n<td data-sheets-value=\"{&quot;1&quot;:2,&quot;2&quot;:&quot;Egjiptas\/e&quot;}\">Egjiptas\/e<\/td>\n<td data-sheets-value=\"{&quot;1&quot;:3,&quot;3&quot;:1}\">2<\/td>\n<\/tr>\n<tr>\n<td data-sheets-value=\"{&quot;1&quot;:2,&quot;2&quot;:&quot;Goran\/e&quot;}\">Goran\/e<\/td>\n<td data-sheets-value=\"{&quot;1&quot;:2,&quot;2&quot;:&quot;-&quot;}\">&#8211;<\/td>\n<\/tr>\n<tr>\n<td data-sheets-value=\"{&quot;1&quot;:2,&quot;2&quot;:&quot;Nuk dihet&quot;}\">Nuk dihet<\/td>\n<td data-sheets-value=\"{&quot;1&quot;:2,&quot;2&quot;:&quot;-&quot;}\">2<\/td>\n<\/tr>\n<tr>\n<td data-sheets-value=\"{&quot;1&quot;:2,&quot;2&quot;:&quot;Tjet\u00ebr&quot;}\">Tjet\u00ebr<\/td>\n<td data-sheets-value=\"{&quot;1&quot;:3,&quot;3&quot;:6}\">9<\/td>\n<\/tr>\n<\/tbody>\n<\/table>\n<p>[\/vc_column_text][\/vc_tta_section][vc_tta_section title=&#8221;Statusi \/ pozita e kryer\u00ebsit&#8221; tab_id=&#8221;1608641927271-0a5148b3-11c7&#8243;][vc_column_text]<\/p>\n<table dir=\"ltr\" border=\"1\" cellspacing=\"0\" cellpadding=\"0\">\n<colgroup>\n<col width=\"330\" \/>\n<col width=\"85\" \/><\/colgroup>\n<tbody>\n<tr>\n<td data-sheets-value=\"{&quot;1&quot;:2,&quot;2&quot;:&quot;Civil&quot;}\">Civil<\/td>\n<td data-sheets-value=\"{&quot;1&quot;:3,&quot;3&quot;:13}\"><span style=\"font-weight: 400;\">37<\/span><\/td>\n<\/tr>\n<tr>\n<td data-sheets-value=\"{&quot;1&quot;:2,&quot;2&quot;:&quot;Zyrtar\u00eb t\u00eb shtetit&quot;}\">Zyrtar\u00eb t\u00eb shtetit<\/td>\n<td data-sheets-value=\"{&quot;1&quot;:3,&quot;3&quot;:4}\">9<\/td>\n<\/tr>\n<tr>\n<td data-sheets-value=\"{&quot;1&quot;:2,&quot;2&quot;:&quot;Polic&quot;}\">Polic<\/td>\n<td data-sheets-value=\"{&quot;1&quot;:3,&quot;3&quot;:79}\"><span style=\"font-weight: 400;\">386<\/span><\/td>\n<\/tr>\n<tr>\n<td data-sheets-value=\"{&quot;1&quot;:2,&quot;2&quot;:&quot;Ushtar\u00eb&quot;}\">Ushtar\u00eb<\/td>\n<td data-sheets-value=\"{&quot;1&quot;:3,&quot;3&quot;:114}\"><span style=\"font-weight: 400;\">338<\/span><\/td>\n<\/tr>\n<tr>\n<td data-sheets-value=\"{&quot;1&quot;:2,&quot;2&quot;:&quot;Paramilitar\u00eb&quot;}\">Paramilitar\u00eb<\/td>\n<td data-sheets-value=\"{&quot;1&quot;:3,&quot;3&quot;:147}\"><span style=\"font-weight: 400;\">593<\/span><\/td>\n<\/tr>\n<tr>\n<td data-sheets-value=\"{&quot;1&quot;:2,&quot;2&quot;:&quot;Nuk dihet&quot;}\">Nuk dihet<\/td>\n<td data-sheets-value=\"{&quot;1&quot;:3,&quot;3&quot;:16}\"><span style=\"font-weight: 400;\">84<\/span><\/td>\n<\/tr>\n<tr>\n<td data-sheets-value=\"{&quot;1&quot;:2,&quot;2&quot;:&quot;Tjet\u00ebr&quot;}\">Tjet\u00ebr<\/td>\n<td data-sheets-value=\"{&quot;1&quot;:3,&quot;3&quot;:6}\">16<\/td>\n<\/tr>\n<\/tbody>\n<\/table>\n<p>[\/vc_column_text][\/vc_tta_section][\/vc_tta_tabs][\/vc_column][\/vc_row]<\/p>\n","protected":false},"excerpt":{"rendered":"<p>[vc_section][vc_row css=&#8221;.vc_custom_1610664290847{padding-top: 60px !important;padding-bottom: 30px !important;background-color: #ededed !important;}&#8221;][vc_column el_class=&#8221;Gjinia e viktimave t\u00eb dhun\u00ebs seksuale&#8221;][vc_column_text] M\u00ebnyrat dhe format e dhunimit (Pjesa C) [\/vc_column_text][vc_separator color=&#8221;custom&#8221; border_width=&#8221;3&#8243; accent_color=&#8221;#f58434&#8243;][\/vc_column][\/vc_row][vc_row css=&#8221;.vc_custom_1610751104812{margin-top: 60px !important;padding-top: 60px !important;padding-bottom: 0px !important;}&#8221;][vc_column width=&#8221;1\/2&#8243;][vc_column_text] Lloji i dhun\u00ebs seksuale Dhunim 1280 Skllav\u00ebria seksuale 34 Prostitucioni i detyruar &#8211; Shtat\u00ebzani me dhun\u00eb 6 Sterilizimi i detyruar &#8211; Abortimi [&hellip;]<\/p>\n","protected":false},"author":1,"featured_media":0,"parent":0,"menu_order":2,"comment_status":"closed","ping_status":"closed","template":"tpl-visual_composer.php","meta":[],"_links":{"self":[{"href":"https:\/\/krct.org\/dokumentimi\/wp-json\/wp\/v2\/pages\/685"}],"collection":[{"href":"https:\/\/krct.org\/dokumentimi\/wp-json\/wp\/v2\/pages"}],"about":[{"href":"https:\/\/krct.org\/dokumentimi\/wp-json\/wp\/v2\/types\/page"}],"author":[{"embeddable":true,"href":"https:\/\/krct.org\/dokumentimi\/wp-json\/wp\/v2\/users\/1"}],"replies":[{"embeddable":true,"href":"https:\/\/krct.org\/dokumentimi\/wp-json\/wp\/v2\/comments?post=685"}],"version-history":[{"count":14,"href":"https:\/\/krct.org\/dokumentimi\/wp-json\/wp\/v2\/pages\/685\/revisions"}],"predecessor-version":[{"id":1248,"href":"https:\/\/krct.org\/dokumentimi\/wp-json\/wp\/v2\/pages\/685\/revisions\/1248"}],"wp:attachment":[{"href":"https:\/\/krct.org\/dokumentimi\/wp-json\/wp\/v2\/media?parent=685"}],"curies":[{"name":"wp","href":"https:\/\/api.w.org\/{rel}","templated":true}]}}