{"id":693,"date":"2020-12-22T20:09:21","date_gmt":"2020-12-22T20:09:21","guid":{"rendered":"http:\/\/pointmedia.al\/krctdokumentimi\/dokumentimi-copy-copy-copy-copy-copy\/"},"modified":"2024-12-09T23:27:27","modified_gmt":"2024-12-09T23:27:27","slug":"pjesa-e","status":"publish","type":"page","link":"https:\/\/krct.org\/dokumentimi\/pjesa-e\/","title":{"rendered":"Pjesa E"},"content":{"rendered":"<p>[vc_row css=&#8221;.vc_custom_1610664780440{padding-top: 60px !important;padding-bottom: 30px !important;background-color: #ededed !important;}&#8221;][vc_column el_class=&#8221;Gjinia e viktimave t\u00eb dhun\u00ebs seksuale&#8221;][vc_column_text]<\/p>\n<h2 style=\"text-align: center;\"><strong>Ofrimi i sh\u00ebrbimeve profesionale<\/strong><br \/>\n<strong>(Pjesa E)<\/strong><\/h2>\n<p>[\/vc_column_text][vc_separator color=&#8221;custom&#8221; border_width=&#8221;3&#8243; accent_color=&#8221;#f58434&#8243;][\/vc_column][\/vc_row][vc_row css=&#8221;.vc_custom_1610664910015{padding-top: 60px !important;background-color: #ffffff !important;}&#8221;][vc_column width=&#8221;1\/2&#8243;][vc_column_text]<\/p>\n<table dir=\"ltr\" border=\"1\" cellspacing=\"0\" cellpadding=\"0\">\n<colgroup>\n<col width=\"330\" \/>\n<col width=\"85\" \/><\/colgroup>\n<tbody>\n<tr>\n<td colspan=\"2\" rowspan=\"1\" data-sheets-value=\"{&quot;1&quot;:2,&quot;2&quot;:&quot;A keni k\u00ebrkuar ndihm\u00eb mjek\u00ebsore\/psikologjike lidhur me ngjarjen e p\u00ebrjetuar&quot;}\"><strong>A keni k\u00ebrkuar ndihm\u00eb mjek\u00ebsore\/psikologjike lidhur me ngjarjen e p\u00ebrjetuar<\/strong><\/td>\n<\/tr>\n<tr>\n<td data-sheets-value=\"{&quot;1&quot;:2,&quot;2&quot;:&quot;Po, menj\u00ebher\u00eb pas ngjarjes&quot;}\">Po, menj\u00ebher\u00eb pas ngjarjes<\/td>\n<td data-sheets-value=\"{&quot;1&quot;:3,&quot;3&quot;:68}\"><span style=\"font-weight: 400;\">230<\/span><\/td>\n<\/tr>\n<tr>\n<td data-sheets-value=\"{&quot;1&quot;:2,&quot;2&quot;:&quot;Po, disa muaj\/vite pas ngjarjes&quot;}\">Po, disa muaj\/vite pas ngjarjes<\/td>\n<td data-sheets-value=\"{&quot;1&quot;:3,&quot;3&quot;:223}\"><span style=\"font-weight: 400;\">835<\/span><\/td>\n<\/tr>\n<tr>\n<td data-sheets-value=\"{&quot;1&quot;:2,&quot;2&quot;:&quot;Jo&quot;}\">Jo<\/td>\n<td data-sheets-value=\"{&quot;1&quot;:3,&quot;3&quot;:44}\"><span style=\"font-weight: 400;\">232<\/span><\/td>\n<\/tr>\n<tr>\n<td data-sheets-value=\"{&quot;1&quot;:2,&quot;2&quot;:&quot;Tjet\u00ebr&quot;}\">Tjet\u00ebr<\/td>\n<td data-sheets-value=\"{&quot;1&quot;:3,&quot;3&quot;:1}\">3<\/td>\n<\/tr>\n<\/tbody>\n<\/table>\n<p>[\/vc_column_text][\/vc_column][vc_column width=&#8221;1\/2&#8243;][vc_column_text]<\/p>\n<table dir=\"ltr\" border=\"1\" cellspacing=\"0\" cellpadding=\"0\">\n<colgroup>\n<col width=\"330\" \/>\n<col width=\"85\" \/><\/colgroup>\n<tbody>\n<tr>\n<td colspan=\"2\" rowspan=\"1\" data-sheets-value=\"{&quot;1&quot;:2,&quot;2&quot;:&quot;Ndihma mjek\u00ebsore \/ psikologjike \u00ebsht\u00eb ofruar nga&quot;}\"><strong>Ndihma mjek\u00ebsore \/ psikologjike \u00ebsht\u00eb ofruar nga:<\/strong><\/td>\n<\/tr>\n<tr>\n<td data-sheets-value=\"{&quot;1&quot;:2,&quot;2&quot;:&quot;Institucionet publike sh\u00ebndet\u00ebsore&quot;}\">Institucionet publike sh\u00ebndet\u00ebsore<\/td>\n<td data-sheets-value=\"{&quot;1&quot;:3,&quot;3&quot;:139}\"><span style=\"font-weight: 400;\">562<\/span><\/td>\n<\/tr>\n<tr>\n<td data-sheets-value=\"{&quot;1&quot;:2,&quot;2&quot;:&quot;Institucionet private sh\u00ebndet\u00ebsore&quot;}\">Institucionet private sh\u00ebndet\u00ebsore<\/td>\n<td data-sheets-value=\"{&quot;1&quot;:3,&quot;3&quot;:100}\"><span style=\"font-weight: 400;\">390<\/span><\/td>\n<\/tr>\n<tr>\n<td data-sheets-value=\"{&quot;1&quot;:2,&quot;2&quot;:&quot;N\u00eb kamp ushtarak&quot;}\">N\u00eb kamp ushtarak<\/td>\n<td data-sheets-value=\"{&quot;1&quot;:3,&quot;3&quot;:2}\">8<\/td>\n<\/tr>\n<tr>\n<td data-sheets-value=\"{&quot;1&quot;:2,&quot;2&quot;:&quot;N\u00eb kamp refugjat\u00ebsh&quot;}\">N\u00eb kamp refugjat\u00ebsh<\/td>\n<td data-sheets-value=\"{&quot;1&quot;:3,&quot;3&quot;:11}\"><span style=\"font-weight: 400;\">32<\/span><\/td>\n<\/tr>\n<tr>\n<td data-sheets-value=\"{&quot;1&quot;:2,&quot;2&quot;:&quot;Organizatat nd\u00ebrkomb\u00ebtare&quot;}\">Organizatat nd\u00ebrkomb\u00ebtare<\/td>\n<td data-sheets-value=\"{&quot;1&quot;:3,&quot;3&quot;:5}\"><span style=\"font-weight: 400;\">14<\/span><\/td>\n<\/tr>\n<tr>\n<td data-sheets-value=\"{&quot;1&quot;:2,&quot;2&quot;:&quot;Organizatat joqeveritare vendore&quot;}\">Organizatat joqeveritare vendore<\/td>\n<td data-sheets-value=\"{&quot;1&quot;:3,&quot;3&quot;:227}\"><span style=\"font-weight: 400;\">677<\/span><\/td>\n<\/tr>\n<tr>\n<td data-sheets-value=\"{&quot;1&quot;:2,&quot;2&quot;:&quot;Nuk ka marr\u00eb asnj\u00ebher\u00eb ndihm\u00eb mjek\u00ebsore \/ psikologjike&quot;}\">Nuk ka marr\u00eb asnj\u00ebher\u00eb ndihm\u00eb mjek\u00ebsore \/ psikologjike<\/td>\n<td data-sheets-value=\"{&quot;1&quot;:3,&quot;3&quot;:5}\">10<\/td>\n<\/tr>\n<tr>\n<td data-sheets-value=\"{&quot;1&quot;:2,&quot;2&quot;:&quot;Tjet\u00ebr&quot;}\">Tjet\u00ebr<\/td>\n<td data-sheets-value=\"{&quot;1&quot;:3,&quot;3&quot;:3}\"><span style=\"font-weight: 400;\">28<\/span><\/td>\n<\/tr>\n<\/tbody>\n<\/table>\n<p>[\/vc_column_text][\/vc_column][\/vc_row][vc_row css=&#8221;.vc_custom_1610664937528{padding-top: 30px !important;padding-bottom: 30px !important;background-color: #ededed !important;}&#8221;][vc_column width=&#8221;1\/6&#8243;][vc_column_text][\/vc_column_text][\/vc_column][vc_column width=&#8221;2\/3&#8243;][vc_column_text]<\/p>\n<table dir=\"ltr\" border=\"1\" cellspacing=\"0\" cellpadding=\"0\">\n<colgroup>\n<col width=\"330\" \/>\n<col width=\"85\" \/><\/colgroup>\n<tbody>\n<tr>\n<td colspan=\"2\" rowspan=\"1\" data-sheets-value=\"{&quot;1&quot;:2,&quot;2&quot;:&quot;Diagnoza&quot;}\"><strong>Diagnoza:\u00a0<\/strong><\/td>\n<\/tr>\n<tr>\n<td data-sheets-value=\"{&quot;1&quot;:2,&quot;2&quot;:&quot;PTSD&quot;}\">PTSD<\/td>\n<td data-sheets-value=\"{&quot;1&quot;:3,&quot;3&quot;:116}\"><span style=\"font-weight: 400;\">474<\/span><\/td>\n<\/tr>\n<tr>\n<td data-sheets-value=\"{&quot;1&quot;:2,&quot;2&quot;:&quot;Depresion&quot;}\">Depresion<\/td>\n<td data-sheets-value=\"{&quot;1&quot;:3,&quot;3&quot;:133}\"><span style=\"font-weight: 400;\">538<\/span><\/td>\n<\/tr>\n<tr>\n<td data-sheets-value=\"{&quot;1&quot;:2,&quot;2&quot;:&quot;\u00c7rregullim akut i stresit&quot;}\">\u00c7rregullim akut i stresit<\/td>\n<td data-sheets-value=\"{&quot;1&quot;:3,&quot;3&quot;:70}\"><span style=\"font-weight: 400;\">165<\/span><\/td>\n<\/tr>\n<tr>\n<td data-sheets-value=\"{&quot;1&quot;:2,&quot;2&quot;:&quot;\u00c7rregullim i panikut&quot;}\">\u00c7rregullim i panikut<\/td>\n<td data-sheets-value=\"{&quot;1&quot;:3,&quot;3&quot;:35}\"><span style=\"font-weight: 400;\">79<\/span><\/td>\n<\/tr>\n<tr>\n<td data-sheets-value=\"{&quot;1&quot;:2,&quot;2&quot;:&quot;Ankth i gjeneralizuar&quot;}\">Ankth i gjeneralizuar<\/td>\n<td data-sheets-value=\"{&quot;1&quot;:3,&quot;3&quot;:101}\"><span style=\"font-weight: 400;\">286<\/span><\/td>\n<\/tr>\n<tr>\n<td data-sheets-value=\"{&quot;1&quot;:2,&quot;2&quot;:&quot;Tjet\u00ebr&quot;}\">Tjet\u00ebr<\/td>\n<td data-sheets-value=\"{&quot;1&quot;:3,&quot;3&quot;:11}\"><span style=\"font-weight: 400;\">35<\/span><\/td>\n<\/tr>\n<\/tbody>\n<\/table>\n<p>[\/vc_column_text][\/vc_column][vc_column width=&#8221;1\/6&#8243;][\/vc_column][\/vc_row][vc_row][vc_column][vc_tta_tabs active_section=&#8221;1&#8243; title=&#8221;Ndihma mjek\u00ebsore \/ psikologjike&#8221;][vc_tta_section title=&#8221;Ofrohet ndihm\u00eb mjek\u00ebsore \/ psikologjike&#8221; tab_id=&#8221;1608642896350-2f389c63-96ae&#8221;][vc_column_text]<\/p>\n<table dir=\"ltr\" border=\"1\" cellspacing=\"0\" cellpadding=\"0\">\n<colgroup>\n<col width=\"330\" \/>\n<col width=\"85\" \/><\/colgroup>\n<tbody>\n<tr>\n<td colspan=\"2\" rowspan=\"1\" data-sheets-value=\"{&quot;1&quot;:2,&quot;2&quot;:&quot;A vazhdoni t\u00eb merrni ndihm\u00eb mjek\u00ebsore\/psikologjike p\u00ebr pasojat nga dhunimi?&quot;}\"><strong>A vazhdoni t\u00eb merrni ndihm\u00eb mjek\u00ebsore\/psikologjike p\u00ebr pasojat nga dhunimi?<\/strong><\/td>\n<\/tr>\n<tr>\n<td data-sheets-value=\"{&quot;1&quot;:2,&quot;2&quot;:&quot;Po&quot;}\">Po<\/td>\n<td data-sheets-value=\"{&quot;1&quot;:3,&quot;3&quot;:262}\"><span style=\"font-weight: 400;\">936<\/span><\/td>\n<\/tr>\n<tr>\n<td data-sheets-value=\"{&quot;1&quot;:2,&quot;2&quot;:&quot;Jo&quot;}\">Jo<\/td>\n<td data-sheets-value=\"{&quot;1&quot;:3,&quot;3&quot;:48}\"><span style=\"font-weight: 400;\">177<\/span><\/td>\n<\/tr>\n<tr>\n<td data-sheets-value=\"{&quot;1&quot;:2,&quot;2&quot;:&quot;Tjet\u00ebr&quot;}\">Tjet\u00ebr<\/td>\n<td data-sheets-value=\"{&quot;1&quot;:3,&quot;3&quot;:1}\"><span style=\"font-weight: 400;\">13<\/span><\/td>\n<\/tr>\n<\/tbody>\n<\/table>\n<p>[\/vc_column_text][\/vc_tta_section][vc_tta_section title=&#8221;Ndihma mjek\u00ebsore \/ psikologjike ofrohet nga&#8221; tab_id=&#8221;1608642896432-7cc672a5-2fcf&#8221;][vc_column_text]<\/p>\n<table dir=\"ltr\" border=\"1\" cellspacing=\"0\" cellpadding=\"0\">\n<colgroup>\n<col width=\"330\" \/>\n<col width=\"85\" \/><\/colgroup>\n<tbody>\n<tr>\n<td colspan=\"2\" rowspan=\"1\" data-sheets-value=\"{&quot;1&quot;:2,&quot;2&quot;:&quot;N\u00ebse po, nga kush?&quot;}\"><strong>N\u00ebse po, nga kush?<\/strong><\/td>\n<\/tr>\n<tr>\n<td data-sheets-value=\"{&quot;1&quot;:2,&quot;2&quot;:&quot;Institucionet publike sh\u00ebndet\u00ebsore&quot;}\">Institucionet publike sh\u00ebndet\u00ebsore<\/td>\n<td data-sheets-value=\"{&quot;1&quot;:3,&quot;3&quot;:77}\"><span style=\"font-weight: 400;\">318<\/span><\/td>\n<\/tr>\n<tr>\n<td data-sheets-value=\"{&quot;1&quot;:2,&quot;2&quot;:&quot;Institucionet private sh\u00ebndet\u00ebsore&quot;}\">Institucionet private sh\u00ebndet\u00ebsore<\/td>\n<td data-sheets-value=\"{&quot;1&quot;:3,&quot;3&quot;:50}\"><span style=\"font-weight: 400;\">214<\/span><\/td>\n<\/tr>\n<tr>\n<td data-sheets-value=\"{&quot;1&quot;:2,&quot;2&quot;:&quot;Organizatat joqeveritare vendore&quot;}\">Organizatat joqeveritare vendore<\/td>\n<td data-sheets-value=\"{&quot;1&quot;:3,&quot;3&quot;:237}\"><span style=\"font-weight: 400;\">785<\/span><\/td>\n<\/tr>\n<tr>\n<td data-sheets-value=\"{&quot;1&quot;:2,&quot;2&quot;:&quot;Tjet\u00ebr&quot;}\">Tjet\u00ebr<\/td>\n<td data-sheets-value=\"{&quot;1&quot;:2,&quot;2&quot;:&quot;-&quot;}\">7<\/td>\n<\/tr>\n<\/tbody>\n<\/table>\n<p>[\/vc_column_text][\/vc_tta_section][\/vc_tta_tabs][\/vc_column][\/vc_row]<\/p>\n","protected":false},"excerpt":{"rendered":"<p>[vc_row css=&#8221;.vc_custom_1610664780440{padding-top: 60px !important;padding-bottom: 30px !important;background-color: #ededed !important;}&#8221;][vc_column el_class=&#8221;Gjinia e viktimave t\u00eb dhun\u00ebs seksuale&#8221;][vc_column_text] Ofrimi i sh\u00ebrbimeve profesionale (Pjesa E) [\/vc_column_text][vc_separator color=&#8221;custom&#8221; border_width=&#8221;3&#8243; accent_color=&#8221;#f58434&#8243;][\/vc_column][\/vc_row][vc_row css=&#8221;.vc_custom_1610664910015{padding-top: 60px !important;background-color: #ffffff !important;}&#8221;][vc_column width=&#8221;1\/2&#8243;][vc_column_text] A keni k\u00ebrkuar ndihm\u00eb mjek\u00ebsore\/psikologjike lidhur me ngjarjen e p\u00ebrjetuar Po, menj\u00ebher\u00eb pas ngjarjes 230 Po, disa muaj\/vite pas ngjarjes 835 Jo 232 Tjet\u00ebr 3 [&hellip;]<\/p>\n","protected":false},"author":1,"featured_media":0,"parent":0,"menu_order":2,"comment_status":"closed","ping_status":"closed","template":"tpl-visual_composer.php","meta":[],"_links":{"self":[{"href":"https:\/\/krct.org\/dokumentimi\/wp-json\/wp\/v2\/pages\/693"}],"collection":[{"href":"https:\/\/krct.org\/dokumentimi\/wp-json\/wp\/v2\/pages"}],"about":[{"href":"https:\/\/krct.org\/dokumentimi\/wp-json\/wp\/v2\/types\/page"}],"author":[{"embeddable":true,"href":"https:\/\/krct.org\/dokumentimi\/wp-json\/wp\/v2\/users\/1"}],"replies":[{"embeddable":true,"href":"https:\/\/krct.org\/dokumentimi\/wp-json\/wp\/v2\/comments?post=693"}],"version-history":[{"count":14,"href":"https:\/\/krct.org\/dokumentimi\/wp-json\/wp\/v2\/pages\/693\/revisions"}],"predecessor-version":[{"id":1250,"href":"https:\/\/krct.org\/dokumentimi\/wp-json\/wp\/v2\/pages\/693\/revisions\/1250"}],"wp:attachment":[{"href":"https:\/\/krct.org\/dokumentimi\/wp-json\/wp\/v2\/media?parent=693"}],"curies":[{"name":"wp","href":"https:\/\/api.w.org\/{rel}","templated":true}]}}