{"id":695,"date":"2020-12-22T20:09:36","date_gmt":"2020-12-22T20:09:36","guid":{"rendered":"http:\/\/pointmedia.al\/krctdokumentimi\/dokumentimi-copy-copy-copy-copy-copy-2\/"},"modified":"2024-12-09T23:28:48","modified_gmt":"2024-12-09T23:28:48","slug":"pjesa-f","status":"publish","type":"page","link":"https:\/\/krct.org\/dokumentimi\/pjesa-f\/","title":{"rendered":"Pjesa F"},"content":{"rendered":"<p>[vc_row css=&#8221;.vc_custom_1610665130210{padding-top: 60px !important;padding-bottom: 30px !important;background-color: #ededed !important;}&#8221;][vc_column el_class=&#8221;Gjinia e viktimave t\u00eb dhun\u00ebs seksuale&#8221;][vc_column_text]<\/p>\n<h2 style=\"text-align: center;\"><strong>Aspektet sociale<\/strong><\/h2>\n<h2 style=\"text-align: center;\"><strong>(Pjesa F)<\/strong><\/h2>\n<p>[\/vc_column_text][vc_separator color=&#8221;custom&#8221; border_width=&#8221;3&#8243; accent_color=&#8221;#f58434&#8243;][\/vc_column][\/vc_row][vc_row][vc_column][vc_tta_tabs active_section=&#8221;1&#8243; title=&#8221;Aspektet sociale&#8221;][vc_tta_section title=&#8221;Lloji i banimit:&#8221; tab_id=&#8221;1608643414671-e0c05103-1194&#8243;][vc_column_text]<\/p>\n<table dir=\"ltr\" border=\"1\" cellspacing=\"0\" cellpadding=\"0\">\n<colgroup>\n<col width=\"330\" \/>\n<col width=\"85\" \/><\/colgroup>\n<tbody>\n<tr>\n<td data-sheets-value=\"{&quot;1&quot;:2,&quot;2&quot;:&quot;Pronar\/e i\/e sht\u00ebpis\u00eb&quot;}\"><span style=\"font-weight: 400;\">Pronar\/e i\/e sht\u00ebpis\u00eb<\/span><\/td>\n<td data-sheets-value=\"{&quot;1&quot;:3,&quot;3&quot;:71}\"><span style=\"font-weight: 400;\">250<\/span><\/td>\n<\/tr>\n<tr>\n<td data-sheets-value=\"{&quot;1&quot;:2,&quot;2&quot;:&quot;I\/e pastreh\u00eb&quot;}\"><span style=\"font-weight: 400;\">I\/e pastreh\u00eb<\/span><\/td>\n<td data-sheets-value=\"{&quot;1&quot;:3,&quot;3&quot;:5}\"><span style=\"font-weight: 400;\">15<\/span><\/td>\n<\/tr>\n<tr>\n<td data-sheets-value=\"{&quot;1&quot;:2,&quot;2&quot;:&quot;Duke jetuar n\u00eb familje t\u00eb ngusht\u00eb&quot;}\"><span style=\"font-weight: 400;\">Duke jetuar n\u00eb familje t\u00eb ngusht\u00eb<\/span><\/td>\n<td data-sheets-value=\"{&quot;1&quot;:3,&quot;3&quot;:190}\"><span style=\"font-weight: 400;\">769<\/span><\/td>\n<\/tr>\n<tr>\n<td data-sheets-value=\"{&quot;1&quot;:2,&quot;2&quot;:&quot;Duke jetuar me familje t\u00eb gjer\u00eb&quot;}\"><span style=\"font-weight: 400;\">Duke jetuar n\u00eb familje t\u00eb gjer\u00eb<\/span><\/td>\n<td data-sheets-value=\"{&quot;1&quot;:3,&quot;3&quot;:30}\"><span style=\"font-weight: 400;\">125<\/span><\/td>\n<\/tr>\n<tr>\n<td data-sheets-value=\"{&quot;1&quot;:2,&quot;2&quot;:&quot;Me qera&quot;}\"><span style=\"font-weight: 400;\">Me qera<\/span><\/td>\n<td data-sheets-value=\"{&quot;1&quot;:3,&quot;3&quot;:33}\"><span style=\"font-weight: 400;\">103<\/span><\/td>\n<\/tr>\n<tr>\n<td data-sheets-value=\"{&quot;1&quot;:2,&quot;2&quot;:&quot;Tjet\u00ebr&quot;}\"><span style=\"font-weight: 400;\">Tjet\u00ebr<\/span><\/td>\n<td data-sheets-value=\"{&quot;1&quot;:3,&quot;3&quot;:7}\"><span style=\"font-weight: 400;\">38<\/span><\/td>\n<\/tr>\n<\/tbody>\n<\/table>\n<p>[\/vc_column_text][\/vc_tta_section][vc_tta_section title=&#8221;Kushtet e banimit:&#8221; tab_id=&#8221;1608643414865-7ceb17cc-91f4&#8243;][vc_column_text]<\/p>\n<table dir=\"ltr\" border=\"1\" cellspacing=\"0\" cellpadding=\"0\">\n<colgroup>\n<col width=\"330\" \/>\n<col width=\"85\" \/><\/colgroup>\n<tbody>\n<tr>\n<td data-sheets-value=\"{&quot;1&quot;:2,&quot;2&quot;:&quot;T\u00eb mira&quot;}\"><span style=\"font-weight: 400;\">T\u00eb mira<\/span><\/td>\n<td data-sheets-value=\"{&quot;1&quot;:3,&quot;3&quot;:41}\"><span style=\"font-weight: 400;\">189<\/span><\/td>\n<\/tr>\n<tr>\n<td data-sheets-value=\"{&quot;1&quot;:2,&quot;2&quot;:&quot;Mesatare&quot;}\"><span style=\"font-weight: 400;\">Mesatare<\/span><\/td>\n<td data-sheets-value=\"{&quot;1&quot;:3,&quot;3&quot;:211}\"><span style=\"font-weight: 400;\">853<\/span><\/td>\n<\/tr>\n<tr>\n<td data-sheets-value=\"{&quot;1&quot;:2,&quot;2&quot;:&quot;Jo t\u00eb mira&quot;}\"><span style=\"font-weight: 400;\">Jo t\u00eb mira<\/span><\/td>\n<td data-sheets-value=\"{&quot;1&quot;:3,&quot;3&quot;:84}\"><span style=\"font-weight: 400;\">258<\/span><\/td>\n<\/tr>\n<\/tbody>\n<\/table>\n<p>[\/vc_column_text][\/vc_tta_section][\/vc_tta_tabs][\/vc_column][\/vc_row]<\/p>\n","protected":false},"excerpt":{"rendered":"<p>[vc_row css=&#8221;.vc_custom_1610665130210{padding-top: 60px !important;padding-bottom: 30px !important;background-color: #ededed !important;}&#8221;][vc_column el_class=&#8221;Gjinia e viktimave t\u00eb dhun\u00ebs seksuale&#8221;][vc_column_text] Aspektet sociale (Pjesa F) [\/vc_column_text][vc_separator color=&#8221;custom&#8221; border_width=&#8221;3&#8243; accent_color=&#8221;#f58434&#8243;][\/vc_column][\/vc_row][vc_row][vc_column][vc_tta_tabs active_section=&#8221;1&#8243; title=&#8221;Aspektet sociale&#8221;][vc_tta_section title=&#8221;Lloji i banimit:&#8221; tab_id=&#8221;1608643414671-e0c05103-1194&#8243;][vc_column_text] Pronar\/e i\/e sht\u00ebpis\u00eb 250 I\/e pastreh\u00eb 15 Duke jetuar n\u00eb familje t\u00eb ngusht\u00eb 769 Duke jetuar n\u00eb familje t\u00eb gjer\u00eb 125 Me qera 103 Tjet\u00ebr 38 [&hellip;]<\/p>\n","protected":false},"author":1,"featured_media":0,"parent":0,"menu_order":2,"comment_status":"closed","ping_status":"closed","template":"tpl-visual_composer.php","meta":[],"_links":{"self":[{"href":"https:\/\/krct.org\/dokumentimi\/wp-json\/wp\/v2\/pages\/695"}],"collection":[{"href":"https:\/\/krct.org\/dokumentimi\/wp-json\/wp\/v2\/pages"}],"about":[{"href":"https:\/\/krct.org\/dokumentimi\/wp-json\/wp\/v2\/types\/page"}],"author":[{"embeddable":true,"href":"https:\/\/krct.org\/dokumentimi\/wp-json\/wp\/v2\/users\/1"}],"replies":[{"embeddable":true,"href":"https:\/\/krct.org\/dokumentimi\/wp-json\/wp\/v2\/comments?post=695"}],"version-history":[{"count":12,"href":"https:\/\/krct.org\/dokumentimi\/wp-json\/wp\/v2\/pages\/695\/revisions"}],"predecessor-version":[{"id":1251,"href":"https:\/\/krct.org\/dokumentimi\/wp-json\/wp\/v2\/pages\/695\/revisions\/1251"}],"wp:attachment":[{"href":"https:\/\/krct.org\/dokumentimi\/wp-json\/wp\/v2\/media?parent=695"}],"curies":[{"name":"wp","href":"https:\/\/api.w.org\/{rel}","templated":true}]}}