{"id":696,"date":"2020-12-22T20:09:42","date_gmt":"2020-12-22T20:09:42","guid":{"rendered":"http:\/\/pointmedia.al\/krctdokumentimi\/dokumentimi-copy-copy-copy-copy-copy-3\/"},"modified":"2024-12-09T23:35:07","modified_gmt":"2024-12-09T23:35:07","slug":"pjesa-g","status":"publish","type":"page","link":"https:\/\/krct.org\/dokumentimi\/pjesa-g\/","title":{"rendered":"Pjesa G"},"content":{"rendered":"<p>[vc_row css=&#8221;.vc_custom_1610665178308{padding-top: 60px !important;padding-bottom: 30px !important;background-color: #ededed !important;}&#8221;][vc_column el_class=&#8221;Gjinia e viktimave t\u00eb dhun\u00ebs seksuale&#8221;][vc_column_text]<\/p>\n<h2 style=\"text-align: center;\"><strong>Qasja n\u00eb drejt\u00ebsi<\/strong><br \/>\n<strong>(Pjesa G)<\/strong><\/h2>\n<p>[\/vc_column_text][vc_separator color=&#8221;custom&#8221; border_width=&#8221;3&#8243; accent_color=&#8221;#f58434&#8243;][\/vc_column][\/vc_row][vc_row css=&#8221;.vc_custom_1610665771753{padding-bottom: 60px !important;}&#8221;][vc_column][vc_tta_tabs active_section=&#8221;1&#8243;][vc_tta_section title=&#8221;A e keni paraqitur rastin n\u00eb institucionet e hetuesis\u00eb \/ drejt\u00ebsis\u00eb&#8221; tab_id=&#8221;1608643542694-2bd5379f-0fc5&#8243;][vc_column_text]<\/p>\n<table dir=\"ltr\" border=\"1\" cellspacing=\"0\" cellpadding=\"0\">\n<colgroup>\n<col width=\"330\" \/>\n<col width=\"85\" \/><\/colgroup>\n<tbody>\n<tr>\n<td data-sheets-value=\"{&quot;1&quot;:2,&quot;2&quot;:&quot;Po&quot;}\">Po<\/td>\n<td data-sheets-value=\"{&quot;1&quot;:3,&quot;3&quot;:13}\"><span style=\"font-weight: 400;\">49<\/span><\/td>\n<\/tr>\n<tr>\n<td data-sheets-value=\"{&quot;1&quot;:2,&quot;2&quot;:&quot;Jo&quot;}\">Jo<\/td>\n<td data-sheets-value=\"{&quot;1&quot;:3,&quot;3&quot;:323}\"><span style=\"font-weight: 400;\">1251<\/span><\/td>\n<\/tr>\n<tr>\n<td data-sheets-value=\"{&quot;1&quot;:2,&quot;2&quot;:&quot;Tjet\u00ebr&quot;}\">Tjet\u00ebr<\/td>\n<td data-sheets-value=\"{&quot;1&quot;:2,&quot;2&quot;:&quot;-&quot;}\">&#8211;<\/td>\n<\/tr>\n<\/tbody>\n<\/table>\n<p>[\/vc_column_text][\/vc_tta_section][vc_tta_section title=&#8221;N\u00ebse po, specifikoni rezultatet:&#8221; tab_id=&#8221;1608643542786-f55b8dff-c38c&#8221;][vc_column_text]<\/p>\n<table dir=\"ltr\" border=\"1\" cellspacing=\"0\" cellpadding=\"0\">\n<colgroup>\n<col width=\"330\" \/>\n<col width=\"85\" \/><\/colgroup>\n<tbody>\n<tr>\n<td data-sheets-value=\"{&quot;1&quot;:2,&quot;2&quot;:&quot;\u00cbsht\u00eb n\u00eb pritje p\u00ebr t\u00eb filluar hetimet&quot;}\">\u00cbsht\u00eb n\u00eb pritje p\u00ebr t\u00eb filluar hetimet<\/td>\n<td data-sheets-value=\"{&quot;1&quot;:3,&quot;3&quot;:3}\">4<\/td>\n<\/tr>\n<tr>\n<td data-sheets-value=\"{&quot;1&quot;:2,&quot;2&quot;:&quot;Kan\u00eb filluar hetimet&quot;}\">Kan\u00eb filluar hetimet<\/td>\n<td data-sheets-value=\"{&quot;1&quot;:2,&quot;2&quot;:&quot;-&quot;}\">8<\/td>\n<\/tr>\n<tr>\n<td data-sheets-value=\"{&quot;1&quot;:2,&quot;2&quot;:&quot;\u00cbsht\u00eb ngritur aktakuza&quot;}\">\u00cbsht\u00eb ngritur aktakuza<\/td>\n<td data-sheets-value=\"{&quot;1&quot;:3,&quot;3&quot;:2}\">2<\/td>\n<\/tr>\n<tr>\n<td data-sheets-value=\"{&quot;1&quot;:2,&quot;2&quot;:&quot;\u00cbsht\u00eb mbyllur rasti pa rezultat&quot;}\">\u00cbsht\u00eb mbyllur rasti pa rezultat<\/td>\n<td data-sheets-value=\"{&quot;1&quot;:2,&quot;2&quot;:&quot;-&quot;}\">&#8211;<\/td>\n<\/tr>\n<tr>\n<td data-sheets-value=\"{&quot;1&quot;:2,&quot;2&quot;:&quot;Kryer\u00ebsi \u00ebsht\u00eb liruar nga akuza&quot;}\">Kryer\u00ebsi \u00ebsht\u00eb liruar nga akuza<\/td>\n<td data-sheets-value=\"{&quot;1&quot;:2,&quot;2&quot;:&quot;-&quot;}\">1<\/td>\n<\/tr>\n<tr>\n<td data-sheets-value=\"{&quot;1&quot;:2,&quot;2&quot;:&quot;\u00cbsht\u00eb d\u00ebnuar kryer\u00ebsi&quot;}\">\u00cbsht\u00eb d\u00ebnuar kryer\u00ebsi<\/td>\n<td data-sheets-value=\"{&quot;1&quot;:2,&quot;2&quot;:&quot;-&quot;}\">1<\/td>\n<\/tr>\n<tr>\n<td data-sheets-value=\"{&quot;1&quot;:2,&quot;2&quot;:&quot;Nuk \u00ebsht\u00eb n\u00eb dijeni se \u00e7ka ka ndodhur me rastin&quot;}\">Nuk \u00ebsht\u00eb n\u00eb dijeni se \u00e7ka ka ndodhur me rastin<\/td>\n<td data-sheets-value=\"{&quot;1&quot;:3,&quot;3&quot;:8}\">28<\/td>\n<\/tr>\n<tr>\n<td data-sheets-value=\"{&quot;1&quot;:2,&quot;2&quot;:&quot;Tjet\u00ebr&quot;}\">Tjet\u00ebr<\/td>\n<td data-sheets-value=\"{&quot;1&quot;:2,&quot;2&quot;:&quot;-&quot;}\">3<\/td>\n<\/tr>\n<\/tbody>\n<\/table>\n<p>[\/vc_column_text][\/vc_tta_section][vc_tta_section title=&#8221;N\u00ebse jo, arsyeja:&#8221; tab_id=&#8221;1610640577776-bb5f5237-369c&#8221;][vc_column_text]<\/p>\n<table dir=\"ltr\" border=\"1\" cellspacing=\"0\" cellpadding=\"0\">\n<colgroup>\n<col width=\"330\" \/>\n<col width=\"85\" \/><\/colgroup>\n<tbody>\n<tr>\n<td data-sheets-value=\"{&quot;1&quot;:2,&quot;2&quot;:&quot;Mungesa e informimit&quot;}\">Mungesa e informimit<\/td>\n<td data-sheets-value=\"{&quot;1&quot;:3,&quot;3&quot;:40}\"><span style=\"font-weight: 400;\">142<\/span><\/td>\n<\/tr>\n<tr>\n<td data-sheets-value=\"{&quot;1&quot;:2,&quot;2&quot;:&quot;Frik\u00eb nga nd\u00ebshkimi apo k\u00ebrc\u00ebnimi&quot;}\">Frik\u00eb nga nd\u00ebshkimi apo k\u00ebrc\u00ebnimi<\/td>\n<td data-sheets-value=\"{&quot;1&quot;:3,&quot;3&quot;:33}\"><span style=\"font-weight: 400;\">130<\/span><\/td>\n<\/tr>\n<tr>\n<td data-sheets-value=\"{&quot;1&quot;:2,&quot;2&quot;:&quot;Frik\u00eb nga paragjykimi&quot;}\">Frik\u00eb nga paragjykimi<\/td>\n<td data-sheets-value=\"{&quot;1&quot;:3,&quot;3&quot;:228}\"><span style=\"font-weight: 400;\">724<\/span><\/td>\n<\/tr>\n<tr>\n<td data-sheets-value=\"{&quot;1&quot;:2,&quot;2&quot;:&quot;V\u00ebshtir\u00ebsi ekonomike&quot;}\">V\u00ebshtir\u00ebsi ekonomike<\/td>\n<td data-sheets-value=\"{&quot;1&quot;:3,&quot;3&quot;:32}\"><span style=\"font-weight: 400;\">67<\/span><\/td>\n<\/tr>\n<tr>\n<td data-sheets-value=\"{&quot;1&quot;:2,&quot;2&quot;:&quot;Munges\u00eb e ndihm\u00ebs ligjore&quot;}\">Munges\u00eb e ndihm\u00ebs ligjore<\/td>\n<td data-sheets-value=\"{&quot;1&quot;:3,&quot;3&quot;:21}\"><span style=\"font-weight: 400;\">50<\/span><\/td>\n<\/tr>\n<tr>\n<td data-sheets-value=\"{&quot;1&quot;:2,&quot;2&quot;:&quot;Tjet\u00ebr&quot;}\">Tjet\u00ebr<\/td>\n<td data-sheets-value=\"{&quot;1&quot;:3,&quot;3&quot;:53}\"><span style=\"font-weight: 400;\">314<\/span><\/td>\n<\/tr>\n<\/tbody>\n<\/table>\n<p>[\/vc_column_text][\/vc_tta_section][\/vc_tta_tabs][\/vc_column][\/vc_row][vc_row css=&#8221;.vc_custom_1610665255028{padding-top: 30px !important;padding-bottom: 30px !important;background-color: #ededed !important;}&#8221;][vc_column width=&#8221;1\/6&#8243;][vc_column_text][\/vc_column_text][\/vc_column][vc_column width=&#8221;2\/3&#8243;][vc_column_text]<\/p>\n<table dir=\"ltr\" border=\"1\" cellspacing=\"0\" cellpadding=\"0\">\n<colgroup>\n<col width=\"330\" \/>\n<col width=\"85\" \/><\/colgroup>\n<tbody>\n<tr>\n<td colspan=\"2\" rowspan=\"1\" data-sheets-value=\"{&quot;1&quot;:2,&quot;2&quot;:&quot;Vendndodhja e ngjarjes&quot;}\"><strong>N\u00ebse e keni paraqitur rastin, a keni marr\u00eb pjes\u00eb n\u00eb procedur\u00eb:<\/strong><\/td>\n<\/tr>\n<tr>\n<td data-sheets-value=\"{&quot;1&quot;:2,&quot;2&quot;:&quot;Po, n\u00eb t\u00eb gjitha procedurat&quot;}\">Po, n\u00eb t\u00eb gjitha procedurat<\/td>\n<td data-sheets-value=\"{&quot;1&quot;:2,&quot;2&quot;:&quot;-&quot;}\">7<\/td>\n<\/tr>\n<tr>\n<td data-sheets-value=\"{&quot;1&quot;:2,&quot;2&quot;:&quot;Vet\u00ebm n\u00eb disa raste&quot;}\">Vet\u00ebm n\u00eb disa raste<\/td>\n<td data-sheets-value=\"{&quot;1&quot;:3,&quot;3&quot;:3}\">14<\/td>\n<\/tr>\n<tr>\n<td data-sheets-value=\"{&quot;1&quot;:2,&quot;2&quot;:&quot;Jo, n\u00eb asnj\u00eb procedur\u00eb&quot;}\">Jo, n\u00eb asnj\u00eb procedur\u00eb<\/td>\n<td data-sheets-value=\"{&quot;1&quot;:3,&quot;3&quot;:9}\">21<\/td>\n<\/tr>\n<tr>\n<td data-sheets-value=\"{&quot;1&quot;:2,&quot;2&quot;:&quot;Tjet\u00ebr&quot;}\">Tjet\u00ebr<\/td>\n<td data-sheets-value=\"{&quot;1&quot;:3,&quot;3&quot;:1}\">5<\/td>\n<\/tr>\n<\/tbody>\n<\/table>\n<p>[\/vc_column_text][\/vc_column][vc_column width=&#8221;1\/6&#8243;][\/vc_column][\/vc_row][vc_row][vc_column][vc_tta_tabs active_section=&#8221;1&#8243;][vc_tta_section title=&#8221;A keni k\u00ebrkuar ndonj\u00ebher\u00eb ndihm\u00eb ligjore p\u00ebr qasje n\u00eb drejt\u00ebsi?&#8221; tab_id=&#8221;1609276509764-f485fb6d-9271&#8243;][vc_column_text]<\/p>\n<table dir=\"ltr\" border=\"1\" cellspacing=\"0\" cellpadding=\"0\">\n<colgroup>\n<col width=\"330\" \/>\n<col width=\"85\" \/><\/colgroup>\n<tbody>\n<tr>\n<td data-sheets-value=\"{&quot;1&quot;:2,&quot;2&quot;:&quot;Po&quot;}\">Po<\/td>\n<td data-sheets-value=\"{&quot;1&quot;:3,&quot;3&quot;:3}\"><span style=\"font-weight: 400;\">20<\/span><\/td>\n<\/tr>\n<tr>\n<td data-sheets-value=\"{&quot;1&quot;:2,&quot;2&quot;:&quot;Jo&quot;}\">Jo<\/td>\n<td data-sheets-value=\"{&quot;1&quot;:2,&quot;2&quot;:&quot;-&quot;}\"><span style=\"font-weight: 400;\">1155<\/span><\/td>\n<\/tr>\n<tr>\n<td data-sheets-value=\"{&quot;1&quot;:2,&quot;2&quot;:&quot;Tjet\u00ebr&quot;}\">Tjet\u00ebr<\/td>\n<td data-sheets-value=\"{&quot;1&quot;:2,&quot;2&quot;:&quot;-&quot;}\">1<\/td>\n<\/tr>\n<\/tbody>\n<\/table>\n<p>[\/vc_column_text][\/vc_tta_section][vc_tta_section title=&#8221;N\u00ebse po, nga kush \u00ebsht\u00eb ofruar ndihma ligjore?&#8221; tab_id=&#8221;1609276509807-2987f2f0-9c5b&#8221;][vc_column_text]<\/p>\n<table dir=\"ltr\" border=\"1\" cellspacing=\"0\" cellpadding=\"0\">\n<colgroup>\n<col width=\"330\" \/>\n<col width=\"85\" \/><\/colgroup>\n<tbody>\n<tr>\n<td data-sheets-value=\"{&quot;1&quot;:2,&quot;2&quot;:&quot;Avokat\u00eb me autorizim (me pages\u00eb personale)&quot;}\">Avokat\u00eb me autorizim (me pages\u00eb personale)<\/td>\n<td data-sheets-value=\"{&quot;1&quot;:2,&quot;2&quot;:&quot;-&quot;}\">&#8211;<\/td>\n<\/tr>\n<tr>\n<td data-sheets-value=\"{&quot;1&quot;:2,&quot;2&quot;:&quot;Avokat\u00eb sipas detyr\u00ebs zyrtare&quot;}\">Avokat\u00eb sipas detyr\u00ebs zyrtare<\/td>\n<td data-sheets-value=\"{&quot;1&quot;:3,&quot;3&quot;:1}\">4<\/td>\n<\/tr>\n<tr>\n<td data-sheets-value=\"{&quot;1&quot;:2,&quot;2&quot;:&quot;Agjencia p\u00ebr ndihm\u00eb juridike falas&quot;}\">Agjencia p\u00ebr ndihm\u00eb juridike falas<\/td>\n<td data-sheets-value=\"{&quot;1&quot;:2,&quot;2&quot;:&quot;-&quot;}\">&#8211;<\/td>\n<\/tr>\n<tr>\n<td data-sheets-value=\"{&quot;1&quot;:2,&quot;2&quot;:&quot;Mbrojt\u00ebsit e viktimave&quot;}\">Mbrojt\u00ebsit e viktimave<\/td>\n<td data-sheets-value=\"{&quot;1&quot;:2,&quot;2&quot;:&quot;-&quot;}\">2<\/td>\n<\/tr>\n<tr>\n<td data-sheets-value=\"{&quot;1&quot;:2,&quot;2&quot;:&quot;Organizatat joqeveritare&quot;}\">Organizatat joqeveritare<\/td>\n<td data-sheets-value=\"{&quot;1&quot;:3,&quot;3&quot;:6}\">22<\/td>\n<\/tr>\n<tr>\n<td data-sheets-value=\"{&quot;1&quot;:2,&quot;2&quot;:&quot;Nuk \u00ebsht\u00eb ofruar mb\u00ebshtetje ligjore&quot;}\">Nuk \u00ebsht\u00eb ofruar mb\u00ebshtetje ligjore<\/td>\n<td data-sheets-value=\"{&quot;1&quot;:3,&quot;3&quot;:2}\">3<\/td>\n<\/tr>\n<tr>\n<td data-sheets-value=\"{&quot;1&quot;:2,&quot;2&quot;:&quot;Tjet\u00ebr&quot;}\">Tjet\u00ebr<\/td>\n<td data-sheets-value=\"{&quot;1&quot;:2,&quot;2&quot;:&quot;-&quot;}\">3<\/td>\n<\/tr>\n<\/tbody>\n<\/table>\n<p>[\/vc_column_text][\/vc_tta_section][\/vc_tta_tabs][\/vc_column][\/vc_row]<\/p>\n","protected":false},"excerpt":{"rendered":"<p>[vc_row css=&#8221;.vc_custom_1610665178308{padding-top: 60px !important;padding-bottom: 30px !important;background-color: #ededed !important;}&#8221;][vc_column el_class=&#8221;Gjinia e viktimave t\u00eb dhun\u00ebs seksuale&#8221;][vc_column_text] Qasja n\u00eb drejt\u00ebsi (Pjesa G) [\/vc_column_text][vc_separator color=&#8221;custom&#8221; border_width=&#8221;3&#8243; accent_color=&#8221;#f58434&#8243;][\/vc_column][\/vc_row][vc_row css=&#8221;.vc_custom_1610665771753{padding-bottom: 60px !important;}&#8221;][vc_column][vc_tta_tabs active_section=&#8221;1&#8243;][vc_tta_section title=&#8221;A e keni paraqitur rastin n\u00eb institucionet e hetuesis\u00eb \/ drejt\u00ebsis\u00eb&#8221; tab_id=&#8221;1608643542694-2bd5379f-0fc5&#8243;][vc_column_text] Po 49 Jo 1251 Tjet\u00ebr &#8211; [\/vc_column_text][\/vc_tta_section][vc_tta_section title=&#8221;N\u00ebse po, specifikoni rezultatet:&#8221; tab_id=&#8221;1608643542786-f55b8dff-c38c&#8221;][vc_column_text] \u00cbsht\u00eb n\u00eb pritje p\u00ebr [&hellip;]<\/p>\n","protected":false},"author":1,"featured_media":0,"parent":0,"menu_order":2,"comment_status":"closed","ping_status":"closed","template":"tpl-visual_composer.php","meta":[],"_links":{"self":[{"href":"https:\/\/krct.org\/dokumentimi\/wp-json\/wp\/v2\/pages\/696"}],"collection":[{"href":"https:\/\/krct.org\/dokumentimi\/wp-json\/wp\/v2\/pages"}],"about":[{"href":"https:\/\/krct.org\/dokumentimi\/wp-json\/wp\/v2\/types\/page"}],"author":[{"embeddable":true,"href":"https:\/\/krct.org\/dokumentimi\/wp-json\/wp\/v2\/users\/1"}],"replies":[{"embeddable":true,"href":"https:\/\/krct.org\/dokumentimi\/wp-json\/wp\/v2\/comments?post=696"}],"version-history":[{"count":24,"href":"https:\/\/krct.org\/dokumentimi\/wp-json\/wp\/v2\/pages\/696\/revisions"}],"predecessor-version":[{"id":1253,"href":"https:\/\/krct.org\/dokumentimi\/wp-json\/wp\/v2\/pages\/696\/revisions\/1253"}],"wp:attachment":[{"href":"https:\/\/krct.org\/dokumentimi\/wp-json\/wp\/v2\/media?parent=696"}],"curies":[{"name":"wp","href":"https:\/\/api.w.org\/{rel}","templated":true}]}}